{"id":1214,"date":"2025-02-01T13:42:15","date_gmt":"2025-02-01T16:42:15","guid":{"rendered":"https:\/\/devmarshal.eco.br\/polyclip_novo\/?post_type=product&#038;p=1214"},"modified":"2025-02-14T17:32:54","modified_gmt":"2025-02-14T20:32:54","slug":"fca-90","status":"publish","type":"product","link":"https:\/\/devmarshal.eco.br\/polyclip_novo\/product\/fca-90\/","title":{"rendered":"FCA 90"},"content":{"rendered":"<p><strong>Top and PCS Exclusive Features<\/strong><\/p>\n<p>A estrela indica caracter\u00edsticas que voc\u00ea s\u00f3 encontrar\u00e1 conosco:<\/p>\n<ul>\n<li>Ningu\u00e9m mais o fez:\u00a0<strong>A m\u00e1quina autom\u00e1tica mais r\u00e1pida do mundo para produtos moldados<\/strong><\/li>\n<li>Ningu\u00e9m mais o fez:\u00a0<strong>Lubrifica\u00e7\u00e3o central automatizada<\/strong><\/li>\n<li><strong>La\u00e7os opcionalmente \u00e0 esquerda ou direita<\/strong><\/li>\n<\/ul>\n","protected":false},"excerpt":{"rendered":"<p>Grampeadora dupla autom\u00e1tica<\/p>\n","protected":false},"featured_media":1293,"comment_status":"open","ping_status":"closed","template":"","meta":{"_acf_changed":false,"_links_to":"","_links_to_target":""},"product_brand":[],"product_cat":[26,16],"product_tag":[],"class_list":{"0":"post-1214","1":"product","2":"type-product","3":"status-publish","4":"has-post-thumbnail","6":"product_cat-linguica-e-carne","7":"product_cat-alimentos","9":"first","10":"instock","11":"shipping-taxable","12":"product-type-simple"},"acf":[],"yoast_head":"<!-- This site is optimized with the Yoast SEO plugin v23.4 - https:\/\/yoast.com\/wordpress\/plugins\/seo\/ -->\n<title>FCA 90 - Poly-Clip<\/title>\n<meta name=\"robots\" content=\"noindex, follow, max-snippet:-1, max-image-preview:large, max-video-preview:-1\" \/>\n<meta property=\"og:locale\" content=\"en_US\" \/>\n<meta property=\"og:type\" content=\"article\" \/>\n<meta property=\"og:title\" content=\"FCA 90 - Poly-Clip\" \/>\n<meta property=\"og:description\" content=\"Grampeadora dupla autom\u00e1tica\" \/>\n<meta property=\"og:url\" content=\"https:\/\/devmarshal.eco.br\/polyclip_novo\/product\/fca-90\/\" \/>\n<meta property=\"og:site_name\" content=\"Poly-Clip\" \/>\n<meta property=\"article:publisher\" content=\"https:\/\/www.linkedin.com\/company\/poly-clip-system-brasil\/posts\/?feedView=all\" \/>\n<meta property=\"article:modified_time\" content=\"2025-02-14T20:32:54+00:00\" \/>\n<meta property=\"og:image\" content=\"https:\/\/devmarshal.eco.br\/polyclip_novo\/wp-content\/uploads\/2025\/02\/pcs_fca90_title_pic_master_rgb.webp\" \/>\n\t<meta property=\"og:image:width\" content=\"820\" \/>\n\t<meta property=\"og:image:height\" content=\"752\" \/>\n\t<meta property=\"og:image:type\" content=\"image\/webp\" \/>\n<meta name=\"twitter:card\" content=\"summary_large_image\" \/>\n<meta name=\"twitter:label1\" content=\"Est. reading time\" \/>\n\t<meta name=\"twitter:data1\" content=\"1 minute\" \/>\n<script type=\"application\/ld+json\" class=\"yoast-schema-graph\">{\"@context\":\"https:\/\/schema.org\",\"@graph\":[{\"@type\":\"WebPage\",\"@id\":\"https:\/\/devmarshal.eco.br\/polyclip_novo\/product\/fca-90\/\",\"url\":\"https:\/\/devmarshal.eco.br\/polyclip_novo\/product\/fca-90\/\",\"name\":\"FCA 90 - Poly-Clip\",\"isPartOf\":{\"@id\":\"https:\/\/devmarshal.eco.br\/polyclip_novo\/#website\"},\"primaryImageOfPage\":{\"@id\":\"https:\/\/devmarshal.eco.br\/polyclip_novo\/product\/fca-90\/#primaryimage\"},\"image\":{\"@id\":\"https:\/\/devmarshal.eco.br\/polyclip_novo\/product\/fca-90\/#primaryimage\"},\"thumbnailUrl\":\"https:\/\/devmarshal.eco.br\/polyclip_novo\/wp-content\/uploads\/2025\/02\/pcs_fca90_title_pic_master_rgb.webp\",\"datePublished\":\"2025-02-01T16:42:15+00:00\",\"dateModified\":\"2025-02-14T20:32:54+00:00\",\"breadcrumb\":{\"@id\":\"https:\/\/devmarshal.eco.br\/polyclip_novo\/product\/fca-90\/#breadcrumb\"},\"inLanguage\":\"en-US\",\"potentialAction\":[{\"@type\":\"ReadAction\",\"target\":[\"https:\/\/devmarshal.eco.br\/polyclip_novo\/product\/fca-90\/\"]}]},{\"@type\":\"ImageObject\",\"inLanguage\":\"en-US\",\"@id\":\"https:\/\/devmarshal.eco.br\/polyclip_novo\/product\/fca-90\/#primaryimage\",\"url\":\"https:\/\/devmarshal.eco.br\/polyclip_novo\/wp-content\/uploads\/2025\/02\/pcs_fca90_title_pic_master_rgb.webp\",\"contentUrl\":\"https:\/\/devmarshal.eco.br\/polyclip_novo\/wp-content\/uploads\/2025\/02\/pcs_fca90_title_pic_master_rgb.webp\",\"width\":820,\"height\":752},{\"@type\":\"BreadcrumbList\",\"@id\":\"https:\/\/devmarshal.eco.br\/polyclip_novo\/product\/fca-90\/#breadcrumb\",\"itemListElement\":[{\"@type\":\"ListItem\",\"position\":1,\"name\":\"Home\",\"item\":\"https:\/\/devmarshal.eco.br\/polyclip_novo\/\"},{\"@type\":\"ListItem\",\"position\":2,\"name\":\"Loja\",\"item\":\"https:\/\/devmarshal.eco.br\/polyclip_novo\/loja\/\"},{\"@type\":\"ListItem\",\"position\":3,\"name\":\"FCA 90\"}]},{\"@type\":\"WebSite\",\"@id\":\"https:\/\/devmarshal.eco.br\/polyclip_novo\/#website\",\"url\":\"https:\/\/devmarshal.eco.br\/polyclip_novo\/\",\"name\":\"Poly-Clip\",\"description\":\"\",\"publisher\":{\"@id\":\"https:\/\/devmarshal.eco.br\/polyclip_novo\/#organization\"},\"potentialAction\":[{\"@type\":\"SearchAction\",\"target\":{\"@type\":\"EntryPoint\",\"urlTemplate\":\"https:\/\/devmarshal.eco.br\/polyclip_novo\/?s={search_term_string}\"},\"query-input\":{\"@type\":\"PropertyValueSpecification\",\"valueRequired\":true,\"valueName\":\"search_term_string\"}}],\"inLanguage\":\"en-US\"},{\"@type\":\"Organization\",\"@id\":\"https:\/\/devmarshal.eco.br\/polyclip_novo\/#organization\",\"name\":\"PolyClip\",\"url\":\"https:\/\/devmarshal.eco.br\/polyclip_novo\/\",\"logo\":{\"@type\":\"ImageObject\",\"inLanguage\":\"en-US\",\"@id\":\"https:\/\/devmarshal.eco.br\/polyclip_novo\/#\/schema\/logo\/image\/\",\"url\":\"https:\/\/devmarshal.eco.br\/polyclip_novo\/wp-content\/uploads\/2024\/08\/Logo.webp\",\"contentUrl\":\"https:\/\/devmarshal.eco.br\/polyclip_novo\/wp-content\/uploads\/2024\/08\/Logo.webp\",\"width\":100,\"height\":100,\"caption\":\"PolyClip\"},\"image\":{\"@id\":\"https:\/\/devmarshal.eco.br\/polyclip_novo\/#\/schema\/logo\/image\/\"},\"sameAs\":[\"https:\/\/www.linkedin.com\/company\/poly-clip-system-brasil\/posts\/?feedView=all\",\"https:\/\/www.youtube.com\/channel\/UCzbJVtQjAg0vW-0WDoXVubw\"]}]}<\/script>\n<!-- \/ Yoast SEO plugin. -->","yoast_head_json":{"title":"FCA 90 - Poly-Clip","robots":{"index":"noindex","follow":"follow","max-snippet":"max-snippet:-1","max-image-preview":"max-image-preview:large","max-video-preview":"max-video-preview:-1"},"og_locale":"en_US","og_type":"article","og_title":"FCA 90 - Poly-Clip","og_description":"Grampeadora dupla autom\u00e1tica","og_url":"https:\/\/devmarshal.eco.br\/polyclip_novo\/product\/fca-90\/","og_site_name":"Poly-Clip","article_publisher":"https:\/\/www.linkedin.com\/company\/poly-clip-system-brasil\/posts\/?feedView=all","article_modified_time":"2025-02-14T20:32:54+00:00","og_image":[{"width":820,"height":752,"url":"https:\/\/devmarshal.eco.br\/polyclip_novo\/wp-content\/uploads\/2025\/02\/pcs_fca90_title_pic_master_rgb.webp","type":"image\/webp"}],"twitter_card":"summary_large_image","twitter_misc":{"Est. reading time":"1 minute"},"schema":{"@context":"https:\/\/schema.org","@graph":[{"@type":"WebPage","@id":"https:\/\/devmarshal.eco.br\/polyclip_novo\/product\/fca-90\/","url":"https:\/\/devmarshal.eco.br\/polyclip_novo\/product\/fca-90\/","name":"FCA 90 - Poly-Clip","isPartOf":{"@id":"https:\/\/devmarshal.eco.br\/polyclip_novo\/#website"},"primaryImageOfPage":{"@id":"https:\/\/devmarshal.eco.br\/polyclip_novo\/product\/fca-90\/#primaryimage"},"image":{"@id":"https:\/\/devmarshal.eco.br\/polyclip_novo\/product\/fca-90\/#primaryimage"},"thumbnailUrl":"https:\/\/devmarshal.eco.br\/polyclip_novo\/wp-content\/uploads\/2025\/02\/pcs_fca90_title_pic_master_rgb.webp","datePublished":"2025-02-01T16:42:15+00:00","dateModified":"2025-02-14T20:32:54+00:00","breadcrumb":{"@id":"https:\/\/devmarshal.eco.br\/polyclip_novo\/product\/fca-90\/#breadcrumb"},"inLanguage":"en-US","potentialAction":[{"@type":"ReadAction","target":["https:\/\/devmarshal.eco.br\/polyclip_novo\/product\/fca-90\/"]}]},{"@type":"ImageObject","inLanguage":"en-US","@id":"https:\/\/devmarshal.eco.br\/polyclip_novo\/product\/fca-90\/#primaryimage","url":"https:\/\/devmarshal.eco.br\/polyclip_novo\/wp-content\/uploads\/2025\/02\/pcs_fca90_title_pic_master_rgb.webp","contentUrl":"https:\/\/devmarshal.eco.br\/polyclip_novo\/wp-content\/uploads\/2025\/02\/pcs_fca90_title_pic_master_rgb.webp","width":820,"height":752},{"@type":"BreadcrumbList","@id":"https:\/\/devmarshal.eco.br\/polyclip_novo\/product\/fca-90\/#breadcrumb","itemListElement":[{"@type":"ListItem","position":1,"name":"Home","item":"https:\/\/devmarshal.eco.br\/polyclip_novo\/"},{"@type":"ListItem","position":2,"name":"Loja","item":"https:\/\/devmarshal.eco.br\/polyclip_novo\/loja\/"},{"@type":"ListItem","position":3,"name":"FCA 90"}]},{"@type":"WebSite","@id":"https:\/\/devmarshal.eco.br\/polyclip_novo\/#website","url":"https:\/\/devmarshal.eco.br\/polyclip_novo\/","name":"Poly-Clip","description":"","publisher":{"@id":"https:\/\/devmarshal.eco.br\/polyclip_novo\/#organization"},"potentialAction":[{"@type":"SearchAction","target":{"@type":"EntryPoint","urlTemplate":"https:\/\/devmarshal.eco.br\/polyclip_novo\/?s={search_term_string}"},"query-input":{"@type":"PropertyValueSpecification","valueRequired":true,"valueName":"search_term_string"}}],"inLanguage":"en-US"},{"@type":"Organization","@id":"https:\/\/devmarshal.eco.br\/polyclip_novo\/#organization","name":"PolyClip","url":"https:\/\/devmarshal.eco.br\/polyclip_novo\/","logo":{"@type":"ImageObject","inLanguage":"en-US","@id":"https:\/\/devmarshal.eco.br\/polyclip_novo\/#\/schema\/logo\/image\/","url":"https:\/\/devmarshal.eco.br\/polyclip_novo\/wp-content\/uploads\/2024\/08\/Logo.webp","contentUrl":"https:\/\/devmarshal.eco.br\/polyclip_novo\/wp-content\/uploads\/2024\/08\/Logo.webp","width":100,"height":100,"caption":"PolyClip"},"image":{"@id":"https:\/\/devmarshal.eco.br\/polyclip_novo\/#\/schema\/logo\/image\/"},"sameAs":["https:\/\/www.linkedin.com\/company\/poly-clip-system-brasil\/posts\/?feedView=all","https:\/\/www.youtube.com\/channel\/UCzbJVtQjAg0vW-0WDoXVubw"]}]}},"_links":{"self":[{"href":"https:\/\/devmarshal.eco.br\/polyclip_novo\/wp-json\/wp\/v2\/product\/1214","targetHints":{"allow":["GET"]}}],"collection":[{"href":"https:\/\/devmarshal.eco.br\/polyclip_novo\/wp-json\/wp\/v2\/product"}],"about":[{"href":"https:\/\/devmarshal.eco.br\/polyclip_novo\/wp-json\/wp\/v2\/types\/product"}],"replies":[{"embeddable":true,"href":"https:\/\/devmarshal.eco.br\/polyclip_novo\/wp-json\/wp\/v2\/comments?post=1214"}],"wp:featuredmedia":[{"embeddable":true,"href":"https:\/\/devmarshal.eco.br\/polyclip_novo\/wp-json\/wp\/v2\/media\/1293"}],"wp:attachment":[{"href":"https:\/\/devmarshal.eco.br\/polyclip_novo\/wp-json\/wp\/v2\/media?parent=1214"}],"wp:term":[{"taxonomy":"product_brand","embeddable":true,"href":"https:\/\/devmarshal.eco.br\/polyclip_novo\/wp-json\/wp\/v2\/product_brand?post=1214"},{"taxonomy":"product_cat","embeddable":true,"href":"https:\/\/devmarshal.eco.br\/polyclip_novo\/wp-json\/wp\/v2\/product_cat?post=1214"},{"taxonomy":"product_tag","embeddable":true,"href":"https:\/\/devmarshal.eco.br\/polyclip_novo\/wp-json\/wp\/v2\/product_tag?post=1214"}],"curies":[{"name":"wp","href":"https:\/\/api.w.org\/{rel}","templated":true}]}}