{"id":606,"date":"2024-09-03T21:02:50","date_gmt":"2024-09-04T00:02:50","guid":{"rendered":"https:\/\/devmarshal.eco.br\/polyclip_novo\/?page_id=606"},"modified":"2024-09-05T09:06:36","modified_gmt":"2024-09-05T12:06:36","slug":"contato","status":"publish","type":"page","link":"https:\/\/devmarshal.eco.br\/polyclip_novo\/contato\/","title":{"rendered":"Contato"},"content":{"rendered":"\t\t<div data-elementor-type=\"wp-page\" data-elementor-id=\"606\" class=\"elementor elementor-606\" data-elementor-post-type=\"page\">\n\t\t\t\t<div class=\"elementor-element elementor-element-bf93de6 e-flex e-con-boxed e-con e-parent\" data-id=\"bf93de6\" data-element_type=\"container\" data-settings=\"{&quot;background_background&quot;:&quot;classic&quot;}\">\n\t\t\t\t\t<div class=\"e-con-inner\">\n\t\t<div class=\"elementor-element elementor-element-599e2cb e-con-full e-flex e-con e-child\" data-id=\"599e2cb\" data-element_type=\"container\">\n\t\t\t\t<div class=\"elementor-element elementor-element-6df90b8 elementor-widget elementor-widget-image\" data-id=\"6df90b8\" data-element_type=\"widget\" data-widget_type=\"image.default\">\n\t\t\t\t<div class=\"elementor-widget-container\">\n\t\t\t\t\t\t\t\t\t\t\t\t\t<img fetchpriority=\"high\" decoding=\"async\" width=\"768\" height=\"960\" src=\"https:\/\/devmarshal.eco.br\/polyclip_novo\/wp-content\/uploads\/2024\/09\/poly-product-clips-teaser-768x960-1.webp\" class=\"attachment-large size-large wp-image-639\" alt=\"\" srcset=\"https:\/\/devmarshal.eco.br\/polyclip_novo\/wp-content\/uploads\/2024\/09\/poly-product-clips-teaser-768x960-1.webp 768w, https:\/\/devmarshal.eco.br\/polyclip_novo\/wp-content\/uploads\/2024\/09\/poly-product-clips-teaser-768x960-1-600x750.webp 600w, https:\/\/devmarshal.eco.br\/polyclip_novo\/wp-content\/uploads\/2024\/09\/poly-product-clips-teaser-768x960-1-240x300.webp 240w\" sizes=\"(max-width: 768px) 100vw, 768px\" \/>\t\t\t\t\t\t\t\t\t\t\t\t\t<\/div>\n\t\t\t\t<\/div>\n\t\t\t\t<\/div>\n\t\t<div class=\"elementor-element elementor-element-f58607b e-con-full e-flex e-con e-child\" data-id=\"f58607b\" data-element_type=\"container\">\n\t\t\t\t<div class=\"elementor-element elementor-element-6bf657e elementor-hidden-tablet elementor-hidden-mobile elementor-widget elementor-widget-image\" data-id=\"6bf657e\" data-element_type=\"widget\" data-widget_type=\"image.default\">\n\t\t\t\t<div class=\"elementor-widget-container\">\n\t\t\t\t\t\t\t\t\t\t\t\t\t<img decoding=\"async\" width=\"150\" height=\"150\" src=\"https:\/\/devmarshal.eco.br\/polyclip_novo\/wp-content\/uploads\/2024\/09\/logo_polyclip-150x150.webp\" class=\"attachment-thumbnail size-thumbnail wp-image-640\" alt=\"\" srcset=\"https:\/\/devmarshal.eco.br\/polyclip_novo\/wp-content\/uploads\/2024\/09\/logo_polyclip-150x150.webp 150w, https:\/\/devmarshal.eco.br\/polyclip_novo\/wp-content\/uploads\/2024\/09\/logo_polyclip-100x100.webp 100w, https:\/\/devmarshal.eco.br\/polyclip_novo\/wp-content\/uploads\/2024\/09\/logo_polyclip.webp 200w\" sizes=\"(max-width: 150px) 100vw, 150px\" \/>\t\t\t\t\t\t\t\t\t\t\t\t\t<\/div>\n\t\t\t\t<\/div>\n\t\t\t\t<div class=\"elementor-element elementor-element-1ad4cd5 elementor-widget elementor-widget-heading\" data-id=\"1ad4cd5\" data-element_type=\"widget\" data-widget_type=\"heading.default\">\n\t\t\t\t<div class=\"elementor-widget-container\">\n\t\t\t<style>\/*! elementor - v3.23.0 - 05-08-2024 *\/\n.elementor-heading-title{padding:0;margin:0;line-height:1}.elementor-widget-heading .elementor-heading-title[class*=elementor-size-]>a{color:inherit;font-size:inherit;line-height:inherit}.elementor-widget-heading .elementor-heading-title.elementor-size-small{font-size:15px}.elementor-widget-heading .elementor-heading-title.elementor-size-medium{font-size:19px}.elementor-widget-heading .elementor-heading-title.elementor-size-large{font-size:29px}.elementor-widget-heading .elementor-heading-title.elementor-size-xl{font-size:39px}.elementor-widget-heading .elementor-heading-title.elementor-size-xxl{font-size:59px}<\/style><h2 class=\"elementor-heading-title elementor-size-default\">Onde Estamos<\/h2>\t\t<\/div>\n\t\t\t\t<\/div>\n\t\t\t\t<div class=\"elementor-element elementor-element-48adcab elementor-widget elementor-widget-heading\" data-id=\"48adcab\" data-element_type=\"widget\" data-widget_type=\"heading.default\">\n\t\t\t\t<div class=\"elementor-widget-container\">\n\t\t\t<h2 class=\"elementor-heading-title elementor-size-default\">POLY-CLIP SYSTEM<\/h2>\t\t<\/div>\n\t\t\t\t<\/div>\n\t\t\t\t<div class=\"elementor-element elementor-element-b0b0fdc elementor-widget elementor-widget-text-editor\" data-id=\"b0b0fdc\" data-element_type=\"widget\" data-widget_type=\"text-editor.default\">\n\t\t\t\t<div class=\"elementor-widget-container\">\n\t\t\t<style>\/*! elementor - v3.23.0 - 05-08-2024 *\/\n.elementor-widget-text-editor.elementor-drop-cap-view-stacked .elementor-drop-cap{background-color:#69727d;color:#fff}.elementor-widget-text-editor.elementor-drop-cap-view-framed .elementor-drop-cap{color:#69727d;border:3px solid;background-color:transparent}.elementor-widget-text-editor:not(.elementor-drop-cap-view-default) .elementor-drop-cap{margin-top:8px}.elementor-widget-text-editor:not(.elementor-drop-cap-view-default) .elementor-drop-cap-letter{width:1em;height:1em}.elementor-widget-text-editor .elementor-drop-cap{float:left;text-align:center;line-height:1;font-size:50px}.elementor-widget-text-editor .elementor-drop-cap-letter{display:inline-block}<\/style>\t\t\t\t<p>Rua Dr. Moacir Antonio de Moraes,\u00a0200<\/p><p>Tabo\u00e3o \u2013 Guarulhos \u2013 S\u00e3o Paulo<\/p><p>CEP 07140-285<\/p>\t\t\t\t\t\t<\/div>\n\t\t\t\t<\/div>\n\t\t\t\t<div class=\"elementor-element elementor-element-227bc3b elementor-widget elementor-widget-heading\" data-id=\"227bc3b\" data-element_type=\"widget\" data-widget_type=\"heading.default\">\n\t\t\t\t<div class=\"elementor-widget-container\">\n\t\t\t<h2 class=\"elementor-heading-title elementor-size-default\">Fale conosco agora mesmo:<\/h2>\t\t<\/div>\n\t\t\t\t<\/div>\n\t\t\t\t<div class=\"elementor-element elementor-element-596b939 elementor-widget elementor-widget-heading\" data-id=\"596b939\" data-element_type=\"widget\" data-widget_type=\"heading.default\">\n\t\t\t\t<div class=\"elementor-widget-container\">\n\t\t\t<h2 class=\"elementor-heading-title elementor-size-default\">vendas@polyclip.com.br<\/h2>\t\t<\/div>\n\t\t\t\t<\/div>\n\t\t\t\t<div class=\"elementor-element elementor-element-1608dcd elementor-widget elementor-widget-heading\" data-id=\"1608dcd\" data-element_type=\"widget\" data-widget_type=\"heading.default\">\n\t\t\t\t<div class=\"elementor-widget-container\">\n\t\t\t<h2 class=\"elementor-heading-title elementor-size-default\">+55 11 2404-9633<\/h2>\t\t<\/div>\n\t\t\t\t<\/div>\n\t\t\t\t<\/div>\n\t\t\t\t\t<\/div>\n\t\t\t\t<\/div>\n\t\t<div class=\"elementor-element elementor-element-972b232 e-con-full e-flex e-con e-parent\" data-id=\"972b232\" data-element_type=\"container\">\n\t\t<div class=\"elementor-element elementor-element-39928a9 e-con-full e-flex e-con e-child\" data-id=\"39928a9\" data-element_type=\"container\" data-settings=\"{&quot;background_background&quot;:&quot;classic&quot;}\">\n\t\t\t\t<div class=\"elementor-element elementor-element-5ae4540 elementor-widget elementor-widget-heading\" data-id=\"5ae4540\" data-element_type=\"widget\" data-widget_type=\"heading.default\">\n\t\t\t\t<div class=\"elementor-widget-container\">\n\t\t\t<h2 class=\"elementor-heading-title elementor-size-default\">ATENDIMENTO R\u00c1PIDO<\/h2>\t\t<\/div>\n\t\t\t\t<\/div>\n\t\t\t\t<div class=\"elementor-element elementor-element-d70a0e5 elementor-widget elementor-widget-heading\" data-id=\"d70a0e5\" data-element_type=\"widget\" data-widget_type=\"heading.default\">\n\t\t\t\t<div class=\"elementor-widget-container\">\n\t\t\t<h5 class=\"elementor-heading-title elementor-size-default\">ESTAMOS PRONTOS PARA ATEND\u00ca-LO(A)!<\/h5>\t\t<\/div>\n\t\t\t\t<\/div>\n\t\t\t\t<div class=\"elementor-element elementor-element-8e72c00 elementor-widget elementor-widget-text-editor\" data-id=\"8e72c00\" data-element_type=\"widget\" data-widget_type=\"text-editor.default\">\n\t\t\t\t<div class=\"elementor-widget-container\">\n\t\t\t\t\t\t\t<p><b>Hor\u00e1rio Comercial:<\/b>\u00a007h15 \u00c0s 17h<\/p><p class=\"\"><b>E<\/b>\u2013<b>mail<\/b>: vendas@polyclip.com.br<\/p><p class=\"\"><b>Telefone<\/b>:\u00a055 11 2404-9633<\/p>\t\t\t\t\t\t<\/div>\n\t\t\t\t<\/div>\n\t\t\t\t<\/div>\n\t\t<div class=\"elementor-element elementor-element-ed43ee4 e-con-full e-flex e-con e-child\" data-id=\"ed43ee4\" data-element_type=\"container\">\n\t\t\t\t<div class=\"elementor-element elementor-element-1c098f5 elementor-widget elementor-widget-heading\" data-id=\"1c098f5\" data-element_type=\"widget\" data-widget_type=\"heading.default\">\n\t\t\t\t<div class=\"elementor-widget-container\">\n\t\t\t<h2 class=\"elementor-heading-title elementor-size-default\">contato<\/h2>\t\t<\/div>\n\t\t\t\t<\/div>\n\t\t\t\t<div class=\"elementor-element elementor-element-9f9ac10 elementor-widget elementor-widget-html\" data-id=\"9f9ac10\" data-element_type=\"widget\" data-widget_type=\"html.default\">\n\t\t\t\t<div class=\"elementor-widget-container\">\n\t\t\t<div role=\"main\" id=\"contato-do-site-70f79ce09aebb1b0acd7\"><\/div><script type=\"text\/javascript\" src=\"https:\/\/d335luupugsy2.cloudfront.net\/js\/rdstation-forms\/stable\/rdstation-forms.min.js\"><\/script><script type=\"text\/javascript\"> new RDStationForms('contato-do-site-70f79ce09aebb1b0acd7', 'null').createForm();<\/script>\t\t<\/div>\n\t\t\t\t<\/div>\n\t\t\t\t<\/div>\n\t\t\t\t<\/div>\n\t\t<div class=\"elementor-element elementor-element-623c604 e-con-full e-flex e-con e-parent\" data-id=\"623c604\" data-element_type=\"container\">\n\t\t\t\t<div class=\"elementor-element elementor-element-372862a elementor-widget elementor-widget-google_maps\" data-id=\"372862a\" data-element_type=\"widget\" data-widget_type=\"google_maps.default\">\n\t\t\t\t<div class=\"elementor-widget-container\">\n\t\t\t<style>\/*! elementor - v3.23.0 - 05-08-2024 *\/\n.elementor-widget-google_maps .elementor-widget-container{overflow:hidden}.elementor-widget-google_maps .elementor-custom-embed{line-height:0}.elementor-widget-google_maps iframe{height:300px}<\/style>\t\t<div class=\"elementor-custom-embed\">\n\t\t\t<iframe loading=\"lazy\"\n\t\t\t\t\tsrc=\"https:\/\/maps.google.com\/maps?q=Poly%20Clip&#038;t=m&#038;z=15&#038;output=embed&#038;iwloc=near\"\n\t\t\t\t\ttitle=\"Poly Clip\"\n\t\t\t\t\taria-label=\"Poly Clip\"\n\t\t\t><\/iframe>\n\t\t<\/div>\n\t\t\t\t<\/div>\n\t\t\t\t<\/div>\n\t\t\t\t<\/div>\n\t\t<div class=\"elementor-element elementor-element-083d5d4 e-flex e-con-boxed e-con e-parent\" data-id=\"083d5d4\" data-element_type=\"container\" data-settings=\"{&quot;background_background&quot;:&quot;classic&quot;}\">\n\t\t\t\t\t<div class=\"e-con-inner\">\n\t\t<div class=\"elementor-element elementor-element-bccc67c e-con-full e-flex e-con e-child\" data-id=\"bccc67c\" data-element_type=\"container\">\n\t\t\t\t<div class=\"elementor-element elementor-element-d03710b elementor-align-justify elementor-widget__width-inherit elementor-widget elementor-widget-button\" data-id=\"d03710b\" data-element_type=\"widget\" data-widget_type=\"button.default\">\n\t\t\t\t<div class=\"elementor-widget-container\">\n\t\t\t\t\t<div class=\"elementor-button-wrapper\">\n\t\t\t<a class=\"elementor-button elementor-button-link elementor-size-sm\" href=\"https:\/\/www.itau.com.br\/empresas\/meus-boletos\" target=\"_blank\">\n\t\t\t\t\t\t<span class=\"elementor-button-content-wrapper\">\n\t\t\t\t\t\t<span class=\"elementor-button-icon\">\n\t\t\t\t<svg aria-hidden=\"true\" class=\"e-font-icon-svg e-fas-file-invoice\" viewBox=\"0 0 384 512\" xmlns=\"http:\/\/www.w3.org\/2000\/svg\"><path d=\"M288 256H96v64h192v-64zm89-151L279.1 7c-4.5-4.5-10.6-7-17-7H256v128h128v-6.1c0-6.3-2.5-12.4-7-16.9zm-153 31V0H24C10.7 0 0 10.7 0 24v464c0 13.3 10.7 24 24 24h336c13.3 0 24-10.7 24-24V160H248c-13.2 0-24-10.8-24-24zM64 72c0-4.42 3.58-8 8-8h80c4.42 0 8 3.58 8 8v16c0 4.42-3.58 8-8 8H72c-4.42 0-8-3.58-8-8V72zm0 64c0-4.42 3.58-8 8-8h80c4.42 0 8 3.58 8 8v16c0 4.42-3.58 8-8 8H72c-4.42 0-8-3.58-8-8v-16zm256 304c0 4.42-3.58 8-8 8h-80c-4.42 0-8-3.58-8-8v-16c0-4.42 3.58-8 8-8h80c4.42 0 8 3.58 8 8v16zm0-200v96c0 8.84-7.16 16-16 16H80c-8.84 0-16-7.16-16-16v-96c0-8.84 7.16-16 16-16h224c8.84 0 16 7.16 16 16z\"><\/path><\/svg>\t\t\t<\/span>\n\t\t\t\t\t\t\t\t\t<span class=\"elementor-button-text\">2\u00aa via de Boleto<\/span>\n\t\t\t\t\t<\/span>\n\t\t\t\t\t<\/a>\n\t\t<\/div>\n\t\t\t\t<\/div>\n\t\t\t\t<\/div>\n\t\t\t\t<\/div>\n\t\t<div class=\"elementor-element elementor-element-1450c10 e-con-full e-flex e-con e-child\" data-id=\"1450c10\" data-element_type=\"container\">\n\t\t\t\t<div class=\"elementor-element elementor-element-35b7dd1 elementor-widget elementor-widget-heading\" data-id=\"35b7dd1\" data-element_type=\"widget\" data-widget_type=\"heading.default\">\n\t\t\t\t<div class=\"elementor-widget-container\">\n\t\t\t<h2 class=\"elementor-heading-title elementor-size-default\">Solicite aqui a sua 2\u00aa via de boleto<\/h2>\t\t<\/div>\n\t\t\t\t<\/div>\n\t\t\t\t<\/div>\n\t\t\t\t\t<\/div>\n\t\t\t\t<\/div>\n\t\t\t\t<\/div>\n\t\t","protected":false},"excerpt":{"rendered":"<p>Onde Estamos POLY-CLIP SYSTEM Rua Dr. Moacir Antonio de Moraes,\u00a0200 Tabo\u00e3o \u2013 Guarulhos \u2013 S\u00e3o Paulo CEP 07140-285 Fale conosco agora mesmo: vendas@polyclip.com.br +55 11 2404-9633 ATENDIMENTO R\u00c1PIDO ESTAMOS PRONTOS PARA ATEND\u00ca-LO(A)! Hor\u00e1rio Comercial:\u00a007h15 \u00c0s 17h E\u2013mail: vendas@polyclip.com.br Telefone:\u00a055 11 2404-9633 contato 2\u00aa via de Boleto Solicite aqui a sua 2\u00aa via de boleto<\/p>\n","protected":false},"author":1,"featured_media":0,"parent":0,"menu_order":0,"comment_status":"closed","ping_status":"closed","template":"elementor_header_footer","meta":{"_acf_changed":false,"footnotes":"","_links_to":"","_links_to_target":""},"class_list":["post-606","page","type-page","status-publish","hentry"],"acf":[],"yoast_head":"<!-- This site is optimized with the Yoast SEO plugin v23.4 - https:\/\/yoast.com\/wordpress\/plugins\/seo\/ -->\n<title>Contato Poly-Clip<\/title>\n<meta name=\"description\" content=\"Contato com a Poly-clip, l\u00edder em sistemas de fechamento de embalagens. Solu\u00e7\u00f5es inovadoras e personalizadas para otimizar sua produ\u00e7\u00e3o.\" \/>\n<meta name=\"robots\" content=\"noindex, follow, max-snippet:-1, max-image-preview:large, max-video-preview:-1\" \/>\n<meta property=\"og:locale\" content=\"en_US\" \/>\n<meta property=\"og:type\" content=\"article\" \/>\n<meta property=\"og:title\" content=\"Contato Poly-Clip\" \/>\n<meta property=\"og:description\" content=\"Contato com a Poly-clip, l\u00edder em sistemas de fechamento de embalagens. Solu\u00e7\u00f5es inovadoras e personalizadas para otimizar sua produ\u00e7\u00e3o.\" \/>\n<meta property=\"og:url\" content=\"https:\/\/devmarshal.eco.br\/polyclip_novo\/contato\/\" \/>\n<meta property=\"og:site_name\" content=\"Poly-Clip\" \/>\n<meta property=\"article:publisher\" content=\"https:\/\/www.linkedin.com\/company\/poly-clip-system-brasil\/posts\/?feedView=all\" \/>\n<meta property=\"article:modified_time\" content=\"2024-09-05T12:06:36+00:00\" \/>\n<meta property=\"og:image\" content=\"https:\/\/devmarshal.eco.br\/polyclip_novo\/wp-content\/uploads\/2024\/09\/poly-product-clips-teaser-768x960-1.webp\" \/>\n<meta name=\"twitter:card\" content=\"summary_large_image\" \/>\n<meta name=\"twitter:label1\" content=\"Est. reading time\" \/>\n\t<meta name=\"twitter:data1\" content=\"1 minute\" \/>\n<script type=\"application\/ld+json\" class=\"yoast-schema-graph\">{\"@context\":\"https:\/\/schema.org\",\"@graph\":[{\"@type\":\"WebPage\",\"@id\":\"https:\/\/devmarshal.eco.br\/polyclip_novo\/contato\/\",\"url\":\"https:\/\/devmarshal.eco.br\/polyclip_novo\/contato\/\",\"name\":\"Contato Poly-Clip\",\"isPartOf\":{\"@id\":\"https:\/\/devmarshal.eco.br\/polyclip_novo\/#website\"},\"primaryImageOfPage\":{\"@id\":\"https:\/\/devmarshal.eco.br\/polyclip_novo\/contato\/#primaryimage\"},\"image\":{\"@id\":\"https:\/\/devmarshal.eco.br\/polyclip_novo\/contato\/#primaryimage\"},\"thumbnailUrl\":\"https:\/\/devmarshal.eco.br\/polyclip_novo\/wp-content\/uploads\/2024\/09\/poly-product-clips-teaser-768x960-1.webp\",\"datePublished\":\"2024-09-04T00:02:50+00:00\",\"dateModified\":\"2024-09-05T12:06:36+00:00\",\"description\":\"Contato com a Poly-clip, l\u00edder em sistemas de fechamento de embalagens. Solu\u00e7\u00f5es inovadoras e personalizadas para otimizar sua produ\u00e7\u00e3o.\",\"breadcrumb\":{\"@id\":\"https:\/\/devmarshal.eco.br\/polyclip_novo\/contato\/#breadcrumb\"},\"inLanguage\":\"en-US\",\"potentialAction\":[{\"@type\":\"ReadAction\",\"target\":[\"https:\/\/devmarshal.eco.br\/polyclip_novo\/contato\/\"]}]},{\"@type\":\"ImageObject\",\"inLanguage\":\"en-US\",\"@id\":\"https:\/\/devmarshal.eco.br\/polyclip_novo\/contato\/#primaryimage\",\"url\":\"https:\/\/devmarshal.eco.br\/polyclip_novo\/wp-content\/uploads\/2024\/09\/poly-product-clips-teaser-768x960-1.webp\",\"contentUrl\":\"https:\/\/devmarshal.eco.br\/polyclip_novo\/wp-content\/uploads\/2024\/09\/poly-product-clips-teaser-768x960-1.webp\",\"width\":768,\"height\":960},{\"@type\":\"BreadcrumbList\",\"@id\":\"https:\/\/devmarshal.eco.br\/polyclip_novo\/contato\/#breadcrumb\",\"itemListElement\":[{\"@type\":\"ListItem\",\"position\":1,\"name\":\"Home\",\"item\":\"https:\/\/devmarshal.eco.br\/polyclip_novo\/\"},{\"@type\":\"ListItem\",\"position\":2,\"name\":\"Contato\"}]},{\"@type\":\"WebSite\",\"@id\":\"https:\/\/devmarshal.eco.br\/polyclip_novo\/#website\",\"url\":\"https:\/\/devmarshal.eco.br\/polyclip_novo\/\",\"name\":\"Poly-Clip\",\"description\":\"\",\"publisher\":{\"@id\":\"https:\/\/devmarshal.eco.br\/polyclip_novo\/#organization\"},\"potentialAction\":[{\"@type\":\"SearchAction\",\"target\":{\"@type\":\"EntryPoint\",\"urlTemplate\":\"https:\/\/devmarshal.eco.br\/polyclip_novo\/?s={search_term_string}\"},\"query-input\":{\"@type\":\"PropertyValueSpecification\",\"valueRequired\":true,\"valueName\":\"search_term_string\"}}],\"inLanguage\":\"en-US\"},{\"@type\":\"Organization\",\"@id\":\"https:\/\/devmarshal.eco.br\/polyclip_novo\/#organization\",\"name\":\"PolyClip\",\"url\":\"https:\/\/devmarshal.eco.br\/polyclip_novo\/\",\"logo\":{\"@type\":\"ImageObject\",\"inLanguage\":\"en-US\",\"@id\":\"https:\/\/devmarshal.eco.br\/polyclip_novo\/#\/schema\/logo\/image\/\",\"url\":\"https:\/\/devmarshal.eco.br\/polyclip_novo\/wp-content\/uploads\/2024\/08\/Logo.webp\",\"contentUrl\":\"https:\/\/devmarshal.eco.br\/polyclip_novo\/wp-content\/uploads\/2024\/08\/Logo.webp\",\"width\":100,\"height\":100,\"caption\":\"PolyClip\"},\"image\":{\"@id\":\"https:\/\/devmarshal.eco.br\/polyclip_novo\/#\/schema\/logo\/image\/\"},\"sameAs\":[\"https:\/\/www.linkedin.com\/company\/poly-clip-system-brasil\/posts\/?feedView=all\",\"https:\/\/www.youtube.com\/channel\/UCzbJVtQjAg0vW-0WDoXVubw\"]}]}<\/script>\n<!-- \/ Yoast SEO plugin. -->","yoast_head_json":{"title":"Contato Poly-Clip","description":"Contato com a Poly-clip, l\u00edder em sistemas de fechamento de embalagens. Solu\u00e7\u00f5es inovadoras e personalizadas para otimizar sua produ\u00e7\u00e3o.","robots":{"index":"noindex","follow":"follow","max-snippet":"max-snippet:-1","max-image-preview":"max-image-preview:large","max-video-preview":"max-video-preview:-1"},"og_locale":"en_US","og_type":"article","og_title":"Contato Poly-Clip","og_description":"Contato com a Poly-clip, l\u00edder em sistemas de fechamento de embalagens. Solu\u00e7\u00f5es inovadoras e personalizadas para otimizar sua produ\u00e7\u00e3o.","og_url":"https:\/\/devmarshal.eco.br\/polyclip_novo\/contato\/","og_site_name":"Poly-Clip","article_publisher":"https:\/\/www.linkedin.com\/company\/poly-clip-system-brasil\/posts\/?feedView=all","article_modified_time":"2024-09-05T12:06:36+00:00","og_image":[{"url":"https:\/\/devmarshal.eco.br\/polyclip_novo\/wp-content\/uploads\/2024\/09\/poly-product-clips-teaser-768x960-1.webp"}],"twitter_card":"summary_large_image","twitter_misc":{"Est. reading time":"1 minute"},"schema":{"@context":"https:\/\/schema.org","@graph":[{"@type":"WebPage","@id":"https:\/\/devmarshal.eco.br\/polyclip_novo\/contato\/","url":"https:\/\/devmarshal.eco.br\/polyclip_novo\/contato\/","name":"Contato Poly-Clip","isPartOf":{"@id":"https:\/\/devmarshal.eco.br\/polyclip_novo\/#website"},"primaryImageOfPage":{"@id":"https:\/\/devmarshal.eco.br\/polyclip_novo\/contato\/#primaryimage"},"image":{"@id":"https:\/\/devmarshal.eco.br\/polyclip_novo\/contato\/#primaryimage"},"thumbnailUrl":"https:\/\/devmarshal.eco.br\/polyclip_novo\/wp-content\/uploads\/2024\/09\/poly-product-clips-teaser-768x960-1.webp","datePublished":"2024-09-04T00:02:50+00:00","dateModified":"2024-09-05T12:06:36+00:00","description":"Contato com a Poly-clip, l\u00edder em sistemas de fechamento de embalagens. Solu\u00e7\u00f5es inovadoras e personalizadas para otimizar sua produ\u00e7\u00e3o.","breadcrumb":{"@id":"https:\/\/devmarshal.eco.br\/polyclip_novo\/contato\/#breadcrumb"},"inLanguage":"en-US","potentialAction":[{"@type":"ReadAction","target":["https:\/\/devmarshal.eco.br\/polyclip_novo\/contato\/"]}]},{"@type":"ImageObject","inLanguage":"en-US","@id":"https:\/\/devmarshal.eco.br\/polyclip_novo\/contato\/#primaryimage","url":"https:\/\/devmarshal.eco.br\/polyclip_novo\/wp-content\/uploads\/2024\/09\/poly-product-clips-teaser-768x960-1.webp","contentUrl":"https:\/\/devmarshal.eco.br\/polyclip_novo\/wp-content\/uploads\/2024\/09\/poly-product-clips-teaser-768x960-1.webp","width":768,"height":960},{"@type":"BreadcrumbList","@id":"https:\/\/devmarshal.eco.br\/polyclip_novo\/contato\/#breadcrumb","itemListElement":[{"@type":"ListItem","position":1,"name":"Home","item":"https:\/\/devmarshal.eco.br\/polyclip_novo\/"},{"@type":"ListItem","position":2,"name":"Contato"}]},{"@type":"WebSite","@id":"https:\/\/devmarshal.eco.br\/polyclip_novo\/#website","url":"https:\/\/devmarshal.eco.br\/polyclip_novo\/","name":"Poly-Clip","description":"","publisher":{"@id":"https:\/\/devmarshal.eco.br\/polyclip_novo\/#organization"},"potentialAction":[{"@type":"SearchAction","target":{"@type":"EntryPoint","urlTemplate":"https:\/\/devmarshal.eco.br\/polyclip_novo\/?s={search_term_string}"},"query-input":{"@type":"PropertyValueSpecification","valueRequired":true,"valueName":"search_term_string"}}],"inLanguage":"en-US"},{"@type":"Organization","@id":"https:\/\/devmarshal.eco.br\/polyclip_novo\/#organization","name":"PolyClip","url":"https:\/\/devmarshal.eco.br\/polyclip_novo\/","logo":{"@type":"ImageObject","inLanguage":"en-US","@id":"https:\/\/devmarshal.eco.br\/polyclip_novo\/#\/schema\/logo\/image\/","url":"https:\/\/devmarshal.eco.br\/polyclip_novo\/wp-content\/uploads\/2024\/08\/Logo.webp","contentUrl":"https:\/\/devmarshal.eco.br\/polyclip_novo\/wp-content\/uploads\/2024\/08\/Logo.webp","width":100,"height":100,"caption":"PolyClip"},"image":{"@id":"https:\/\/devmarshal.eco.br\/polyclip_novo\/#\/schema\/logo\/image\/"},"sameAs":["https:\/\/www.linkedin.com\/company\/poly-clip-system-brasil\/posts\/?feedView=all","https:\/\/www.youtube.com\/channel\/UCzbJVtQjAg0vW-0WDoXVubw"]}]}},"_links":{"self":[{"href":"https:\/\/devmarshal.eco.br\/polyclip_novo\/wp-json\/wp\/v2\/pages\/606","targetHints":{"allow":["GET"]}}],"collection":[{"href":"https:\/\/devmarshal.eco.br\/polyclip_novo\/wp-json\/wp\/v2\/pages"}],"about":[{"href":"https:\/\/devmarshal.eco.br\/polyclip_novo\/wp-json\/wp\/v2\/types\/page"}],"author":[{"embeddable":true,"href":"https:\/\/devmarshal.eco.br\/polyclip_novo\/wp-json\/wp\/v2\/users\/1"}],"replies":[{"embeddable":true,"href":"https:\/\/devmarshal.eco.br\/polyclip_novo\/wp-json\/wp\/v2\/comments?post=606"}],"version-history":[{"count":65,"href":"https:\/\/devmarshal.eco.br\/polyclip_novo\/wp-json\/wp\/v2\/pages\/606\/revisions"}],"predecessor-version":[{"id":868,"href":"https:\/\/devmarshal.eco.br\/polyclip_novo\/wp-json\/wp\/v2\/pages\/606\/revisions\/868"}],"wp:attachment":[{"href":"https:\/\/devmarshal.eco.br\/polyclip_novo\/wp-json\/wp\/v2\/media?parent=606"}],"curies":[{"name":"wp","href":"https:\/\/api.w.org\/{rel}","templated":true}]}}