{"id":529,"date":"2015-04-20T11:50:56","date_gmt":"2015-04-20T11:50:56","guid":{"rendered":"http:\/\/welfare.cmsmasters.net\/?page_id=529"},"modified":"2024-11-24T15:12:59","modified_gmt":"2024-11-24T18:12:59","slug":"sobre-nos","status":"publish","type":"page","link":"https:\/\/devmarshal.eco.br\/assist\/sobre-nos\/","title":{"rendered":"Sobre n\u00f3s"},"content":{"rendered":"<div id=\"cmsmasters_row_0b6bd5f67e\" class=\"cmsmasters_row cmsmasters_color_scheme_default cmsmasters_row_top_default cmsmasters_row_bot_default cmsmasters_row_boxed\">\n<div class=\"cmsmasters_row_outer_parent\">\n<div class=\"cmsmasters_row_overlay\"><\/div>\n<div class=\"cmsmasters_row_outer\">\n<div class=\"cmsmasters_row_inner\">\n<div class=\"cmsmasters_row_margin\">\n<div id=\"cmsmasters_column_b6d3203234\" class=\"cmsmasters_column one_first\">\n<div class=\"cmsmasters_column_inner\"><div id=\"cmsmasters_heading_a82262ad0f\" class=\"cmsmasters_heading_wrap cmsmasters_heading_align_left\">\n\t<h1 class=\"cmsmasters_heading\">Quem Somos<\/h1>\n<\/div><div class=\"cmsmasters_text\">\n<p><span style=\"color: #ffffff;\">Transformando o setor de sa\u00fade com compromisso e inova\u00e7\u00e3o. Desde 2015, a Assist Medicina e Sa\u00fade se dedica a oferecer cuidados personalizados e solu\u00e7\u00f5es integradas que elevam o padr\u00e3o de atendimento, promovendo uma sa\u00fade mais acess\u00edvel e eficiente para todos.<\/span><\/p>\n<p>&nbsp;<\/p>\n<\/div>\n<\/div><\/div>\n<\/div>\n<\/div>\n<\/div>\n<\/div>\n<\/div>\n<div id=\"cmsmasters_row_7c1c11db73\" class=\"cmsmasters_row cmsmasters_color_scheme_default cmsmasters_row_top_default cmsmasters_row_bot_default cmsmasters_row_boxed\">\n<div class=\"cmsmasters_row_outer_parent\">\n<div class=\"cmsmasters_row_outer\">\n<div class=\"cmsmasters_row_inner\">\n<div class=\"cmsmasters_row_margin\">\n<div id=\"cmsmasters_column_18105c8427\" class=\"cmsmasters_column one_half\">\n<div class=\"cmsmasters_column_inner\"><div id=\"cmsmasters_heading_ab0b6a8480\" class=\"cmsmasters_heading_wrap cmsmasters_heading_align_left\">\n\t<h3 class=\"cmsmasters_heading\">Sobre n\u00f3s<\/h3>\n<\/div><div id=\"cmsmasters_heading_691a6d0fa6\" class=\"cmsmasters_heading_wrap cmsmasters_heading_align_left\">\n\t<h3 class=\"cmsmasters_heading\">Excel\u00eancia em Sa\u00fade!<\/h3>\n<\/div><div class=\"cmsmasters_text\" data-animation=\"fadeInUp\" data-delay=\"100\">\n<p>Fundada em 2015, a Assist Medicina e Sa\u00fade nasceu de uma vis\u00e3o inovadora no setor da sa\u00fade, buscando revolucionar a maneira como os servi\u00e7os m\u00e9dicos s\u00e3o oferecidos e gerenciados, especialmente dentro do setor p\u00fablico. Com um compromisso inabal\u00e1vel com a excel\u00eancia e a efic\u00e1cia na gest\u00e3o hospitalar, telemedicina, home care e gest\u00e3o de equipes m\u00e9dicas, a empresa se estabeleceu rapidamente como uma refer\u00eancia em qualidade e inova\u00e7\u00e3o.<\/p>\n<p>A Assist Medicina e Sa\u00fade identificou uma necessidade cr\u00edtica de melhorar o acesso e a qualidade dos cuidados de sa\u00fade nas unidades p\u00fablicas, onde os desafios s\u00e3o mais significativos. A empresa foi concebida com o objetivo de atender essa demanda, fornecendo solu\u00e7\u00f5es que n\u00e3o apenas melhoram a efici\u00eancia operacional e a gest\u00e3o dos recursos, mas tamb\u00e9m elevam o padr\u00e3o de cuidado oferecido aos pacientes.<\/p>\n<\/div>\n<\/div><\/div>\n<div id=\"cmsmasters_column_b598bb73ec\" class=\"cmsmasters_column one_half\">\n<div class=\"cmsmasters_column_inner\">\n<div id=\"cmsmasters_divider_d206f554db\" class=\"cl\"><\/div>\n<div id=\"cmsmasters_divider_lhmoc41h49\" class=\"cl\"><\/div>\n<div class=\"cmsmasters_toggles toggles_mode_accordion\">\n<div class=\"cmsmasters_toggle_wrap current_toggle\" data-tags=\"all \">\n<div class=\"cmsmasters_toggle_title\">\n<span class=\"cmsmasters_toggle_plus\">\n<span class=\"cmsmasters_toggle_plus_hor\"><\/span>\n<span class=\"cmsmasters_toggle_plus_vert\"><\/span>\n<\/span>\n<a href=\"#\">MISS\u00c3O<\/a>\n<\/div>\n<div class=\"cmsmasters_toggle\">\n<div class=\"cmsmasters_toggle_inner\">\n<p>Nossa miss\u00e3o \u00e9 transformar o acesso \u00e0 sa\u00fade no setor p\u00fablico, oferecendo servi\u00e7os m\u00e9dicos de alta qualidade e solu\u00e7\u00f5es de gest\u00e3o inovadoras. Nos dedicamos a melhorar a vida dos pacientes, garantindo que recebam os melhores cuidados poss\u00edveis, enquanto apoiamos as unidades de sa\u00fade na otimiza\u00e7\u00e3o de seus processos e na maximiza\u00e7\u00e3o de seus recursos.<\/p>\n<\/div>\n<\/div>\n<\/div><div class=\"cmsmasters_toggle_wrap\" data-tags=\"all \">\n<div class=\"cmsmasters_toggle_title\">\n<span class=\"cmsmasters_toggle_plus\">\n<span class=\"cmsmasters_toggle_plus_hor\"><\/span>\n<span class=\"cmsmasters_toggle_plus_vert\"><\/span>\n<\/span>\n<a href=\"#\">VIS\u00c3O<\/a>\n<\/div>\n<div class=\"cmsmasters_toggle\">\n<div class=\"cmsmasters_toggle_inner\">\n<p>Ser reconhecida como l\u00edder no fornecimento de solu\u00e7\u00f5es de sa\u00fade e gest\u00e3o m\u00e9dica para o setor p\u00fablico, estabelecendo novos padr\u00f5es de excel\u00eancia e inova\u00e7\u00e3o no cuidado ao paciente. Aspiramos a expandir nosso alcance, levando nossos servi\u00e7os a mais comunidades e fazendo a diferen\u00e7a na vida de milh\u00f5es de pessoas.<\/p>\n<\/div>\n<\/div>\n<\/div><div class=\"cmsmasters_toggle_wrap\" data-tags=\"all \">\n<div class=\"cmsmasters_toggle_title\">\n<span class=\"cmsmasters_toggle_plus\">\n<span class=\"cmsmasters_toggle_plus_hor\"><\/span>\n<span class=\"cmsmasters_toggle_plus_vert\"><\/span>\n<\/span>\n<a href=\"#\">VALORES<\/a>\n<\/div>\n<div class=\"cmsmasters_toggle\">\n<div class=\"cmsmasters_toggle_inner\">\n<ul>\n<li><u>Comprometimento com a Excel\u00eancia<br \/>\n<\/u>Buscamos constantemente aperfei\u00e7oar nossos servi\u00e7os e pr\u00e1ticas, garantindo a mais alta qualidade de cuidado aos pacientes.<\/li>\n<li><u>Inova\u00e7\u00e3o<\/u><\/li>\n<li>Estamos na vanguarda da tecnologia em sa\u00fade, oferecendo solu\u00e7\u00f5es modernas e eficientes que atendem \u00e0s necessidades em constante mudan\u00e7a do setor.<\/li>\n<li><u>Integridade<\/u><br \/>\nAgimos com honestidade, transpar\u00eancia e responsabilidade, ganhando a confian\u00e7a de pacientes, profissionais de sa\u00fade e parceiros.<\/li>\n<li><u>Compromisso com o Bem-Estar<br \/>\n<\/u>O cuidado ao paciente \u00e9 o cora\u00e7\u00e3o de tudo o que fazemos. Estamos dedicados a melhorar a sa\u00fade e o bem-estar da comunidade que servimos.<\/li>\n<li><u>Colabora\u00e7\u00e3o<\/u><br \/>\nAcreditamos na for\u00e7a do trabalho em equipe e na colabora\u00e7\u00e3o entre nossos funcion\u00e1rios, parceiros e comunidades para alcan\u00e7ar nossos objetivos comuns.<\/li>\n<\/ul>\n<\/div>\n<\/div>\n<\/div><\/div>\n<\/div><\/div>\n<\/div>\n<\/div>\n<\/div>\n<\/div>\n<\/div>\n<div id=\"cmsmasters_row_370b52f3ca\" class=\"cmsmasters_row cmsmasters_color_scheme_first cmsmasters_row_top_default cmsmasters_row_bot_default cmsmasters_row_fullwidth\" data-stellar-background-ratio=\"0.5\">\n<div class=\"cmsmasters_row_outer_parent\">\n<div class=\"cmsmasters_row_overlay\"><\/div>\n<div class=\"cmsmasters_row_outer\">\n<div class=\"cmsmasters_row_inner cmsmasters_row_fullwidth\">\n<div class=\"cmsmasters_row_margin\">\n<div id=\"cmsmasters_column_5b24c5d6cb\" class=\"cmsmasters_column one_first\">\n<div class=\"cmsmasters_column_inner\"><div id=\"cmsmasters_counters_cdfc35de1c\" class=\"cmsmasters_counters counters_type_vertical\"><div class=\"cmsmasters_counter_wrap one_fifth\">\n<div id=\"cmsmasters_counter_tdb083g86d\" class=\"cmsmasters_counter counter_has_icon\" data-percent=\"100\">\n<div class=\"cmsmasters_counter_inner cmsmasters-icon-thumbs-up-3\">\n<span class=\"cmsmasters_counter_counter_wrap\">\n<span class=\"cmsmasters_counter_prefix\"><\/span><span class=\"cmsmasters_counter_counter\">0<\/span><span class=\"cmsmasters_counter_suffix\">%<\/span>\n<\/span>\n<span class=\"cmsmasters_counter_title\">Qualidade<\/span>\n<\/div>\n<\/div>\n<\/div><div class=\"cmsmasters_counter_wrap one_fifth\">\n<div id=\"cmsmasters_counter_lvdc925ptl\" class=\"cmsmasters_counter counter_has_icon\" data-percent=\"20\">\n<div class=\"cmsmasters_counter_inner cmsmasters-icon-award-alt\">\n<span class=\"cmsmasters_counter_counter_wrap\">\n<span class=\"cmsmasters_counter_prefix\"><\/span><span class=\"cmsmasters_counter_counter\">0<\/span><span class=\"cmsmasters_counter_suffix\"><\/span>\n<\/span>\n<span class=\"cmsmasters_counter_title\">Departamentos de Sa\u00fade<\/span>\n<\/div>\n<\/div>\n<\/div><div class=\"cmsmasters_counter_wrap one_fifth\">\n<div id=\"cmsmasters_counter_ccyu8mokj7\" class=\"cmsmasters_counter counter_has_icon\" data-percent=\"300\">\n<div class=\"cmsmasters_counter_inner cmsmasters-icon-user-group\">\n<span class=\"cmsmasters_counter_counter_wrap\">\n<span class=\"cmsmasters_counter_prefix\"><\/span><span class=\"cmsmasters_counter_counter\">0<\/span><span class=\"cmsmasters_counter_suffix\">+<\/span>\n<\/span>\n<span class=\"cmsmasters_counter_title\">Profissionais Dedicados<\/span>\n<\/div>\n<\/div>\n<\/div><div class=\"cmsmasters_counter_wrap one_fifth\">\n<div id=\"cmsmasters_counter_l1bjgli1u\" class=\"cmsmasters_counter counter_has_icon\" data-percent=\"9\">\n<div class=\"cmsmasters_counter_inner cmsmasters-icon-calendar-3\">\n<span class=\"cmsmasters_counter_counter_wrap\">\n<span class=\"cmsmasters_counter_prefix\"><\/span><span class=\"cmsmasters_counter_counter\">0<\/span><span class=\"cmsmasters_counter_suffix\"><\/span>\n<\/span>\n<span class=\"cmsmasters_counter_title\">Anos de Experi\u00eancia<\/span>\n<\/div>\n<\/div>\n<\/div><div class=\"cmsmasters_counter_wrap one_fifth\">\n<div id=\"cmsmasters_counter_t3q353of1\" class=\"cmsmasters_counter counter_has_icon\" data-percent=\"500\">\n<div class=\"cmsmasters_counter_inner cmsmasters-icon-smile-1\">\n<span class=\"cmsmasters_counter_counter_wrap\">\n<span class=\"cmsmasters_counter_prefix\"><\/span><span class=\"cmsmasters_counter_counter\">0<\/span><span class=\"cmsmasters_counter_suffix\">Mil +<\/span>\n<\/span>\n<span class=\"cmsmasters_counter_title\">Sorrisos Transformados<\/span>\n<\/div>\n<\/div>\n<\/div><\/div>\n<\/div><\/div>\n<\/div>\n<\/div>\n<\/div>\n<\/div>\n<\/div>\n<div id=\"cmsmasters_row_ea4232aad6\" class=\"cmsmasters_row cmsmasters_color_scheme_default cmsmasters_row_top_default cmsmasters_row_bot_default cmsmasters_row_boxed\">\n<div class=\"cmsmasters_row_outer_parent\">\n<div class=\"cmsmasters_row_outer\">\n<div class=\"cmsmasters_row_inner\">\n<div class=\"cmsmasters_row_margin\">\n<div id=\"cmsmasters_column_aeabc8be4c\" class=\"cmsmasters_column one_third\">\n<div class=\"cmsmasters_column_inner\"><div id=\"cmsmasters_heading_1e84050bc8\" class=\"cmsmasters_heading_wrap cmsmasters_heading_align_left\">\n\t<h3 class=\"cmsmasters_heading\">O que nos que torna \u00fanicos<\/h3>\n<\/div><div id=\"cmsmasters_heading_f1389d4ab3\" class=\"cmsmasters_heading_wrap cmsmasters_heading_align_left\">\n\t<h3 class=\"cmsmasters_heading\">Diferenciais<\/h3>\n<\/div><div id=\"cmsmasters_icon_c59ehakt49\" class=\"cmsmasters_icon_wrap\"><span class=\"cmsmasters_simple_icon cmsmasters-icon-custom-5\"><\/span><span class=\"cmsmasters_simple_icon_title\"><\/span><\/div>\n<div id=\"cmsmasters_heading_c38de1dd54\" class=\"cmsmasters_heading_wrap cmsmasters_heading_align_left\" data-animation=\"fadeInUp\" data-delay=\"100\">\n\t<h4 class=\"cmsmasters_heading\">Inova\u00e7\u00e3o em Telemedicina<\/h4>\n<\/div><div class=\"cmsmasters_img  cmsmasters_image_l\" data-animation=\"fadeInUp\" data-delay=\"100\"><img decoding=\"async\" src=\"https:\/\/devmarshal.eco.br\/assist\/wp-content\/uploads\/2015\/04\/1-4.jpg\" \/><\/div>\n<div id=\"cmsmasters_divider_483cc53675\" class=\"cl\"><\/div>\n<div class=\"cmsmasters_text\" data-animation=\"fadeInUp\" data-delay=\"100\">\n<h4><\/h4>\n<p>A Assist Medicina e Sa\u00fade est\u00e1 na vanguarda da implementa\u00e7\u00e3o de servi\u00e7os de telemedicina, permitindo acesso remoto a cuidados m\u00e9dicos de alta qualidade. Isso n\u00e3o apenas aumenta a efici\u00eancia e a conveni\u00eancia para os pacientes, mas tamb\u00e9m expande o alcance dos servi\u00e7os m\u00e9dicos a \u00e1reas menos acess\u00edveis, garantindo que mais pessoas possam receber cuidados de sa\u00fade quando precisam.<\/p>\n<\/div>\n<\/div><\/div>\n<div id=\"cmsmasters_column_8201b901b7\" class=\"cmsmasters_column one_third\">\n<div class=\"cmsmasters_column_inner\">\n<div id=\"cmsmasters_divider_909ca6c862\" class=\"cl\"><\/div>\n<div id=\"cmsmasters_icon_q8urcxs74b\" class=\"cmsmasters_icon_wrap\"><span class=\"cmsmasters_simple_icon cmsmasters-icon-custom-27\"><\/span><span class=\"cmsmasters_simple_icon_title\"><\/span><\/div>\n<div id=\"cmsmasters_heading_ab185bf2ef\" class=\"cmsmasters_heading_wrap cmsmasters_heading_align_left\" data-animation=\"fadeInUp\" data-delay=\"300\">\n\t<h4 class=\"cmsmasters_heading\">Foco no Setor P\u00fablico<\/h4>\n<\/div><div class=\"cmsmasters_img  cmsmasters_image_l\" data-animation=\"fadeInUp\" data-delay=\"300\"><img decoding=\"async\" src=\"https:\/\/devmarshal.eco.br\/assist\/wp-content\/uploads\/2015\/04\/1-4.jpg\" \/><\/div>\n<div id=\"cmsmasters_divider_8a7be9ea10\" class=\"cl\"><\/div>\n<div class=\"cmsmasters_text\" data-animation=\"fadeInUp\" data-delay=\"300\">\n<h4><\/h4>\n<p>Diferentemente de muitos concorrentes que dividem seu foco entre os setores p\u00fablico e privado, a Assist Medicina e Sa\u00fade dedica-se exclusivamente ao setor p\u00fablico. Isso significa que a empresa possui uma compreens\u00e3o profunda das necessidades espec\u00edficas e dos desafios enfrentados por unidades de sa\u00fade p\u00fablicas, permitindo-a oferecer solu\u00e7\u00f5es mais eficazes e personalizadas.<\/p>\n<\/div>\n<\/div><\/div>\n<div id=\"cmsmasters_column_9c54b69789\" class=\"cmsmasters_column one_third\">\n<div class=\"cmsmasters_column_inner\">\n<div id=\"cmsmasters_divider_75d829e8ac\" class=\"cl\"><\/div>\n<div id=\"cmsmasters_icon_67f8v7mssp\" class=\"cmsmasters_icon_wrap\"><span class=\"cmsmasters_simple_icon cmsmasters-icon-custom-28\"><\/span><span class=\"cmsmasters_simple_icon_title\"><\/span><\/div>\n<div id=\"cmsmasters_heading_9a9b857d29\" class=\"cmsmasters_heading_wrap cmsmasters_heading_align_left\" data-animation=\"fadeInUp\" data-delay=\"600\">\n\t<h4 class=\"cmsmasters_heading\">Gest\u00e3o de Equipes M\u00e9dicas<\/h4>\n<\/div><div class=\"cmsmasters_img  cmsmasters_image_l\" data-animation=\"fadeInUp\" data-delay=\"600\"><img decoding=\"async\" src=\"https:\/\/devmarshal.eco.br\/assist\/wp-content\/uploads\/2015\/04\/1-4.jpg\" \/><\/div>\n<div id=\"cmsmasters_divider_f23335b3a6\" class=\"cl\"><\/div>\n<div class=\"cmsmasters_text\" data-animation=\"fadeInUp\" data-delay=\"600\">\n<h4><\/h4>\n<p>A empresa n\u00e3o apenas fornece pessoal m\u00e9dico, mas tamb\u00e9m se especializa na gest\u00e3o de equipes m\u00e9dicas, assegurando que as unidades de sa\u00fade estejam sempre equipadas com profissionais altamente qualificados e bem geridos. Isso melhora significativamente a qualidade do atendimento ao paciente, ao mesmo tempo em que alivia as unidades de sa\u00fade das complexidades associadas \u00e0 gest\u00e3o de recursos humanos.<\/p>\n<\/div>\n<\/div><\/div>\n<\/div>\n<\/div>\n<\/div>\n<\/div>\n<\/div>\n<div id=\"cmsmasters_row_l8q4h6wdll\" class=\"cmsmasters_row cmsmasters_color_scheme_default cmsmasters_row_top_default cmsmasters_row_bot_default cmsmasters_row_boxed\">\n<div class=\"cmsmasters_row_outer_parent\">\n<div class=\"cmsmasters_row_outer\">\n<div class=\"cmsmasters_row_inner\">\n<div class=\"cmsmasters_row_margin\">\n<div id=\"cmsmasters_column_cvlbfa1ov\" class=\"cmsmasters_column one_third\">\n<div class=\"cmsmasters_column_inner\"><div id=\"cmsmasters_icon_b7edmgcbpk\" class=\"cmsmasters_icon_wrap\"><span class=\"cmsmasters_simple_icon cmsmasters-icon-custom-1\"><\/span><span class=\"cmsmasters_simple_icon_title\"><\/span><\/div>\n<div id=\"cmsmasters_heading_b73gsuorio\" class=\"cmsmasters_heading_wrap cmsmasters_heading_align_left\" data-animation=\"fadeInUp\" data-delay=\"100\">\n\t<h4 class=\"cmsmasters_heading\">Compromisso com a Qualidade e o Acesso<\/h4>\n<\/div><div class=\"cmsmasters_img  cmsmasters_image_l\" data-animation=\"fadeInUp\" data-delay=\"100\"><img decoding=\"async\" src=\"https:\/\/devmarshal.eco.br\/assist\/wp-content\/uploads\/2015\/04\/1-4.jpg\" \/><\/div>\n<div id=\"cmsmasters_divider_2t03msmr7q\" class=\"cl\"><\/div>\n<div class=\"cmsmasters_text\" data-animation=\"fadeInUp\" data-delay=\"100\">\n<h4><\/h4>\n<p>A Assist Medicina e Sa\u00fade \u00e9 comprometida em elevar o padr\u00e3o de cuidados de sa\u00fade no setor p\u00fablico, garantindo que os servi\u00e7os sejam n\u00e3o apenas de alta qualidade, mas tamb\u00e9m acess\u00edveis e equitativos. Esse compromisso reflete-se em investimentos cont\u00ednuos em tecnologia, treinamento e desenvolvimento de protocolos de atendimento que priorizam o bem-estar do paciente.<\/p>\n<\/div>\n<\/div><\/div>\n<div id=\"cmsmasters_column_vhjq61c31m\" class=\"cmsmasters_column one_third\">\n<div class=\"cmsmasters_column_inner\"><div id=\"cmsmasters_icon_h5wjwhcre\" class=\"cmsmasters_icon_wrap\"><span class=\"cmsmasters_simple_icon cmsmasters-icon-custom-12\"><\/span><span class=\"cmsmasters_simple_icon_title\"><\/span><\/div>\n<div id=\"cmsmasters_heading_16a04rl19q\" class=\"cmsmasters_heading_wrap cmsmasters_heading_align_left\" data-animation=\"fadeInUp\" data-delay=\"300\">\n\t<h4 class=\"cmsmasters_heading\">Solu\u00e7\u00f5es Integradas de Cuidado ao Paciente<\/h4>\n<\/div><div class=\"cmsmasters_img  cmsmasters_image_l\" data-animation=\"fadeInUp\" data-delay=\"300\"><img decoding=\"async\" src=\"https:\/\/devmarshal.eco.br\/assist\/wp-content\/uploads\/2015\/04\/1-4.jpg\" \/><\/div>\n<div id=\"cmsmasters_divider_rph5zk22po\" class=\"cl\"><\/div>\n<div class=\"cmsmasters_text\" data-animation=\"fadeInUp\" data-delay=\"300\">\n<h4><\/h4>\n<p>Oferecendo uma gama de servi\u00e7os que incluem gest\u00e3o hospitalar, home care e telemedicina, a Assist Medicina e Sa\u00fade proporciona uma abordagem hol\u00edstica ao cuidado do paciente. Isso permite uma continuidade e integra\u00e7\u00e3o de cuidados que n\u00e3o apenas melhora os resultados de sa\u00fade, mas tamb\u00e9m a satisfa\u00e7\u00e3o do paciente e a efici\u00eancia operacional para as unidades de sa\u00fade.<\/p>\n<\/div>\n<\/div><\/div>\n<div id=\"cmsmasters_column_kj1xqfvpv\" class=\"cmsmasters_column one_third\">\n<div class=\"cmsmasters_column_inner\"><div id=\"cmsmasters_icon_jqdk5e778a\" class=\"cmsmasters_icon_wrap\"><span class=\"cmsmasters_simple_icon cmsmasters-icon-custom-23\"><\/span><span class=\"cmsmasters_simple_icon_title\"><\/span><\/div>\n<div id=\"cmsmasters_heading_4uv89finzp\" class=\"cmsmasters_heading_wrap cmsmasters_heading_align_left\" data-animation=\"fadeInUp\" data-delay=\"600\">\n\t<h4 class=\"cmsmasters_heading\">Responsabilidade Social e Comprometimento<\/h4>\n<\/div><div class=\"cmsmasters_img  cmsmasters_image_l\" data-animation=\"fadeInUp\" data-delay=\"600\"><img decoding=\"async\" src=\"https:\/\/devmarshal.eco.br\/assist\/wp-content\/uploads\/2015\/04\/1-4.jpg\" \/><\/div>\n<div id=\"cmsmasters_divider_v47toibehk\" class=\"cl\"><\/div>\n<div class=\"cmsmasters_text\" data-animation=\"fadeInUp\" data-delay=\"600\">\n<h4><\/h4>\n<p>Al\u00e9m de seus servi\u00e7os, a Assist Medicina e Sa\u00fade se destaca por sua dedica\u00e7\u00e3o a projetos de responsabilidade social, trabalhando ativamente para melhorar as condi\u00e7\u00f5es de sa\u00fade nas comunidades carentes. Esse compromisso com o impacto social amplifica seu diferencial, posicionando a empresa como um parceiro valioso no avan\u00e7o da sa\u00fade p\u00fablica.<\/p>\n<\/div>\n<\/div><\/div>\n<\/div>\n<\/div>\n<\/div>\n<\/div>\n<\/div>\n<div id=\"cmsmasters_row_a3889bf150\" class=\"cmsmasters_row cmsmasters_color_scheme_default cmsmasters_row_top_default cmsmasters_row_bot_default cmsmasters_row_fullwidth\">\n<div class=\"cmsmasters_row_outer_parent\">\n<div class=\"cmsmasters_row_outer\">\n<div class=\"cmsmasters_row_inner cmsmasters_row_fullwidth\">\n<div class=\"cmsmasters_row_margin\">\n<div id=\"cmsmasters_column_ecdf7ef555\" class=\"cmsmasters_column one_first\">\n<div class=\"cmsmasters_column_inner\">\n<div id=\"cmsmasters_divider_84e759404b\" class=\"cmsmasters_divider cmsmasters_divider_width_long cmsmasters_divider_pos_center\"><\/div>\n<\/div><\/div>\n<\/div>\n<\/div>\n<\/div>\n<\/div>\n<\/div>\n<div id=\"cmsmasters_row_9ce9017ec8\" class=\"cmsmasters_row cmsmasters_color_scheme_default cmsmasters_row_top_default cmsmasters_row_bot_default cmsmasters_row_boxed\">\n<div class=\"cmsmasters_row_outer_parent\">\n<div class=\"cmsmasters_row_outer\">\n<div class=\"cmsmasters_row_inner\">\n<div class=\"cmsmasters_row_margin\">\n<div id=\"cmsmasters_column_502bdce279\" class=\"cmsmasters_column one_half\">\n<div class=\"cmsmasters_column_inner\"><div id=\"cmsmasters_heading_f299a726a2\" class=\"cmsmasters_heading_wrap cmsmasters_heading_align_left\">\n\t<h1 class=\"cmsmasters_heading\">Cuide da Sua Sa\u00fade com Quem Entende do Assunto<\/h1>\n<\/div>\n<\/div><\/div>\n<div id=\"cmsmasters_column_5cced35c03\" class=\"cmsmasters_column one_half\">\n<div class=\"cmsmasters_column_inner\"><div id=\"cmsmasters_heading_fe3d55e0b9\" class=\"cmsmasters_heading_wrap cmsmasters_heading_align_left\">\n\t<h3 class=\"cmsmasters_heading\">Confie na Assist Medicina e Sa\u00fade para transformar sua experi\u00eancia de cuidado m\u00e9dico. Oferecemos solu\u00e7\u00f5es inovadoras, atendimento humanizado e uma equipe especializada para garantir o seu bem-estar em todas as etapas.<\/h3>\n<\/div>\n<\/div><\/div>\n<\/div>\n<\/div>\n<\/div>\n<\/div>\n<\/div>\n\n","protected":false},"excerpt":{"rendered":"","protected":false},"author":1,"featured_media":0,"parent":0,"menu_order":0,"comment_status":"closed","ping_status":"closed","template":"","meta":{"content-type":"","footnotes":""},"class_list":["post-529","page","type-page","status-publish","hentry"],"_links":{"self":[{"href":"https:\/\/devmarshal.eco.br\/assist\/wp-json\/wp\/v2\/pages\/529","targetHints":{"allow":["GET"]}}],"collection":[{"href":"https:\/\/devmarshal.eco.br\/assist\/wp-json\/wp\/v2\/pages"}],"about":[{"href":"https:\/\/devmarshal.eco.br\/assist\/wp-json\/wp\/v2\/types\/page"}],"author":[{"embeddable":true,"href":"https:\/\/devmarshal.eco.br\/assist\/wp-json\/wp\/v2\/users\/1"}],"replies":[{"embeddable":true,"href":"https:\/\/devmarshal.eco.br\/assist\/wp-json\/wp\/v2\/comments?post=529"}],"version-history":[{"count":33,"href":"https:\/\/devmarshal.eco.br\/assist\/wp-json\/wp\/v2\/pages\/529\/revisions"}],"predecessor-version":[{"id":14144,"href":"https:\/\/devmarshal.eco.br\/assist\/wp-json\/wp\/v2\/pages\/529\/revisions\/14144"}],"wp:attachment":[{"href":"https:\/\/devmarshal.eco.br\/assist\/wp-json\/wp\/v2\/media?parent=529"}],"curies":[{"name":"wp","href":"https:\/\/api.w.org\/{rel}","templated":true}]}}