{"id":12208,"date":"2016-09-12T12:53:29","date_gmt":"2016-09-12T12:53:29","guid":{"rendered":"http:\/\/medical-clinic.cmsmasters.net\/?page_id=12208"},"modified":"2024-11-24T15:16:05","modified_gmt":"2024-11-24T18:16:05","slug":"servicos","status":"publish","type":"page","link":"https:\/\/devmarshal.eco.br\/assist\/servicos\/","title":{"rendered":"Servi\u00e7os"},"content":{"rendered":"<div id=\"cmsmasters_row_5077f74833\" class=\"cmsmasters_row cmsmasters_color_scheme_default cmsmasters_row_top_default cmsmasters_row_bot_default cmsmasters_row_boxed\">\n<div class=\"cmsmasters_row_outer_parent\">\n<div class=\"cmsmasters_row_outer\">\n<div class=\"cmsmasters_row_inner\">\n<div class=\"cmsmasters_row_margin\">\n<div id=\"cmsmasters_column_4d9fbee3b6\" class=\"cmsmasters_column one_first\">\n<div class=\"cmsmasters_column_inner\">\n<div id=\"portfolio_548e666dfd\" class=\"cmsmasters_wrap_portfolio entry-summary\" data-layout=\"grid\" data-layout-mode=\"perfect\" data-url=\"https:\/\/devmarshal.eco.br\/assist\/wp-content\/plugins\/cmsmasters-content-composer\/\" data-orderby=\"date\" data-order=\"DESC\" data-count=\"8\" data-categories=\"masonry-puzzle\" data-metadata=\"title,excerpt,rollover,icon\"><div class=\"portfolio grid large_gap perfect cmsmasters_3\"><!-- Start Project Grid Article -->\r\n<article id=\"post-1596\" class=\"cmsmasters_project_grid post-1596 project type-project status-publish format-standard has-post-thumbnail hentry pj-categs-masonry-puzzle\" data-category=\"masonry-puzzle\">\r\n\t<div class=\"project_outer\">\r\n\t<figure class=\"cmsmasters_img_rollover_wrap preloader\"><img loading=\"lazy\" decoding=\"async\" width=\"580\" height=\"360\" src=\"https:\/\/devmarshal.eco.br\/assist\/wp-content\/uploads\/2024\/11\/mature-woman-checking-in-at-modern-hospital-recept-2024-02-29-21-46-28-utc-580x360.jpg\" class=\"full-width wp-post-image\" alt=\"Gest\u00e3o Hospitalar\" title=\"Mature Woman Checking In at Modern Hospital Reception\" \/><div class=\"cmsmasters_img_rollover\"><a href=\"https:\/\/devmarshal.eco.br\/assist\/project\/gestao-hospitalar\/\" target=\"_blank\" title=\"Gest\u00e3o Hospitalar\" class=\"cmsmasters_open_post_link\"><span class=\"cmsmasters-icon-custom-8\"><\/span><\/a><\/div><\/figure><div class=\"project_inner\"><header class=\"cmsmasters_project_header entry-header\"><h3 class=\"cmsmasters_project_title entry-title\"><a href=\"https:\/\/devmarshal.eco.br\/assist\/project\/gestao-hospitalar\/\" target=\"_blank\">Gest\u00e3o Hospitalar<\/a><\/h3><\/header><div class=\"cmsmasters_project_content entry-content\">\n<p>Este servi\u00e7o abrange uma ampla gama de atividades destinadas a otimizar a efici\u00eancia operacional, a qualidade do atendimento e a sustentabilidade financeira das unidades de sa\u00fade.<\/p>\n<\/div>\n<\/div><span class=\"dn meta-date\">20150506130921<\/span>\t<\/div>\r\n<\/article>\r\n<!-- Finish Project Grid Article -->\r\n\r\n<!-- Start Project Grid Article -->\r\n<article id=\"post-1594\" class=\"cmsmasters_project_grid post-1594 project type-project status-publish format-standard has-post-thumbnail hentry pj-categs-masonry-puzzle\" data-category=\"masonry-puzzle\">\r\n\t<div class=\"project_outer\">\r\n\t<figure class=\"cmsmasters_img_rollover_wrap preloader\"><img loading=\"lazy\" decoding=\"async\" width=\"580\" height=\"360\" src=\"https:\/\/devmarshal.eco.br\/assist\/wp-content\/uploads\/2024\/11\/assist-medicina-e-saude-telemedicina-02-580x360.jpeg\" class=\"full-width wp-post-image\" alt=\"Telemedicina\" title=\"assist-medicina-e-saude-telemedicina-02\" \/><div class=\"cmsmasters_img_rollover\"><a href=\"https:\/\/devmarshal.eco.br\/assist\/project\/laboratory-analysis-2\/\" target=\"_blank\" title=\"Telemedicina\" class=\"cmsmasters_open_post_link\"><span class=\"cmsmasters-icon-custom-5\"><\/span><\/a><\/div><\/figure><div class=\"project_inner\"><header class=\"cmsmasters_project_header entry-header\"><h3 class=\"cmsmasters_project_title entry-title\"><a href=\"https:\/\/devmarshal.eco.br\/assist\/project\/laboratory-analysis-2\/\" target=\"_blank\">Telemedicina<\/a><\/h3><\/header><div class=\"cmsmasters_project_content entry-content\">\n<p>A telemedicina permite consultas m\u00e9dicas remotas, diagn\u00f3sticos e acompanhamentos, utilizando tecnologia de comunica\u00e7\u00e3o.<\/p>\n<\/div>\n<\/div><span class=\"dn meta-date\">20150505130735<\/span>\t<\/div>\r\n<\/article>\r\n<!-- Finish Project Grid Article -->\r\n\r\n<!-- Start Project Grid Article -->\r\n<article id=\"post-1171\" class=\"cmsmasters_project_grid post-1171 project type-project status-publish format-standard has-post-thumbnail hentry pj-categs-masonry-puzzle\" data-category=\"masonry-puzzle\">\r\n\t<div class=\"project_outer\">\r\n\t<figure class=\"cmsmasters_img_rollover_wrap preloader\"><img loading=\"lazy\" decoding=\"async\" width=\"580\" height=\"360\" src=\"https:\/\/devmarshal.eco.br\/assist\/wp-content\/uploads\/2024\/11\/assist-medicina-e-saude-telemedicina-05-580x360.jpeg\" class=\"full-width wp-post-image\" alt=\"Home Care\" title=\"assist-medicina-e-saude-telemedicina-05\" \/><div class=\"cmsmasters_img_rollover\"><a href=\"https:\/\/devmarshal.eco.br\/assist\/project\/homecare\/\" target=\"_blank\" title=\"Home Care\" class=\"cmsmasters_open_post_link\"><span class=\"cmsmasters-icon-custom-23\"><\/span><\/a><\/div><\/figure><div class=\"project_inner\"><header class=\"cmsmasters_project_header entry-header\"><h3 class=\"cmsmasters_project_title entry-title\"><a href=\"https:\/\/devmarshal.eco.br\/assist\/project\/homecare\/\" target=\"_blank\">Home Care<\/a><\/h3><\/header><div class=\"cmsmasters_project_content entry-content\">\n<p>Cuidados domiciliares para pacientes que requerem assist\u00eancia m\u00e9dica ou de enfermagem e, seja por condi\u00e7\u00f5es cr\u00f4nicas, recupera\u00e7\u00e3o p\u00f3s-operat\u00f3ria ou cuidados paliativos.<\/p>\n<\/div>\n<\/div><span class=\"dn meta-date\">20150504143718<\/span>\t<\/div>\r\n<\/article>\r\n<!-- Finish Project Grid Article -->\r\n\r\n<!-- Start Project Grid Article -->\r\n<article id=\"post-1169\" class=\"cmsmasters_project_grid post-1169 project type-project status-publish format-standard has-post-thumbnail hentry pj-categs-masonry-puzzle\" data-category=\"masonry-puzzle\">\r\n\t<div class=\"project_outer\">\r\n\t<figure class=\"cmsmasters_img_rollover_wrap preloader\"><img loading=\"lazy\" decoding=\"async\" width=\"580\" height=\"360\" src=\"https:\/\/devmarshal.eco.br\/assist\/wp-content\/uploads\/2024\/11\/doctor-hospital-team-medical-nurse-health-medicine-2023-11-27-05-24-59-utc-580x360.jpg\" class=\"full-width wp-post-image\" alt=\"Gest\u00e3o de Equipes M\u00e9dicas\" title=\"doctor hospital team medical nurse health medicine teamwork professional healthcare clinic group uniform happy smiling meeting stethoscope\" \/><div class=\"cmsmasters_img_rollover\"><a href=\"https:\/\/devmarshal.eco.br\/assist\/project\/gestao-de-equipes-medicas\/\" target=\"_blank\" title=\"Gest\u00e3o de Equipes M\u00e9dicas\" class=\"cmsmasters_open_post_link\"><span class=\"cmsmasters-icon-custom-28\"><\/span><\/a><\/div><\/figure><div class=\"project_inner\"><header class=\"cmsmasters_project_header entry-header\"><h3 class=\"cmsmasters_project_title entry-title\"><a href=\"https:\/\/devmarshal.eco.br\/assist\/project\/gestao-de-equipes-medicas\/\" target=\"_blank\">Gest\u00e3o de Equipes M\u00e9dicas<\/a><\/h3><\/header><div class=\"cmsmasters_project_content entry-content\">\n<p>Fornecimento e gest\u00e3o de pessoal m\u00e9dico especializado para unidades de sa\u00fade, garantindo que as equipes sejam n\u00e3o apenas altamente qualificadas.<\/p>\n<\/div>\n<\/div><span class=\"dn meta-date\">20150504143636<\/span>\t<\/div>\r\n<\/article>\r\n<!-- Finish Project Grid Article -->\r\n\r\n<!-- Start Project Grid Article -->\r\n<article id=\"post-1167\" class=\"cmsmasters_project_grid post-1167 project type-project status-publish format-standard has-post-thumbnail hentry pj-categs-masonry-puzzle\" data-category=\"masonry-puzzle\">\r\n\t<div class=\"project_outer\">\r\n\t<figure class=\"cmsmasters_img_rollover_wrap preloader\"><img loading=\"lazy\" decoding=\"async\" width=\"580\" height=\"360\" src=\"https:\/\/devmarshal.eco.br\/assist\/wp-content\/uploads\/2024\/11\/assist-medicina-e-saude-telemedicina-04-580x360.jpeg\" class=\"full-width wp-post-image\" alt=\"Consultoria em Sa\u00fade P\u00fablica\" title=\"assist-medicina-e-saude-telemedicina-04\" \/><div class=\"cmsmasters_img_rollover\"><a href=\"https:\/\/devmarshal.eco.br\/assist\/project\/consultoria-em-saude-publica\/\" target=\"_blank\" title=\"Consultoria em Sa\u00fade P\u00fablica\" class=\"cmsmasters_open_post_link\"><span class=\"cmsmasters-icon-custom-27\"><\/span><\/a><\/div><\/figure><div class=\"project_inner\"><header class=\"cmsmasters_project_header entry-header\"><h3 class=\"cmsmasters_project_title entry-title\"><a href=\"https:\/\/devmarshal.eco.br\/assist\/project\/consultoria-em-saude-publica\/\" target=\"_blank\">Consultoria em Sa\u00fade P\u00fablica<\/a><\/h3><\/header><div class=\"cmsmasters_project_content entry-content\">\n<p>Oferecimento de expertise em pol\u00edticas de sa\u00fade, planejamento estrat\u00e9gico e implementa\u00e7\u00e3o de programas de sa\u00fade p\u00fablica.<\/p>\n<\/div>\n<\/div><span class=\"dn meta-date\">20150504143428<\/span>\t<\/div>\r\n<\/article>\r\n<!-- Finish Project Grid Article -->\r\n\r\n<!-- Start Project Grid Article -->\r\n<article id=\"post-14003\" class=\"cmsmasters_project_grid post-14003 project type-project status-publish format-standard has-post-thumbnail hentry pj-categs-masonry-puzzle\" data-category=\"masonry-puzzle\">\r\n\t<div class=\"project_outer\">\r\n\t<figure class=\"cmsmasters_img_rollover_wrap preloader\"><img loading=\"lazy\" decoding=\"async\" width=\"580\" height=\"360\" src=\"https:\/\/devmarshal.eco.br\/assist\/wp-content\/uploads\/2024\/11\/blue-stethoscope-with-telemedicine-concept-2023-11-27-05-07-53-utc-580x360.webp\" class=\"full-width wp-post-image\" alt=\"Tecnologia em Sa\u00fade\" title=\"blue-stethoscope-with-telemedicine-concept-2023-11-27-05-07-53-utc\" \/><div class=\"cmsmasters_img_rollover\"><a href=\"https:\/\/devmarshal.eco.br\/assist\/project\/tecnologia-em-saude\/\" title=\"Tecnologia em Sa\u00fade\" class=\"cmsmasters_open_post_link\"><span class=\"cmsmasters-icon-custom-2\"><\/span><\/a><\/div><\/figure><div class=\"project_inner\"><header class=\"cmsmasters_project_header entry-header\"><h3 class=\"cmsmasters_project_title entry-title\"><a href=\"https:\/\/devmarshal.eco.br\/assist\/project\/tecnologia-em-saude\/\">Tecnologia em Sa\u00fade<\/a><\/h3><\/header><div class=\"cmsmasters_project_content entry-content\">\n<p>Cria\u00e7\u00e3o e implementa\u00e7\u00e3o de solu\u00e7\u00f5es tecnol\u00f3gicas inovadoras, como sistemas de informa\u00e7\u00e3o em sa\u00fade, aplicativos de monitoramento de pacientes e plataformas de gest\u00e3o hospitalar.<\/p>\n<\/div>\n<\/div><span class=\"dn meta-date\">20150503145503<\/span>\t<\/div>\r\n<\/article>\r\n<!-- Finish Project Grid Article -->\r\n\r\n<!-- Start Project Grid Article -->\r\n<article id=\"post-14008\" class=\"cmsmasters_project_grid post-14008 project type-project status-publish format-standard has-post-thumbnail hentry pj-categs-masonry-puzzle\" data-category=\"masonry-puzzle\">\r\n\t<div class=\"project_outer\">\r\n\t<figure class=\"cmsmasters_img_rollover_wrap preloader\"><img loading=\"lazy\" decoding=\"async\" width=\"580\" height=\"360\" src=\"https:\/\/devmarshal.eco.br\/assist\/wp-content\/uploads\/2015\/05\/WhatsApp-Image-2024-11-24-at-13.44.18-580x360.jpeg\" class=\"full-width wp-post-image\" alt=\"Capacita\u00e7\u00e3o e Treinamento Profissional\" title=\"WhatsApp Image 2024-11-24 at 13.44.18\" \/><div class=\"cmsmasters_img_rollover\"><a href=\"https:\/\/devmarshal.eco.br\/assist\/project\/capacitacao-e-treinamento-profissional\/\" title=\"Capacita\u00e7\u00e3o e Treinamento Profissional\" class=\"cmsmasters_open_post_link\"><span class=\"cmsmasters-icon-custom-6\"><\/span><\/a><\/div><\/figure><div class=\"project_inner\"><header class=\"cmsmasters_project_header entry-header\"><h3 class=\"cmsmasters_project_title entry-title\"><a href=\"https:\/\/devmarshal.eco.br\/assist\/project\/capacitacao-e-treinamento-profissional\/\">Capacita\u00e7\u00e3o e Treinamento Profissional<\/a><\/h3><\/header><div class=\"cmsmasters_project_content entry-content\">\n<p>Programas de treinamento e desenvolvimento cont\u00ednuo para profissionais de sa\u00fade, focados em melhorar as compet\u00eancias t\u00e9cnicas, o atendimento ao paciente e a gest\u00e3o de sa\u00fade.<\/p>\n<\/div>\n<\/div><span class=\"dn meta-date\">20150503145031<\/span>\t<\/div>\r\n<\/article>\r\n<!-- Finish Project Grid Article -->\r\n\r\n<!-- Start Project Grid Article -->\r\n<article id=\"post-14012\" class=\"cmsmasters_project_grid post-14012 project type-project status-publish format-standard has-post-thumbnail hentry pj-categs-masonry-puzzle\" data-category=\"masonry-puzzle\">\r\n\t<div class=\"project_outer\">\r\n\t<figure class=\"cmsmasters_img_rollover_wrap preloader\"><img loading=\"lazy\" decoding=\"async\" width=\"580\" height=\"360\" src=\"https:\/\/devmarshal.eco.br\/assist\/wp-content\/uploads\/2015\/11\/doctor-talking-to-patient-at-office-2023-11-27-04-52-13-utc-580x360.webp\" class=\"full-width wp-post-image\" alt=\"Suporte a Projetos de Responsabilidade Social\" title=\"doctor-talking-to-patient-at-office-2023-11-27-04-52-13-utc\" \/><div class=\"cmsmasters_img_rollover\"><a href=\"https:\/\/devmarshal.eco.br\/assist\/project\/suporte-a-projetos-de-responsabilidade-social\/\" title=\"Suporte a Projetos de Responsabilidade Social\" class=\"cmsmasters_open_post_link\"><span class=\"cmsmasters-icon-custom-23\"><\/span><\/a><\/div><\/figure><div class=\"project_inner\"><header class=\"cmsmasters_project_header entry-header\"><h3 class=\"cmsmasters_project_title entry-title\"><a href=\"https:\/\/devmarshal.eco.br\/assist\/project\/suporte-a-projetos-de-responsabilidade-social\/\">Suporte a Projetos de Responsabilidade Social<\/a><\/h3><\/header><div class=\"cmsmasters_project_content entry-content\">\n<p>Iniciativas voltadas para a melhoria da sa\u00fade comunit\u00e1ria, educa\u00e7\u00e3o em sa\u00fade e acessibilidade aos servi\u00e7os m\u00e9dicos para popula\u00e7\u00f5es carentes.<\/p>\n<\/div>\n<\/div><span class=\"dn meta-date\">20150503144728<\/span>\t<\/div>\r\n<\/article>\r\n<!-- Finish Project Grid Article -->\r\n\r\n<\/div><div class=\"cmsmasters_wrap_more_projects cmsmasters_wrap_more_items\"><\/div><\/div>\n<\/div><\/div>\n<\/div>\n<\/div>\n<\/div>\n<\/div>\n<\/div>\n<div id=\"cmsmasters_row_35xvp1ubbk\" class=\"cmsmasters_row cmsmasters_color_scheme_default cmsmasters_row_top_default cmsmasters_row_bot_default cmsmasters_row_fullwidth\">\n<div class=\"cmsmasters_row_outer_parent\">\n<div class=\"cmsmasters_row_outer\">\n<div class=\"cmsmasters_row_inner cmsmasters_row_fullwidth\">\n<div class=\"cmsmasters_row_margin\">\n<div id=\"cmsmasters_column_mplg0oygy\" class=\"cmsmasters_column one_first\">\n<div class=\"cmsmasters_column_inner\"><div id=\"cmsmasters_heading_50duviyzda\" class=\"cmsmasters_heading_wrap cmsmasters_heading_align_left\">\n\t<h2 class=\"cmsmasters_heading\">Telemedicina<\/h2>\n<\/div><div class=\"cmsmasters_toggles toggles_mode_accordion\">\n<div class=\"cmsmasters_toggle_wrap\" data-tags=\"all \">\n<div class=\"cmsmasters_toggle_title\">\n<span class=\"cmsmasters_toggle_plus\">\n<span class=\"cmsmasters_toggle_plus_hor\"><\/span>\n<span class=\"cmsmasters_toggle_plus_vert\"><\/span>\n<\/span>\n<a href=\"#\">Acessibilidade Ampliada<\/a>\n<\/div>\n<div class=\"cmsmasters_toggle\">\n<div class=\"cmsmasters_toggle_inner\">\n<p>A telemedicina da Assist Medicina e Sa\u00fade rompe barreiras geogr\u00e1ficas, permitindo que pacientes em \u00e1reas remotas ou com mobilidade reduzida tenham acesso a consultas m\u00e9dicas de qualidade. Esse servi\u00e7o democratiza o acesso \u00e0 sa\u00fade, garantindo que a dist\u00e2ncia ou a falta de infraestrutura local n\u00e3o impe\u00e7am o atendimento m\u00e9dico necess\u00e1rio.<\/p>\n<\/div>\n<\/div>\n<\/div><div class=\"cmsmasters_toggle_wrap\" data-tags=\"all \">\n<div class=\"cmsmasters_toggle_title\">\n<span class=\"cmsmasters_toggle_plus\">\n<span class=\"cmsmasters_toggle_plus_hor\"><\/span>\n<span class=\"cmsmasters_toggle_plus_vert\"><\/span>\n<\/span>\n<a href=\"#\">Efici\u00eancia e Redu\u00e7\u00e3o de Custos<\/a>\n<\/div>\n<div class=\"cmsmasters_toggle\">\n<div class=\"cmsmasters_toggle_inner\">\n<p>A implementa\u00e7\u00e3o da telemedicina otimiza os recursos do setor p\u00fablico de sa\u00fade, reduzindo custos operacionais e o congestionamento em unidades de sa\u00fade. Consultas remotas diminuem a necessidade de deslocamentos, tanto para pacientes quanto para profissionais de sa\u00fade, e facilitam a gest\u00e3o de agendas, tornando o atendimento mais eficiente.<\/p>\n<\/div>\n<\/div>\n<\/div><div class=\"cmsmasters_toggle_wrap\" data-tags=\"all \">\n<div class=\"cmsmasters_toggle_title\">\n<span class=\"cmsmasters_toggle_plus\">\n<span class=\"cmsmasters_toggle_plus_hor\"><\/span>\n<span class=\"cmsmasters_toggle_plus_vert\"><\/span>\n<\/span>\n<a href=\"#\">Qualidade do Atendimento<\/a>\n<\/div>\n<div class=\"cmsmasters_toggle\">\n<div class=\"cmsmasters_toggle_inner\">\n<p>A Assist Medicina e Sa\u00fade assegura que a telemedicina seja conduzida por profissionais altamente qualificados e treinados para oferecer um atendimento remoto eficaz. A tecnologia de ponta empregada permite diagn\u00f3sticos precisos e um acompanhamento cont\u00ednuo do paciente, assegurando um padr\u00e3o de cuidado equivalente ao presencial.<\/p>\n<\/div>\n<\/div>\n<\/div><div class=\"cmsmasters_toggle_wrap\" data-tags=\"all \">\n<div class=\"cmsmasters_toggle_title\">\n<span class=\"cmsmasters_toggle_plus\">\n<span class=\"cmsmasters_toggle_plus_hor\"><\/span>\n<span class=\"cmsmasters_toggle_plus_vert\"><\/span>\n<\/span>\n<a href=\"#\">Tecnologia de Vanguarda<\/a>\n<\/div>\n<div class=\"cmsmasters_toggle\">\n<div class=\"cmsmasters_toggle_inner\">\n<p>Investindo constantemente em tecnologia, a Assist Medicina e Sa\u00fade utiliza plataformas de telemedicina seguras, confi\u00e1veis e f\u00e1ceis de usar. Essas tecnologias garantem a privacidade e a seguran\u00e7a dos dados dos pacientes, al\u00e9m de oferecerem recursos como a transmiss\u00e3o de imagens m\u00e9dicas de alta qualidade e a integra\u00e7\u00e3o com sistemas de prontu\u00e1rios eletr\u00f4nicos.<\/p>\n<\/div>\n<\/div>\n<\/div><div class=\"cmsmasters_toggle_wrap\" data-tags=\"all \">\n<div class=\"cmsmasters_toggle_title\">\n<span class=\"cmsmasters_toggle_plus\">\n<span class=\"cmsmasters_toggle_plus_hor\"><\/span>\n<span class=\"cmsmasters_toggle_plus_vert\"><\/span>\n<\/span>\n<a href=\"#\">Educa\u00e7\u00e3o e Preven\u00e7\u00e3o<\/a>\n<\/div>\n<div class=\"cmsmasters_toggle\">\n<div class=\"cmsmasters_toggle_inner\">\n<p>Al\u00e9m das consultas, a telemedicina serve como uma ferramenta poderosa para programas de educa\u00e7\u00e3o em sa\u00fade e preven\u00e7\u00e3o de doen\u00e7as. A Assist Medicina e Sa\u00fade utiliza essa plataforma para promover campanhas informativas, workshops online e sess\u00f5es de conscientiza\u00e7\u00e3o sobre temas cruciais \u00e0 sa\u00fade p\u00fablica, contribuindo para uma sociedade mais informada e saud\u00e1vel.<\/p>\n<\/div>\n<\/div>\n<\/div><div class=\"cmsmasters_toggle_wrap\" data-tags=\"all \">\n<div class=\"cmsmasters_toggle_title\">\n<span class=\"cmsmasters_toggle_plus\">\n<span class=\"cmsmasters_toggle_plus_hor\"><\/span>\n<span class=\"cmsmasters_toggle_plus_vert\"><\/span>\n<\/span>\n<a href=\"#\">Personaliza\u00e7\u00e3o do Atendimento<\/a>\n<\/div>\n<div class=\"cmsmasters_toggle\">\n<div class=\"cmsmasters_toggle_inner\">\n<p>A telemedicina permite um atendimento mais personalizado, adaptando-se \u00e0s necessidades individuais de cada paciente. Isso inclui flexibilidade de hor\u00e1rios, acompanhamento p\u00f3s-consulta e planos de tratamento ajustados \u00e0 rotina do paciente, melhorando significativamente a experi\u00eancia e a satisfa\u00e7\u00e3o do usu\u00e1rio.<\/p>\n<\/div>\n<\/div>\n<\/div><div class=\"cmsmasters_toggle_wrap\" data-tags=\"all \">\n<div class=\"cmsmasters_toggle_title\">\n<span class=\"cmsmasters_toggle_plus\">\n<span class=\"cmsmasters_toggle_plus_hor\"><\/span>\n<span class=\"cmsmasters_toggle_plus_vert\"><\/span>\n<\/span>\n<a href=\"#\">Impacto a Longo Prazo<\/a>\n<\/div>\n<div class=\"cmsmasters_toggle\">\n<div class=\"cmsmasters_toggle_inner\">\n<p>O compromisso da Assist Medicina e Sa\u00fade com a telemedicina reflete um entendimento de que o futuro da sa\u00fade envolve uma integra\u00e7\u00e3o cada vez maior entre tecnologia e cuidados m\u00e9dicos. A empresa est\u00e1 posicionada n\u00e3o apenas como provedora de servi\u00e7os, mas como uma for\u00e7a motriz na inova\u00e7\u00e3o e na reforma do sistema de sa\u00fade p\u00fablico.<\/p>\n<\/div>\n<\/div>\n<\/div><\/div>\n<\/div><\/div>\n<\/div>\n<\/div>\n<\/div>\n<\/div>\n<\/div>\n\n","protected":false},"excerpt":{"rendered":"","protected":false},"author":1,"featured_media":0,"parent":0,"menu_order":0,"comment_status":"closed","ping_status":"closed","template":"","meta":{"content-type":"","footnotes":""},"class_list":["post-12208","page","type-page","status-publish","hentry"],"_links":{"self":[{"href":"https:\/\/devmarshal.eco.br\/assist\/wp-json\/wp\/v2\/pages\/12208","targetHints":{"allow":["GET"]}}],"collection":[{"href":"https:\/\/devmarshal.eco.br\/assist\/wp-json\/wp\/v2\/pages"}],"about":[{"href":"https:\/\/devmarshal.eco.br\/assist\/wp-json\/wp\/v2\/types\/page"}],"author":[{"embeddable":true,"href":"https:\/\/devmarshal.eco.br\/assist\/wp-json\/wp\/v2\/users\/1"}],"replies":[{"embeddable":true,"href":"https:\/\/devmarshal.eco.br\/assist\/wp-json\/wp\/v2\/comments?post=12208"}],"version-history":[{"count":14,"href":"https:\/\/devmarshal.eco.br\/assist\/wp-json\/wp\/v2\/pages\/12208\/revisions"}],"predecessor-version":[{"id":14030,"href":"https:\/\/devmarshal.eco.br\/assist\/wp-json\/wp\/v2\/pages\/12208\/revisions\/14030"}],"wp:attachment":[{"href":"https:\/\/devmarshal.eco.br\/assist\/wp-json\/wp\/v2\/media?parent=12208"}],"curies":[{"name":"wp","href":"https:\/\/api.w.org\/{rel}","templated":true}]}}