{"id":11258,"date":"2016-06-13T08:36:18","date_gmt":"2016-06-13T08:36:18","guid":{"rendered":"http:\/\/eco-press.cmsmasters.net\/?page_id=11258"},"modified":"2024-11-17T15:25:17","modified_gmt":"2024-11-17T18:25:17","slug":"blog","status":"publish","type":"page","link":"https:\/\/devmarshal.eco.br\/assist\/blog\/","title":{"rendered":"Blog"},"content":{"rendered":"<div id=\"cmsmasters_row_60be30ec03\" class=\"cmsmasters_row cmsmasters_color_scheme_default cmsmasters_row_top_default cmsmasters_row_bot_default cmsmasters_row_boxed\">\n<div class=\"cmsmasters_row_outer_parent\">\n<div class=\"cmsmasters_row_outer\">\n<div class=\"cmsmasters_row_inner\">\n<div class=\"cmsmasters_row_margin\">\n<div id=\"cmsmasters_column_4a82db11df\" class=\"cmsmasters_column one_first\">\n<div class=\"cmsmasters_column_inner\"><div id=\"blog_2aa4190909\" class=\"cmsmasters_wrap_blog entry-summary\" data-layout=\"columns\" data-layout-mode=\"grid\" data-url=\"https:\/\/devmarshal.eco.br\/assist\/wp-content\/plugins\/cmsmasters-content-composer\/\" data-orderby=\"date\" data-order=\"DESC\" data-count=\"3\" data-categories=\"assist-medicina-e-saude\" data-metadata=\"date,categories,author,comments,likes,more\" data-pagination=\"more\"><div class=\"blog columns grid cmsmasters_3\"><!-- Start Post Masonry Article -->\r\n<article id=\"post-14039\" class=\"cmsmasters_post_masonry post-14039 post type-post status-publish format-standard has-post-thumbnail hentry category-assist-medicina-e-saude\" data-category=\"assist-medicina-e-saude\">\r\n\t<div class=\"cmsmasters_post_cont\">\r\n\t<div class=\"cmsmasters_date_img_wrap\"><figure class=\"cmsmasters_img_wrap\"><a href=\"https:\/\/devmarshal.eco.br\/assist\/revolucionando-o-acesso-a-saude-com-a-telemedicina\/\" title=\"Revolucionando o Acesso \u00e0 Sa\u00fade com a Telemedicina\" class=\"cmsmasters_img_link preloader\"><img loading=\"lazy\" decoding=\"async\" width=\"580\" height=\"400\" src=\"https:\/\/devmarshal.eco.br\/assist\/wp-content\/uploads\/2024\/11\/portrait-of-a-male-doctor-who-works-in-the-office-2024-10-18-08-20-36-utc-580x400.jpg\" class=\"full-width wp-post-image\" alt=\"Revolucionando o Acesso \u00e0 Sa\u00fade com a Telemedicina\" title=\"Portrait of a male doctor who works in the office at the computer\" \/><\/a><\/figure><span class=\"cmsmasters_post_date cmsmasters-icon-calendar-3\"><abbr class=\"published\" title=\"17 de novembro de 2024\"><span class=\"cmsmasters_day_mon\">novembro 17<\/span><span class=\"cmsmasters_year\">, 2024<\/span><\/abbr><abbr class=\"dn date updated\" title=\"24 de novembro de 2024\">24 de novembro de 2024<\/abbr><\/span><\/div><header class=\"cmsmasters_post_header entry-header\"><h4 class=\"cmsmasters_post_title entry-title\"><a href=\"https:\/\/devmarshal.eco.br\/assist\/revolucionando-o-acesso-a-saude-com-a-telemedicina\/\">Revolucionando o Acesso \u00e0 Sa\u00fade com a Telemedicina<\/a><\/h4><\/header><a class=\"cmsmasters_post_read_more\" href=\"https:\/\/devmarshal.eco.br\/assist\/revolucionando-o-acesso-a-saude-com-a-telemedicina\/\">Leia mais<\/a><footer class=\"cmsmasters_post_footer entry-meta\"><span class=\"cmsmasters_post_author\">by <a href=\"https:\/\/devmarshal.eco.br\/assist\/author\/marshal\/\" title=\"Posts by Marshal\" class=\"vcard author\" rel=\"author\"><span class=\"fn\">Marshal<\/span><\/a><\/span><span class=\"cmsmasters_post_category\">In <a href=\"https:\/\/devmarshal.eco.br\/assist\/category\/assist-medicina-e-saude\/\" class=\"cmsmasters_cat_color cmsmasters_cat_63\" rel=\"category tag\">Assist Medicina e Sa\u00fade<\/a><\/span><div class=\"cmsmasters_post_footer_meta_info entry-meta\"><span class=\"cmsmasters_likes cmsmasters_post_likes\"><a href=\"#\" onclick=\"cmsmastersLike(14039, false); return false;\" id=\"cmsmastersLike-14039\" class=\"cmsmastersLike cmsmasters_theme_icon_like\"><span>0 <\/span><\/a><\/span><span class=\"cmsmasters_comments cmsmasters_post_comments\"><a class=\"cmsmasters_theme_icon_comment\" href=\"https:\/\/devmarshal.eco.br\/assist\/revolucionando-o-acesso-a-saude-com-a-telemedicina\/#respond\" title=\"Comment on Revolucionando o Acesso \u00e0 Sa\u00fade com a Telemedicina\"><span>0 <\/span><\/a><\/span><\/div><\/footer>\t<\/div>\r\n<\/article>\r\n<!-- Finish Post Masonry Article -->\r\n\r\n<!-- Start Post Masonry Article -->\r\n<article id=\"post-14036\" class=\"cmsmasters_post_masonry post-14036 post type-post status-publish format-standard has-post-thumbnail hentry category-assist-medicina-e-saude\" data-category=\"assist-medicina-e-saude\">\r\n\t<div class=\"cmsmasters_post_cont\">\r\n\t<div class=\"cmsmasters_date_img_wrap\"><figure class=\"cmsmasters_img_wrap\"><a href=\"https:\/\/devmarshal.eco.br\/assist\/o-futuro-e-agora-como-a-assist-medicina-e-saude-esta-moldando-a-inovacao-na-saude-publica\/\" title=\"O Futuro \u00e9 Agora: Como a Assist Medicina e Sa\u00fade Est\u00e1 Moldando a Inova\u00e7\u00e3o na Sa\u00fade P\u00fablica\" class=\"cmsmasters_img_link preloader\"><img loading=\"lazy\" decoding=\"async\" width=\"580\" height=\"400\" src=\"https:\/\/devmarshal.eco.br\/assist\/wp-content\/uploads\/2024\/11\/fila-sus-posto-saude-580x400.avif\" class=\"full-width wp-post-image\" alt=\"O Futuro \u00e9 Agora: Como a Assist Medicina e Sa\u00fade Est\u00e1 Moldando a Inova\u00e7\u00e3o na Sa\u00fade P\u00fablica\" title=\"fila-sus-posto-saude\" \/><\/a><\/figure><span class=\"cmsmasters_post_date cmsmasters-icon-calendar-3\"><abbr class=\"published\" title=\"17 de novembro de 2024\"><span class=\"cmsmasters_day_mon\">novembro 17<\/span><span class=\"cmsmasters_year\">, 2024<\/span><\/abbr><abbr class=\"dn date updated\" title=\"24 de novembro de 2024\">24 de novembro de 2024<\/abbr><\/span><\/div><header class=\"cmsmasters_post_header entry-header\"><h4 class=\"cmsmasters_post_title entry-title\"><a href=\"https:\/\/devmarshal.eco.br\/assist\/o-futuro-e-agora-como-a-assist-medicina-e-saude-esta-moldando-a-inovacao-na-saude-publica\/\">O Futuro \u00e9 Agora: Como a Assist Medicina e Sa\u00fade Est\u00e1 Moldando a Inova\u00e7\u00e3o na Sa\u00fade P\u00fablica<\/a><\/h4><\/header><a class=\"cmsmasters_post_read_more\" href=\"https:\/\/devmarshal.eco.br\/assist\/o-futuro-e-agora-como-a-assist-medicina-e-saude-esta-moldando-a-inovacao-na-saude-publica\/\">Leia mais<\/a><footer class=\"cmsmasters_post_footer entry-meta\"><span class=\"cmsmasters_post_author\">by <a href=\"https:\/\/devmarshal.eco.br\/assist\/author\/marshal\/\" title=\"Posts by Marshal\" class=\"vcard author\" rel=\"author\"><span class=\"fn\">Marshal<\/span><\/a><\/span><span class=\"cmsmasters_post_category\">In <a href=\"https:\/\/devmarshal.eco.br\/assist\/category\/assist-medicina-e-saude\/\" class=\"cmsmasters_cat_color cmsmasters_cat_63\" rel=\"category tag\">Assist Medicina e Sa\u00fade<\/a><\/span><div class=\"cmsmasters_post_footer_meta_info entry-meta\"><span class=\"cmsmasters_likes cmsmasters_post_likes\"><a href=\"#\" onclick=\"cmsmastersLike(14036, false); return false;\" id=\"cmsmastersLike-14036\" class=\"cmsmastersLike cmsmasters_theme_icon_like\"><span>0 <\/span><\/a><\/span><span class=\"cmsmasters_comments cmsmasters_post_comments\"><a class=\"cmsmasters_theme_icon_comment\" href=\"https:\/\/devmarshal.eco.br\/assist\/o-futuro-e-agora-como-a-assist-medicina-e-saude-esta-moldando-a-inovacao-na-saude-publica\/#respond\" title=\"Comment on O Futuro \u00e9 Agora: Como a Assist Medicina e Sa\u00fade Est\u00e1 Moldando a Inova\u00e7\u00e3o na Sa\u00fade P\u00fablica\"><span>0 <\/span><\/a><\/span><\/div><\/footer>\t<\/div>\r\n<\/article>\r\n<!-- Finish Post Masonry Article -->\r\n\r\n<\/div><div class=\"cmsmasters_wrap_more_posts cmsmasters_wrap_more_items\"><\/div><\/div>\n<\/div><\/div>\n<\/div>\n<\/div>\n<\/div>\n<\/div>\n<\/div>\n\n","protected":false},"excerpt":{"rendered":"","protected":false},"author":1,"featured_media":0,"parent":0,"menu_order":0,"comment_status":"closed","ping_status":"closed","template":"","meta":{"content-type":"","footnotes":""},"class_list":["post-11258","page","type-page","status-publish","hentry"],"_links":{"self":[{"href":"https:\/\/devmarshal.eco.br\/assist\/wp-json\/wp\/v2\/pages\/11258","targetHints":{"allow":["GET"]}}],"collection":[{"href":"https:\/\/devmarshal.eco.br\/assist\/wp-json\/wp\/v2\/pages"}],"about":[{"href":"https:\/\/devmarshal.eco.br\/assist\/wp-json\/wp\/v2\/types\/page"}],"author":[{"embeddable":true,"href":"https:\/\/devmarshal.eco.br\/assist\/wp-json\/wp\/v2\/users\/1"}],"replies":[{"embeddable":true,"href":"https:\/\/devmarshal.eco.br\/assist\/wp-json\/wp\/v2\/comments?post=11258"}],"version-history":[{"count":6,"href":"https:\/\/devmarshal.eco.br\/assist\/wp-json\/wp\/v2\/pages\/11258\/revisions"}],"predecessor-version":[{"id":14042,"href":"https:\/\/devmarshal.eco.br\/assist\/wp-json\/wp\/v2\/pages\/11258\/revisions\/14042"}],"wp:attachment":[{"href":"https:\/\/devmarshal.eco.br\/assist\/wp-json\/wp\/v2\/media?parent=11258"}],"curies":[{"name":"wp","href":"https:\/\/api.w.org\/{rel}","templated":true}]}}