{"id":3431,"date":"2021-07-15T09:55:57","date_gmt":"2021-07-15T12:55:57","guid":{"rendered":"https:\/\/devmarshal.eco.br\/anferteste\/?post_type=product&#038;p=3431"},"modified":"2021-10-19T13:47:35","modified_gmt":"2021-10-19T16:47:35","slug":"chapa-galvanizadas","status":"publish","type":"product","link":"https:\/\/devmarshal.eco.br\/anferteste\/produto\/chapa-galvanizadas\/","title":{"rendered":"Chapas galvanizadas"},"content":{"rendered":"","protected":false},"excerpt":{"rendered":"<p>As chapas galvanizadas s\u00e3o feitas na mistura do a\u00e7o carbono com revestimento em ambas as faces com uma camada de zinco. A zincagem \u00e9 um&hellip;<\/p>\n","protected":false},"featured_media":3432,"template":"","meta":[],"product_cat":[15],"product_tag":[],"class_list":["post-3431","product","type-product","status-publish","has-post-thumbnail","hentry","product_cat-sem-categoria","thumb-no-effect","prod-rating-off"],"_links":{"self":[{"href":"https:\/\/devmarshal.eco.br\/anferteste\/wp-json\/wp\/v2\/product\/3431","targetHints":{"allow":["GET"]}}],"collection":[{"href":"https:\/\/devmarshal.eco.br\/anferteste\/wp-json\/wp\/v2\/product"}],"about":[{"href":"https:\/\/devmarshal.eco.br\/anferteste\/wp-json\/wp\/v2\/types\/product"}],"wp:featuredmedia":[{"embeddable":true,"href":"https:\/\/devmarshal.eco.br\/anferteste\/wp-json\/wp\/v2\/media\/3432"}],"wp:attachment":[{"href":"https:\/\/devmarshal.eco.br\/anferteste\/wp-json\/wp\/v2\/media?parent=3431"}],"wp:term":[{"taxonomy":"product_cat","embeddable":true,"href":"https:\/\/devmarshal.eco.br\/anferteste\/wp-json\/wp\/v2\/product_cat?post=3431"},{"taxonomy":"product_tag","embeddable":true,"href":"https:\/\/devmarshal.eco.br\/anferteste\/wp-json\/wp\/v2\/product_tag?post=3431"}],"curies":[{"name":"wp","href":"https:\/\/api.w.org\/{rel}","templated":true}]}}