{"id":3426,"date":"2021-07-15T09:44:52","date_gmt":"2021-07-15T12:44:52","guid":{"rendered":"https:\/\/devmarshal.eco.br\/anferteste\/?post_type=product&#038;p=3426"},"modified":"2021-10-19T13:45:35","modified_gmt":"2021-10-19T16:45:35","slug":"chapa-fina-a-frio","status":"publish","type":"product","link":"https:\/\/devmarshal.eco.br\/anferteste\/produto\/chapa-fina-a-frio\/","title":{"rendered":"Chapa fina a frio"},"content":{"rendered":"","protected":false},"excerpt":{"rendered":"<p>Largamente empregadas nas ind\u00fastrias de bens de capital atendem a diferentes requisitos e especifica\u00e7\u00f5es de projetos para os mais variados segmentos como hidro energia, \u00f3leo&hellip;<\/p>\n","protected":false},"featured_media":3425,"template":"","meta":[],"product_cat":[116],"product_tag":[],"class_list":["post-3426","product","type-product","status-publish","has-post-thumbnail","hentry","product_cat-chapa-fina-a-frio","thumb-no-effect","prod-rating-off"],"_links":{"self":[{"href":"https:\/\/devmarshal.eco.br\/anferteste\/wp-json\/wp\/v2\/product\/3426","targetHints":{"allow":["GET"]}}],"collection":[{"href":"https:\/\/devmarshal.eco.br\/anferteste\/wp-json\/wp\/v2\/product"}],"about":[{"href":"https:\/\/devmarshal.eco.br\/anferteste\/wp-json\/wp\/v2\/types\/product"}],"wp:featuredmedia":[{"embeddable":true,"href":"https:\/\/devmarshal.eco.br\/anferteste\/wp-json\/wp\/v2\/media\/3425"}],"wp:attachment":[{"href":"https:\/\/devmarshal.eco.br\/anferteste\/wp-json\/wp\/v2\/media?parent=3426"}],"wp:term":[{"taxonomy":"product_cat","embeddable":true,"href":"https:\/\/devmarshal.eco.br\/anferteste\/wp-json\/wp\/v2\/product_cat?post=3426"},{"taxonomy":"product_tag","embeddable":true,"href":"https:\/\/devmarshal.eco.br\/anferteste\/wp-json\/wp\/v2\/product_tag?post=3426"}],"curies":[{"name":"wp","href":"https:\/\/api.w.org\/{rel}","templated":true}]}}