{"id":3421,"date":"2021-07-15T09:40:49","date_gmt":"2021-07-15T12:40:49","guid":{"rendered":"https:\/\/devmarshal.eco.br\/anferteste\/?post_type=product&#038;p=3421"},"modified":"2021-10-19T13:46:36","modified_gmt":"2021-10-19T16:46:36","slug":"chapa-xadrez","status":"publish","type":"product","link":"https:\/\/devmarshal.eco.br\/anferteste\/produto\/chapa-xadrez\/","title":{"rendered":"Chapa Xadrez"},"content":{"rendered":"","protected":false},"excerpt":{"rendered":"<p>Largamente empregadas nas ind\u00fastrias de bens de capital atendem a diferentes requisitos e especifica\u00e7\u00f5es de projetos para os mais variados segmentos como hidro energia, \u00f3leo&hellip;<\/p>\n","protected":false},"featured_media":3439,"template":"","meta":[],"product_cat":[118],"product_tag":[],"class_list":["post-3421","product","type-product","status-publish","has-post-thumbnail","hentry","product_cat-chapa-xadrez","thumb-no-effect","prod-rating-off"],"_links":{"self":[{"href":"https:\/\/devmarshal.eco.br\/anferteste\/wp-json\/wp\/v2\/product\/3421","targetHints":{"allow":["GET"]}}],"collection":[{"href":"https:\/\/devmarshal.eco.br\/anferteste\/wp-json\/wp\/v2\/product"}],"about":[{"href":"https:\/\/devmarshal.eco.br\/anferteste\/wp-json\/wp\/v2\/types\/product"}],"wp:featuredmedia":[{"embeddable":true,"href":"https:\/\/devmarshal.eco.br\/anferteste\/wp-json\/wp\/v2\/media\/3439"}],"wp:attachment":[{"href":"https:\/\/devmarshal.eco.br\/anferteste\/wp-json\/wp\/v2\/media?parent=3421"}],"wp:term":[{"taxonomy":"product_cat","embeddable":true,"href":"https:\/\/devmarshal.eco.br\/anferteste\/wp-json\/wp\/v2\/product_cat?post=3421"},{"taxonomy":"product_tag","embeddable":true,"href":"https:\/\/devmarshal.eco.br\/anferteste\/wp-json\/wp\/v2\/product_tag?post=3421"}],"curies":[{"name":"wp","href":"https:\/\/api.w.org\/{rel}","templated":true}]}}