{"id":3419,"date":"2021-07-15T09:37:00","date_gmt":"2021-07-15T12:37:00","guid":{"rendered":"https:\/\/devmarshal.eco.br\/anferteste\/?post_type=product&#038;p=3419"},"modified":"2021-10-19T13:41:51","modified_gmt":"2021-10-19T16:41:51","slug":"acessorios","status":"publish","type":"product","link":"https:\/\/devmarshal.eco.br\/anferteste\/produto\/acessorios\/","title":{"rendered":"Acess\u00f3rios"},"content":{"rendered":"","protected":false},"excerpt":{"rendered":"<p>Fechaduras Discos Eletrodos Roldanas Lan\u00e7a para Muro Mola para Porta Trincos L\u00e2minas Vidro para M\u00e1scara de Solda Ferrolho Gonzo Zarc\u00e3o Thinner Fundo Acabamento E muito&hellip;<\/p>\n","protected":false},"featured_media":3420,"template":"","meta":[],"product_cat":[113],"product_tag":[],"class_list":["post-3419","product","type-product","status-publish","has-post-thumbnail","hentry","product_cat-acessorios","thumb-no-effect","prod-rating-off"],"_links":{"self":[{"href":"https:\/\/devmarshal.eco.br\/anferteste\/wp-json\/wp\/v2\/product\/3419","targetHints":{"allow":["GET"]}}],"collection":[{"href":"https:\/\/devmarshal.eco.br\/anferteste\/wp-json\/wp\/v2\/product"}],"about":[{"href":"https:\/\/devmarshal.eco.br\/anferteste\/wp-json\/wp\/v2\/types\/product"}],"wp:featuredmedia":[{"embeddable":true,"href":"https:\/\/devmarshal.eco.br\/anferteste\/wp-json\/wp\/v2\/media\/3420"}],"wp:attachment":[{"href":"https:\/\/devmarshal.eco.br\/anferteste\/wp-json\/wp\/v2\/media?parent=3419"}],"wp:term":[{"taxonomy":"product_cat","embeddable":true,"href":"https:\/\/devmarshal.eco.br\/anferteste\/wp-json\/wp\/v2\/product_cat?post=3419"},{"taxonomy":"product_tag","embeddable":true,"href":"https:\/\/devmarshal.eco.br\/anferteste\/wp-json\/wp\/v2\/product_tag?post=3419"}],"curies":[{"name":"wp","href":"https:\/\/api.w.org\/{rel}","templated":true}]}}