{"id":3413,"date":"2021-07-14T14:47:11","date_gmt":"2021-07-14T17:47:11","guid":{"rendered":"https:\/\/devmarshal.eco.br\/anferteste\/?post_type=product&#038;p=3413"},"modified":"2021-10-19T13:48:56","modified_gmt":"2021-10-19T16:48:56","slug":"tubos","status":"publish","type":"product","link":"https:\/\/devmarshal.eco.br\/anferteste\/produto\/tubos\/","title":{"rendered":"Tubos"},"content":{"rendered":"","protected":false},"excerpt":{"rendered":"<p>Os tubos industriais Quadrados, tamb\u00e9m conhecidos como tubos metalon s\u00e3o tubos com caracter\u00edsticas e formatos que atendem diversos segmentos. Na maioria das vezes eles s\u00e3o&hellip;<\/p>\n","protected":false},"featured_media":3414,"template":"","meta":[],"product_cat":[111],"product_tag":[],"class_list":["post-3413","product","type-product","status-publish","has-post-thumbnail","hentry","product_cat-tubos","thumb-no-effect","prod-rating-off"],"_links":{"self":[{"href":"https:\/\/devmarshal.eco.br\/anferteste\/wp-json\/wp\/v2\/product\/3413","targetHints":{"allow":["GET"]}}],"collection":[{"href":"https:\/\/devmarshal.eco.br\/anferteste\/wp-json\/wp\/v2\/product"}],"about":[{"href":"https:\/\/devmarshal.eco.br\/anferteste\/wp-json\/wp\/v2\/types\/product"}],"wp:featuredmedia":[{"embeddable":true,"href":"https:\/\/devmarshal.eco.br\/anferteste\/wp-json\/wp\/v2\/media\/3414"}],"wp:attachment":[{"href":"https:\/\/devmarshal.eco.br\/anferteste\/wp-json\/wp\/v2\/media?parent=3413"}],"wp:term":[{"taxonomy":"product_cat","embeddable":true,"href":"https:\/\/devmarshal.eco.br\/anferteste\/wp-json\/wp\/v2\/product_cat?post=3413"},{"taxonomy":"product_tag","embeddable":true,"href":"https:\/\/devmarshal.eco.br\/anferteste\/wp-json\/wp\/v2\/product_tag?post=3413"}],"curies":[{"name":"wp","href":"https:\/\/api.w.org\/{rel}","templated":true}]}}