{"id":3411,"date":"2021-07-14T14:44:56","date_gmt":"2021-07-14T17:44:56","guid":{"rendered":"https:\/\/devmarshal.eco.br\/anferteste\/?post_type=product&#038;p=3411"},"modified":"2021-10-21T08:50:57","modified_gmt":"2021-10-21T11:50:57","slug":"cantoneira","status":"publish","type":"product","link":"https:\/\/devmarshal.eco.br\/anferteste\/produto\/cantoneira\/","title":{"rendered":"Cantoneiras"},"content":{"rendered":"","protected":false},"excerpt":{"rendered":"<p>A utiliza\u00e7\u00e3o das Cantoneiras de A\u00e7o aumenta a produtividade e reduz custos. Devido \u00e0 grande quantidade de bitolas existentes, as Cantoneiras De A\u00e7o proporcionam flexibilidade&hellip;<\/p>\n","protected":false},"featured_media":3412,"template":"","meta":[],"product_cat":[110],"product_tag":[],"class_list":["post-3411","product","type-product","status-publish","has-post-thumbnail","hentry","product_cat-cantoneira","thumb-no-effect","prod-rating-off"],"_links":{"self":[{"href":"https:\/\/devmarshal.eco.br\/anferteste\/wp-json\/wp\/v2\/product\/3411","targetHints":{"allow":["GET"]}}],"collection":[{"href":"https:\/\/devmarshal.eco.br\/anferteste\/wp-json\/wp\/v2\/product"}],"about":[{"href":"https:\/\/devmarshal.eco.br\/anferteste\/wp-json\/wp\/v2\/types\/product"}],"wp:featuredmedia":[{"embeddable":true,"href":"https:\/\/devmarshal.eco.br\/anferteste\/wp-json\/wp\/v2\/media\/3412"}],"wp:attachment":[{"href":"https:\/\/devmarshal.eco.br\/anferteste\/wp-json\/wp\/v2\/media?parent=3411"}],"wp:term":[{"taxonomy":"product_cat","embeddable":true,"href":"https:\/\/devmarshal.eco.br\/anferteste\/wp-json\/wp\/v2\/product_cat?post=3411"},{"taxonomy":"product_tag","embeddable":true,"href":"https:\/\/devmarshal.eco.br\/anferteste\/wp-json\/wp\/v2\/product_tag?post=3411"}],"curies":[{"name":"wp","href":"https:\/\/api.w.org\/{rel}","templated":true}]}}