{"id":3409,"date":"2021-07-14T14:41:25","date_gmt":"2021-07-14T17:41:25","guid":{"rendered":"https:\/\/devmarshal.eco.br\/anferteste\/?post_type=product&#038;p=3409"},"modified":"2021-10-19T13:48:04","modified_gmt":"2021-10-19T16:48:04","slug":"telhas","status":"publish","type":"product","link":"https:\/\/devmarshal.eco.br\/anferteste\/produto\/telhas\/","title":{"rendered":"Telhas"},"content":{"rendered":"","protected":false},"excerpt":{"rendered":"<p>As telhas termoac\u00fasticas s\u00e3o perfeitas para projetos que exigem \u00f3timo acabamento com isolamento t\u00e9rmico e ac\u00fastico, Composta por duas telhas trapezoidais formando um \u201csandu\u00edche\u201d com&hellip;<\/p>\n","protected":false},"featured_media":3410,"template":"","meta":[],"product_cat":[109],"product_tag":[],"class_list":["post-3409","product","type-product","status-publish","has-post-thumbnail","hentry","product_cat-telhas","thumb-no-effect","prod-rating-off"],"_links":{"self":[{"href":"https:\/\/devmarshal.eco.br\/anferteste\/wp-json\/wp\/v2\/product\/3409","targetHints":{"allow":["GET"]}}],"collection":[{"href":"https:\/\/devmarshal.eco.br\/anferteste\/wp-json\/wp\/v2\/product"}],"about":[{"href":"https:\/\/devmarshal.eco.br\/anferteste\/wp-json\/wp\/v2\/types\/product"}],"wp:featuredmedia":[{"embeddable":true,"href":"https:\/\/devmarshal.eco.br\/anferteste\/wp-json\/wp\/v2\/media\/3410"}],"wp:attachment":[{"href":"https:\/\/devmarshal.eco.br\/anferteste\/wp-json\/wp\/v2\/media?parent=3409"}],"wp:term":[{"taxonomy":"product_cat","embeddable":true,"href":"https:\/\/devmarshal.eco.br\/anferteste\/wp-json\/wp\/v2\/product_cat?post=3409"},{"taxonomy":"product_tag","embeddable":true,"href":"https:\/\/devmarshal.eco.br\/anferteste\/wp-json\/wp\/v2\/product_tag?post=3409"}],"curies":[{"name":"wp","href":"https:\/\/api.w.org\/{rel}","templated":true}]}}