{"id":3361,"date":"2021-07-14T11:34:03","date_gmt":"2021-07-14T14:34:03","guid":{"rendered":"https:\/\/devmarshal.eco.br\/anferteste\/?post_type=product&#038;p=3361"},"modified":"2021-10-19T13:49:06","modified_gmt":"2021-10-19T16:49:06","slug":"vigas","status":"publish","type":"product","link":"https:\/\/devmarshal.eco.br\/anferteste\/produto\/vigas\/","title":{"rendered":"Vigas"},"content":{"rendered":"","protected":false},"excerpt":{"rendered":"<p>As Vigas de A\u00e7o para Constru\u00e7\u00e3o contam com muitos tipos e tamanhos. Podem ser em \u201cI\u201d, \u201cW\u201d,\u201d U\u201d, \u201cH\u201d, \u201cL\u201d, galvanizadas e etc.. Os tipos&hellip;<\/p>\n","protected":false},"featured_media":3405,"template":"","meta":[],"product_cat":[102],"product_tag":[],"class_list":["post-3361","product","type-product","status-publish","has-post-thumbnail","hentry","product_cat-vigas","thumb-no-effect","prod-rating-off"],"_links":{"self":[{"href":"https:\/\/devmarshal.eco.br\/anferteste\/wp-json\/wp\/v2\/product\/3361","targetHints":{"allow":["GET"]}}],"collection":[{"href":"https:\/\/devmarshal.eco.br\/anferteste\/wp-json\/wp\/v2\/product"}],"about":[{"href":"https:\/\/devmarshal.eco.br\/anferteste\/wp-json\/wp\/v2\/types\/product"}],"wp:featuredmedia":[{"embeddable":true,"href":"https:\/\/devmarshal.eco.br\/anferteste\/wp-json\/wp\/v2\/media\/3405"}],"wp:attachment":[{"href":"https:\/\/devmarshal.eco.br\/anferteste\/wp-json\/wp\/v2\/media?parent=3361"}],"wp:term":[{"taxonomy":"product_cat","embeddable":true,"href":"https:\/\/devmarshal.eco.br\/anferteste\/wp-json\/wp\/v2\/product_cat?post=3361"},{"taxonomy":"product_tag","embeddable":true,"href":"https:\/\/devmarshal.eco.br\/anferteste\/wp-json\/wp\/v2\/product_tag?post=3361"}],"curies":[{"name":"wp","href":"https:\/\/api.w.org\/{rel}","templated":true}]}}