{"id":3339,"date":"2021-07-13T15:03:43","date_gmt":"2021-07-13T18:03:43","guid":{"rendered":"https:\/\/devmarshal.eco.br\/anferteste\/?page_id=3339"},"modified":"2022-01-12T08:12:00","modified_gmt":"2022-01-12T11:12:00","slug":"telhas-galvanizadas","status":"publish","type":"page","link":"https:\/\/devmarshal.eco.br\/anferteste\/telhas-galvanizadas\/","title":{"rendered":"Telhas galvanizadas"},"content":{"rendered":"<p>[vc_row][vc_column width=&#8221;1\/2&#8243;][vc_column_text]<\/p>\n<h1 style=\"text-align: center;\">\u00a0 <span style=\"color: #003366;\">Telhas galvanizadas<\/span><\/h1>\n<p>[\/vc_column_text]<div id=\"la_heading_69e4b7997529a\" class=\"la-headings text-center\"><div class=\"js-el subheading-tag la-unit-responsive\" style=\"color:#000000\" ><div id=\"la_heading_60edd542c1855\" class=\"la-headings text-center spacer-position-middle animated fadeInLeftBig\" data-element-loaded=\"true\">\n<div class=\"js-el subheading-tag la-unit-responsive\" data-la_component=\"UnitResponsive\" data-el_target=\"#la_heading_60edd542c1855 .subheading-tag\" data-el_media_sizes=\"{&quot;font-size&quot;:&quot;lg:16px;&quot;,&quot;line-height&quot;:&quot;&quot;}\">\n<p style=\"text-align: left;\">As telhas galvanizadas\/galvalume s\u00e3o r\u00e1pidas de serem instaladas, pois o material \u00e9 mais leve, minimiza os problemas na montagem, sem desperd\u00edcios.<\/p>\n<p style=\"text-align: left;\">A zincagem das telhas galvanizadas\/galvalume \u00e9 um dos processos mais efetivos e econ\u00f4micos empregados para proteger o a\u00e7o contra a corros\u00e3o atmosf\u00e9rica.<\/p>\n<p style=\"text-align: left;\">Produzimos telhas sob medida no Trap\u00e9zio 40, ideal para cobertura e trap\u00e9zio 25 que al\u00e9m de ser usada em cobertura pode ser aplicada em fechamentos laterais e Tapumes de Obra.<\/p>\n<p>&nbsp;<\/p>\n<\/div>\n<\/div>\n<div id=\"la_heading_60edd542c235c\" class=\"la-headings text-center spacer-position-middle animated fadeInLeftBig\" data-element-loaded=\"true\">\n<h1 class=\"js-el heading-tag la-unit-responsive\" style=\"text-align: center;\" data-la_component=\"UnitResponsive\" data-el_target=\"#la_heading_60edd542c235c .heading-tag\" data-el_media_sizes=\"{&quot;font-size&quot;:&quot;lg:30px;&quot;,&quot;line-height&quot;:&quot;&quot;}\"><strong><span style=\"color: #003366;\">Telhas Termoac\u00fasticas<\/span><\/strong><\/h1>\n<div class=\"js-el subheading-tag la-unit-responsive\" data-la_component=\"UnitResponsive\" data-el_target=\"#la_heading_60edd542c235c .subheading-tag\" data-el_media_sizes=\"{&quot;font-size&quot;:&quot;lg:16px;&quot;,&quot;line-height&quot;:&quot;&quot;}\">\n<p style=\"text-align: left;\">As telhas termoac\u00fasticas s\u00e3o perfeitas para projetos que exigem \u00f3timo acabamento com isolamento t\u00e9rmico e ac\u00fastico, Composta por duas telhas trapezoidais formando um \u201csandu\u00edche\u201d com o n\u00facleo em poliestireno (isopor) , que se expandem e aderem perfeitamente ao galvalume, criando um produto novo, dotado de grande rigidez, de alta resist\u00eancia t\u00e9rmica e de grande isolamento a ru\u00eddos externos.<\/p>\n<\/div>\n<\/div>\n<\/div><\/div>\n[\/vc_column][vc_column width=&#8221;1\/2&#8243;][vc_single_image image=&#8221;3340&#8243; img_size=&#8221;full&#8221;][\/vc_column][\/vc_row][vc_row][vc_column][\/vc_column][\/vc_row]<\/p>\n","protected":false},"excerpt":{"rendered":"<p>[vc_row][vc_column width=&#8221;1\/2&#8243;][vc_column_text] \u00a0 Telhas galvanizadas [\/vc_column_text][\/vc_column][vc_column width=&#8221;1\/2&#8243;][vc_single_image image=&#8221;3340&#8243; img_size=&#8221;full&#8221;][\/vc_column][\/vc_row][vc_row][vc_column][\/vc_column][\/vc_row]<\/p>\n","protected":false},"author":1,"featured_media":0,"parent":0,"menu_order":0,"comment_status":"closed","ping_status":"closed","template":"","meta":{"footnotes":""},"class_list":["post-3339","page","type-page","status-publish","hentry"],"_links":{"self":[{"href":"https:\/\/devmarshal.eco.br\/anferteste\/wp-json\/wp\/v2\/pages\/3339","targetHints":{"allow":["GET"]}}],"collection":[{"href":"https:\/\/devmarshal.eco.br\/anferteste\/wp-json\/wp\/v2\/pages"}],"about":[{"href":"https:\/\/devmarshal.eco.br\/anferteste\/wp-json\/wp\/v2\/types\/page"}],"author":[{"embeddable":true,"href":"https:\/\/devmarshal.eco.br\/anferteste\/wp-json\/wp\/v2\/users\/1"}],"replies":[{"embeddable":true,"href":"https:\/\/devmarshal.eco.br\/anferteste\/wp-json\/wp\/v2\/comments?post=3339"}],"version-history":[{"count":4,"href":"https:\/\/devmarshal.eco.br\/anferteste\/wp-json\/wp\/v2\/pages\/3339\/revisions"}],"predecessor-version":[{"id":3674,"href":"https:\/\/devmarshal.eco.br\/anferteste\/wp-json\/wp\/v2\/pages\/3339\/revisions\/3674"}],"wp:attachment":[{"href":"https:\/\/devmarshal.eco.br\/anferteste\/wp-json\/wp\/v2\/media?parent=3339"}],"curies":[{"name":"wp","href":"https:\/\/api.w.org\/{rel}","templated":true}]}}