{"id":3326,"date":"2021-07-13T14:53:12","date_gmt":"2021-07-13T17:53:12","guid":{"rendered":"https:\/\/devmarshal.eco.br\/anferteste\/?page_id=3326"},"modified":"2021-10-21T13:36:15","modified_gmt":"2021-10-21T16:36:15","slug":"corte-a-laser","status":"publish","type":"page","link":"https:\/\/devmarshal.eco.br\/anferteste\/corte-a-laser\/","title":{"rendered":"Corte a Laser"},"content":{"rendered":"<p>[vc_row][vc_column width=&#8221;1\/2&#8243;][vc_column_text]<\/p>\n<h1 style=\"text-align: center;\">\u00a0<span style=\"color: #003366;\">Corte a laser\u00a0\u00a0<\/span><\/h1>\n<p>[\/vc_column_text]<div id=\"la_heading_69e7558df02e2\" class=\"la-headings text-center\"><div class=\"js-el subheading-tag la-unit-responsive\" style=\"color:#000000\" ><p style=\"text-align: left;\"><span style=\"color: #000000;\">Um dos mais precisos e eficazes processos de fabrica\u00e7\u00e3o de pe\u00e7as certamente \u00e9 o corte a laser principalmente ao se falar em chapas met\u00e1licas.<\/span><\/p>\n<p style=\"text-align: left;\"><span style=\"color: #000000;\">Devido a alian\u00e7a de diversos fatores como precis\u00e3o, qualidade, velocidade, aproveitamento de material entre outros, o custo-benef\u00edcio deste processo \u00e9 um dos melhores, facilitando muito a escolha do processo de fabrica\u00e7\u00e3o mais adequado ao seu or\u00e7amento.<\/span><\/p>\n<\/div><\/div>\n[\/vc_column][vc_column width=&#8221;1\/2&#8243;][vc_single_image image=&#8221;3580&#8243; img_size=&#8221;full&#8221;][\/vc_column][\/vc_row][vc_row][vc_column][\/vc_column][\/vc_row]<\/p>\n","protected":false},"excerpt":{"rendered":"<p>[vc_row][vc_column width=&#8221;1\/2&#8243;][vc_column_text] \u00a0Corte a laser\u00a0\u00a0 [\/vc_column_text][\/vc_column][vc_column width=&#8221;1\/2&#8243;][vc_single_image image=&#8221;3580&#8243; img_size=&#8221;full&#8221;][\/vc_column][\/vc_row][vc_row][vc_column][\/vc_column][\/vc_row]<\/p>\n","protected":false},"author":1,"featured_media":0,"parent":0,"menu_order":0,"comment_status":"closed","ping_status":"closed","template":"","meta":{"footnotes":""},"class_list":["post-3326","page","type-page","status-publish","hentry"],"_links":{"self":[{"href":"https:\/\/devmarshal.eco.br\/anferteste\/wp-json\/wp\/v2\/pages\/3326","targetHints":{"allow":["GET"]}}],"collection":[{"href":"https:\/\/devmarshal.eco.br\/anferteste\/wp-json\/wp\/v2\/pages"}],"about":[{"href":"https:\/\/devmarshal.eco.br\/anferteste\/wp-json\/wp\/v2\/types\/page"}],"author":[{"embeddable":true,"href":"https:\/\/devmarshal.eco.br\/anferteste\/wp-json\/wp\/v2\/users\/1"}],"replies":[{"embeddable":true,"href":"https:\/\/devmarshal.eco.br\/anferteste\/wp-json\/wp\/v2\/comments?post=3326"}],"version-history":[{"count":4,"href":"https:\/\/devmarshal.eco.br\/anferteste\/wp-json\/wp\/v2\/pages\/3326\/revisions"}],"predecessor-version":[{"id":3582,"href":"https:\/\/devmarshal.eco.br\/anferteste\/wp-json\/wp\/v2\/pages\/3326\/revisions\/3582"}],"wp:attachment":[{"href":"https:\/\/devmarshal.eco.br\/anferteste\/wp-json\/wp\/v2\/media?parent=3326"}],"curies":[{"name":"wp","href":"https:\/\/api.w.org\/{rel}","templated":true}]}}