{"id":3303,"date":"2021-07-13T13:32:34","date_gmt":"2021-07-13T16:32:34","guid":{"rendered":"https:\/\/devmarshal.eco.br\/anferteste\/?page_id=3303"},"modified":"2021-11-04T10:00:06","modified_gmt":"2021-11-04T13:00:06","slug":"contato","status":"publish","type":"page","link":"https:\/\/devmarshal.eco.br\/anferteste\/contato\/","title":{"rendered":"Contato"},"content":{"rendered":"<p>[vc_row][vc_column]<div id=\"la_divider69e1e06cbbf44\" class=\"js-el la-divider la-unit-responsive\" data-la_component=\"UnitResponsive\"  data-el_target='#la_divider69e1e06cbbf44'  data-el_media_sizes='{&quot;padding-top&quot;:&quot;lg:10px;&quot;}' ><\/div>\n[\/vc_column][\/vc_row][vc_row][vc_column width=&#8221;1\/2&#8243;]<div id=\"la_heading_69e1e06cbc45c\" class=\"la-headings text-center\"><h2 class=\"js-el heading-tag la-unit-responsive\" style=\"color:#051f50;font-family:Cutive;font-weight:400;font-style:normal\"  data-la_component=\"UnitResponsive\"  data-el_target='#la_heading_69e1e06cbc45c .heading-tag'  data-el_media_sizes='{&quot;font-size&quot;:&quot;xlg:36px;lg:36px;md:36px;&quot;,&quot;line-height&quot;:&quot;&quot;}' >Entre em contato conosco<\/h2><\/div>\n<div id=\"la_divider69e1e06cbca2c\" class=\"js-el la-divider la-unit-responsive\" data-la_component=\"UnitResponsive\"  data-el_target='#la_divider69e1e06cbca2c'  data-el_media_sizes='{&quot;padding-top&quot;:&quot;lg:10px;&quot;}' ><\/div>\n<div id=\"la_icon_boxes_69e1e06cbd2bd\" class=\"la-sc-icon-boxes wpb_content_element icon-type-normal icon-pos-default icon-style-simple ib-link-none\">\n    <div class=\"icon-boxes-inner\"><div class=\"box-heading-top\"><div class=\"box-icon-heading\"><div class=\"box-icon-inner type-icon\"><div class=\"wrap-icon\"><div class=\"box-icon box-icon-style-simple\"><span><i class=\"fa fa-paper-plane-o\"><\/i><\/span><\/div><\/div><\/div><\/div><div class=\"box-heading\"><div class=\"h5 js-el la-unit-responsive icon-heading\" style=\"\" >Av. Victor Andrews, 587 - Jd. Ibiti do Pa\u00e7o - Sorocaba - SP<\/div><\/div><\/div><div class=\"box-contents\"><\/div><\/div>\n<\/div>\n<span data-la_component=\"InsertCustomCSS\" class=\"js-el hidden\">#la_icon_boxes_69e1e06cbd2bd.la-sc-icon-boxes .wrap-icon .box-icon span{line-height:30px;font-size:30px;width:30px;height:30px;color:#051f50}#la_icon_boxes_69e1e06cbd2bd.icon-type-normal:hover .wrap-icon .box-icon span{color:#051f50}<\/span>\n<div id=\"la_icon_boxes_69e1e06cbd883\" class=\"la-sc-icon-boxes wpb_content_element icon-type-normal icon-pos-default icon-style-simple ib-link-none\">\n    <div class=\"icon-boxes-inner\"><div class=\"box-heading-top\"><div class=\"box-icon-heading\"><div class=\"box-icon-inner type-icon\"><div class=\"wrap-icon\"><div class=\"box-icon box-icon-style-simple\"><span><i class=\"fa fa-paper-plane-o\"><\/i><\/span><\/div><\/div><\/div><\/div><div class=\"box-heading\"><div class=\"h5 js-el la-unit-responsive icon-heading\" style=\"\" >Rua: Atan\u00e1sio Soares, 2162 - Vila Formosa - CEP: 18076-141 Sorocaba\/ SP - FILIAL<\/div><\/div><\/div><div class=\"box-contents\"><\/div><\/div>\n<\/div>\n<span data-la_component=\"InsertCustomCSS\" class=\"js-el hidden\">#la_icon_boxes_69e1e06cbd883.la-sc-icon-boxes .wrap-icon .box-icon span{line-height:30px;font-size:30px;width:30px;height:30px;color:#051f50}#la_icon_boxes_69e1e06cbd883.icon-type-normal:hover .wrap-icon .box-icon span{color:#051f50}<\/span>\n<div id=\"la_icon_boxes_69e1e06cbddb4\" class=\"la-sc-icon-boxes wpb_content_element icon-type-normal icon-pos-default icon-style-simple ib-link-none\">\n    <div class=\"icon-boxes-inner\"><div class=\"box-heading-top\"><div class=\"box-icon-heading\"><div class=\"box-icon-inner type-icon\"><div class=\"wrap-icon\"><div class=\"box-icon box-icon-style-simple\"><span><i class=\"fa fa-phone\"><\/i><\/span><\/div><\/div><\/div><\/div><div class=\"box-heading\"><div class=\"h5 js-el la-unit-responsive icon-heading\" style=\"\" >(15) 3032-9555<\/div><\/div><\/div><div class=\"box-contents\"><\/div><\/div>\n<\/div>\n<span data-la_component=\"InsertCustomCSS\" class=\"js-el hidden\">#la_icon_boxes_69e1e06cbddb4.la-sc-icon-boxes .wrap-icon .box-icon span{line-height:30px;font-size:30px;width:30px;height:30px;color:#051f50}#la_icon_boxes_69e1e06cbddb4.icon-type-normal:hover .wrap-icon .box-icon span{color:#051f50}<\/span>\n<div id=\"la_icon_boxes_69e1e06cbe2ca\" class=\"la-sc-icon-boxes wpb_content_element icon-type-normal icon-pos-default icon-style-simple ib-link-none\">\n    <div class=\"icon-boxes-inner\"><div class=\"box-heading-top\"><div class=\"box-icon-heading\"><div class=\"box-icon-inner type-icon\"><div class=\"wrap-icon\"><div class=\"box-icon box-icon-style-simple\"><span><i class=\"fa fa-phone\"><\/i><\/span><\/div><\/div><\/div><\/div><div class=\"box-heading\"><div class=\"h5 js-el la-unit-responsive icon-heading\" style=\"\" >(15) 3238-2010<\/div><\/div><\/div><div class=\"box-contents\"><\/div><\/div>\n<\/div>\n<span data-la_component=\"InsertCustomCSS\" class=\"js-el hidden\">#la_icon_boxes_69e1e06cbe2ca.la-sc-icon-boxes .wrap-icon .box-icon span{line-height:30px;font-size:30px;width:30px;height:30px;color:#051f50}#la_icon_boxes_69e1e06cbe2ca.icon-type-normal:hover .wrap-icon .box-icon span{color:#051f50}<\/span>\n<div id=\"la_icon_boxes_69e1e06cbe851\" class=\"la-sc-icon-boxes wpb_content_element icon-type-normal icon-pos-default icon-style-simple ib-link-none\">\n    <div class=\"icon-boxes-inner\"><div class=\"box-heading-top\"><div class=\"box-icon-heading\"><div class=\"box-icon-inner type-icon\"><div class=\"wrap-icon\"><div class=\"box-icon box-icon-style-simple\"><span><i class=\"fa fa-envelope-open-o\"><\/i><\/span><\/div><\/div><\/div><\/div><div class=\"box-heading\"><div class=\"h5 js-el la-unit-responsive icon-heading\" style=\"\" >comercial@devmarshal.eco.br\/anferteste<\/div><\/div><\/div><div class=\"box-contents\"><\/div><\/div>\n<\/div>\n<span data-la_component=\"InsertCustomCSS\" class=\"js-el hidden\">#la_icon_boxes_69e1e06cbe851.la-sc-icon-boxes .wrap-icon .box-icon span{line-height:30px;font-size:30px;width:30px;height:30px;color:#051f50}#la_icon_boxes_69e1e06cbe851.icon-type-normal:hover .wrap-icon .box-icon span{color:#051f50}<\/span>\n[\/vc_column][vc_column width=&#8221;1\/2&#8243;][vc_column_text]<div class=\"wpforms-container wpforms-container-full\" id=\"wpforms-3345\"><form id=\"wpforms-form-3345\" class=\"wpforms-validate wpforms-form\" data-formid=\"3345\" method=\"post\" enctype=\"multipart\/form-data\" action=\"\/anferteste\/wp-json\/wp\/v2\/pages\/3303\" data-token=\"20817923ac625103398a5a1674699748\"><noscript class=\"wpforms-error-noscript\">Ative o JavaScript no seu navegador para preencher este formul\u00e1rio.<\/noscript><div class=\"wpforms-field-container\"><div id=\"wpforms-3345-field_1-container\" class=\"wpforms-field wpforms-field-text\" data-field-id=\"1\"><label class=\"wpforms-field-label\" for=\"wpforms-3345-field_1\">Assunto <span class=\"wpforms-required-label\">*<\/span><\/label><input type=\"text\" id=\"wpforms-3345-field_1\" class=\"wpforms-field-medium wpforms-field-required\" name=\"wpforms[fields][1]\" required><\/div><div id=\"wpforms-3345-field_2-container\" class=\"wpforms-field wpforms-field-name\" data-field-id=\"2\"><label class=\"wpforms-field-label\" for=\"wpforms-3345-field_2\">Nome <span class=\"wpforms-required-label\">*<\/span><\/label><div class=\"wpforms-field-row wpforms-field-medium\"><div class=\"wpforms-field-row-block wpforms-first wpforms-one-half\"><input type=\"text\" id=\"wpforms-3345-field_2\" class=\"wpforms-field-name-first wpforms-field-required\" name=\"wpforms[fields][2][first]\" required><label for=\"wpforms-3345-field_2\" class=\"wpforms-field-sublabel after \">Nome<\/label><\/div><div class=\"wpforms-field-row-block wpforms-one-half\"><input type=\"text\" id=\"wpforms-3345-field_2-last\" class=\"wpforms-field-name-last wpforms-field-required\" name=\"wpforms[fields][2][last]\" required><label for=\"wpforms-3345-field_2-last\" class=\"wpforms-field-sublabel after \">Sobrenome<\/label><\/div><\/div><\/div><div id=\"wpforms-3345-field_3-container\" class=\"wpforms-field wpforms-field-email\" data-field-id=\"3\"><label class=\"wpforms-field-label\" for=\"wpforms-3345-field_3\">E-mail <span class=\"wpforms-required-label\">*<\/span><\/label><input type=\"email\" id=\"wpforms-3345-field_3\" class=\"wpforms-field-medium wpforms-field-required\" name=\"wpforms[fields][3]\" required><\/div><div id=\"wpforms-3345-field_4-container\" class=\"wpforms-field wpforms-field-number\" data-field-id=\"4\"><label class=\"wpforms-field-label\" for=\"wpforms-3345-field_4\">Telefone\/WhatsApp <span class=\"wpforms-required-label\">*<\/span><\/label><input type=\"number\" pattern=\"\\d*\" id=\"wpforms-3345-field_4\" class=\"wpforms-field-medium wpforms-field-required\" name=\"wpforms[fields][4]\" required><\/div><div id=\"wpforms-3345-field_5-container\" class=\"wpforms-field wpforms-field-textarea\" data-field-id=\"5\"><label class=\"wpforms-field-label\" for=\"wpforms-3345-field_5\">Mensagem <\/label><textarea id=\"wpforms-3345-field_5\" class=\"wpforms-field-medium\" name=\"wpforms[fields][5]\" ><\/textarea><\/div><\/div><input type=\"hidden\" name=\"wpforms[recaptcha]\" value=\"\"><div class=\"wpforms-submit-container\" ><input type=\"hidden\" name=\"wpforms[id]\" value=\"3345\"><input type=\"hidden\" name=\"wpforms[author]\" value=\"1\"><button type=\"submit\" name=\"wpforms[submit]\" class=\"wpforms-submit \" id=\"wpforms-submit-3345\" value=\"wpforms-submit\" aria-live=\"assertive\" data-alt-text=\"Enviando...\" data-submit-text=\"Enviar\">Enviar<\/button><\/div><\/form><\/div>  <!-- .wpforms-container -->[\/vc_column_text][\/vc_column][\/vc_row][vc_row][vc_column]<div id=\"la_divider69e1e06cc02bf\" class=\"js-el la-divider la-unit-responsive\" data-la_component=\"UnitResponsive\"  data-el_target='#la_divider69e1e06cc02bf'  data-el_media_sizes='{&quot;padding-top&quot;:&quot;lg:20px;&quot;}' ><\/div>\n<div id=\"la_heading_69e1e06cc0669\" class=\"la-headings text-center\"><h2 class=\"js-el heading-tag la-unit-responsive\" style=\"color:#051f50;font-family:Cutive;font-weight:400;font-style:normal\" >Departamentos<\/h2><\/div>\n<div id=\"la_divider69e1e06cc0854\" class=\"js-el la-divider la-unit-responsive\" data-la_component=\"UnitResponsive\"  data-el_target='#la_divider69e1e06cc0854'  data-el_media_sizes='{&quot;padding-top&quot;:&quot;lg:10px;&quot;}' ><\/div>\n[\/vc_column][\/vc_row][vc_row][vc_column width=&#8221;1\/3&#8243;]<div id=\"la_icon_boxes_69e1e06cc0dd9\" class=\"la-sc-icon-boxes wpb_content_element icon-type-normal icon-pos-default icon-style-simple ib-link-icon\">\n    <div class=\"icon-boxes-inner\"><div class=\"box-heading-top\"><div class=\"box-icon-heading\"><div class=\"box-icon-inner type-icon\"><div class=\"wrap-icon\"><div class=\"box-icon box-icon-style-simple\"><a href=\"http:\/\/anferferroeaco.rds.land\/venda-ferro-e-aco\" target=\" _blank\"><span><i class=\"nc-icon-glyph arrows-2_move-up-left\"><\/i><\/span><\/a><\/div><\/div><\/div><\/div><div class=\"box-heading\"><div class=\"h5 js-el la-unit-responsive icon-heading\" style=\"color:#051f50\" >Ferro e A\u00e7o<\/div><\/div><\/div><div class=\"box-contents\"><div class=\"js-el la-unit-responsive box-description\" style=\"\" ><p style=\"text-align: left;\">Para mais informa\u00e7\u00f5es sobre vendas de Ferro e A\u00e7o<\/p>\n<\/div><\/div><\/div>\n<\/div>\n<span data-la_component=\"InsertCustomCSS\" class=\"js-el hidden\">#la_icon_boxes_69e1e06cc0dd9.la-sc-icon-boxes .wrap-icon .box-icon span{line-height:30px;font-size:30px;width:30px;height:30px;color:#051f50}#la_icon_boxes_69e1e06cc0dd9.icon-type-normal:hover .wrap-icon .box-icon span{color:#051f50}<\/span>\n[vc_btn title=&#8221;Entre em contato agora!&#8221; style=&#8221;3d&#8221; color=&#8221;primary&#8221; size=&#8221;sm&#8221; align=&#8221;left&#8221; css_animation=&#8221;fadeIn&#8221; link=&#8221;url:http%3A%2F%2Fanferferroeaco.rds.land%2Fvenda-ferro-e-aco||target:%20_blank|&#8221;]<div id=\"la_divider69e1e06cc1139\" class=\"js-el la-divider la-unit-responsive\" data-la_component=\"UnitResponsive\"  data-el_target='#la_divider69e1e06cc1139'  data-el_media_sizes='{&quot;padding-top&quot;:&quot;lg:20px;&quot;}' ><\/div>\n[\/vc_column][vc_column width=&#8221;1\/3&#8243;]<div id=\"la_icon_boxes_69e1e06cc16d1\" class=\"la-sc-icon-boxes wpb_content_element icon-type-normal icon-pos-default icon-style-simple ib-link-icon\">\n    <div class=\"icon-boxes-inner\"><div class=\"box-heading-top\"><div class=\"box-icon-heading\"><div class=\"box-icon-inner type-icon\"><div class=\"wrap-icon\"><div class=\"box-icon box-icon-style-simple\"><a href=\"http:\/\/anferferroeaco.rds.land\/venda-telhas\" target=\" _blank\"><span><i class=\"nc-icon-glyph arrows-2_move-up-left\"><\/i><\/span><\/a><\/div><\/div><\/div><\/div><div class=\"box-heading\"><div class=\"h5 js-el la-unit-responsive icon-heading\" style=\"color:#051f50\" >Telhas<\/div><\/div><\/div><div class=\"box-contents\"><div class=\"js-el la-unit-responsive box-description\" style=\"\" ><p>Para mais informa\u00e7\u00f5es sobre vendas de Telhas<\/p>\n<\/div><\/div><\/div>\n<\/div>\n<span data-la_component=\"InsertCustomCSS\" class=\"js-el hidden\">#la_icon_boxes_69e1e06cc16d1.la-sc-icon-boxes .wrap-icon .box-icon span{line-height:30px;font-size:30px;width:30px;height:30px;color:#051f50}#la_icon_boxes_69e1e06cc16d1.icon-type-normal:hover .wrap-icon .box-icon span{color:#051f50}<\/span>\n[vc_btn title=&#8221;Entre em contato agora!&#8221; style=&#8221;3d&#8221; color=&#8221;primary&#8221; size=&#8221;sm&#8221; align=&#8221;left&#8221; css_animation=&#8221;fadeIn&#8221; link=&#8221;url:http%3A%2F%2Fanferferroeaco.rds.land%2Fvenda-telhas||target:%20_blank|&#8221;]<div id=\"la_divider69e1e06cc1976\" class=\"js-el la-divider la-unit-responsive\" data-la_component=\"UnitResponsive\"  data-el_target='#la_divider69e1e06cc1976'  data-el_media_sizes='{&quot;padding-top&quot;:&quot;lg:20px;&quot;}' ><\/div>\n[\/vc_column][vc_column width=&#8221;1\/3&#8243;]<div id=\"la_icon_boxes_69e1e06cc1ecd\" class=\"la-sc-icon-boxes wpb_content_element icon-type-normal icon-pos-default icon-style-simple ib-link-icon\">\n    <div class=\"icon-boxes-inner\"><div class=\"box-heading-top\"><div class=\"box-icon-heading\"><div class=\"box-icon-inner type-icon\"><div class=\"wrap-icon\"><div class=\"box-icon box-icon-style-simple\"><a href=\"https:\/\/materiais.devmarshal.eco.br\/anferteste\/venda-corte-e-dobra\" target=\" _blank\"><span><i class=\"nc-icon-glyph arrows-2_move-up-left\"><\/i><\/span><\/a><\/div><\/div><\/div><\/div><div class=\"box-heading\"><div class=\"h5 js-el la-unit-responsive icon-heading\" style=\"color:#051f50\" >Corte e Dobra<\/div><\/div><\/div><div class=\"box-contents\"><div class=\"js-el la-unit-responsive box-description\" style=\"\" ><p>Para mais informa\u00e7\u00f5es sobre a venda do setor de cortes e dobra<\/p>\n<\/div><\/div><\/div>\n<\/div>\n<span data-la_component=\"InsertCustomCSS\" class=\"js-el hidden\">#la_icon_boxes_69e1e06cc1ecd.la-sc-icon-boxes .wrap-icon .box-icon span{line-height:30px;font-size:30px;width:30px;height:30px;color:#051f50}#la_icon_boxes_69e1e06cc1ecd.icon-type-normal:hover .wrap-icon .box-icon span{color:#051f50}<\/span>\n[vc_btn title=&#8221;Entre em contato agora!&#8221; style=&#8221;3d&#8221; color=&#8221;primary&#8221; size=&#8221;sm&#8221; align=&#8221;left&#8221; css_animation=&#8221;fadeIn&#8221; link=&#8221;url:https%3A%2F%2Fmateriais.devmarshal.eco.br\/anferteste%2Fvenda-corte-e-dobra||target:%20_blank|&#8221;]<div id=\"la_divider69e1e06cc216d\" class=\"js-el la-divider la-unit-responsive\" data-la_component=\"UnitResponsive\"  data-el_target='#la_divider69e1e06cc216d'  data-el_media_sizes='{&quot;padding-top&quot;:&quot;lg:20px;&quot;}' ><\/div>\n[\/vc_column][\/vc_row][vc_row][vc_column width=&#8221;1\/3&#8243;]<div id=\"la_icon_boxes_69e1e06cc272d\" class=\"la-sc-icon-boxes wpb_content_element icon-type-normal icon-pos-default icon-style-simple ib-link-icon\">\n    <div class=\"icon-boxes-inner\"><div class=\"box-heading-top\"><div class=\"box-icon-heading\"><div class=\"box-icon-inner type-icon\"><div class=\"wrap-icon\"><div class=\"box-icon box-icon-style-simple\"><a href=\"http:\/\/anferferroeaco.rds.land\/financeiro\" target=\" _blank\"><span><i class=\"nc-icon-glyph arrows-2_move-up-left\"><\/i><\/span><\/a><\/div><\/div><\/div><\/div><div class=\"box-heading\"><div class=\"h5 js-el la-unit-responsive icon-heading\" style=\"color:#051f50\" >Financeiro<\/div><\/div><\/div><div class=\"box-contents\"><div class=\"js-el la-unit-responsive box-description\" style=\"\" ><p>Para mais informa\u00e7\u00f5es sobre o financeiro<\/p>\n<\/div><\/div><\/div>\n<\/div>\n<span data-la_component=\"InsertCustomCSS\" class=\"js-el hidden\">#la_icon_boxes_69e1e06cc272d.la-sc-icon-boxes .wrap-icon .box-icon span{line-height:30px;font-size:30px;width:30px;height:30px;color:#051f50}#la_icon_boxes_69e1e06cc272d.icon-type-normal:hover .wrap-icon .box-icon span{color:#051f50}<\/span>\n[vc_btn title=&#8221;Entre em contato agora!&#8221; style=&#8221;3d&#8221; color=&#8221;primary&#8221; size=&#8221;sm&#8221; align=&#8221;left&#8221; css_animation=&#8221;fadeIn&#8221; link=&#8221;url:http%3A%2F%2Fanferferroeaco.rds.land%2Ffinanceiro||target:%20_blank|&#8221;]<div id=\"la_divider69e1e06cc29b8\" class=\"js-el la-divider la-unit-responsive\" data-la_component=\"UnitResponsive\"  data-el_target='#la_divider69e1e06cc29b8'  data-el_media_sizes='{&quot;padding-top&quot;:&quot;lg:10px;&quot;}' ><\/div>\n[\/vc_column][vc_column width=&#8221;1\/3&#8243;]<div id=\"la_icon_boxes_69e1e06cc2f1c\" class=\"la-sc-icon-boxes wpb_content_element icon-type-normal icon-pos-default icon-style-simple ib-link-icon\">\n    <div class=\"icon-boxes-inner\"><div class=\"box-heading-top\"><div class=\"box-icon-heading\"><div class=\"box-icon-inner type-icon\"><div class=\"wrap-icon\"><div class=\"box-icon box-icon-style-simple\"><a href=\"https:\/\/materiais.devmarshal.eco.br\/anferteste\/venda-da-filial\" target=\" _blank\"><span><i class=\"nc-icon-glyph arrows-2_move-up-left\"><\/i><\/span><\/a><\/div><\/div><\/div><\/div><div class=\"box-heading\"><div class=\"h5 js-el la-unit-responsive icon-heading\" style=\"color:#051f50\" >Vendas Filial<\/div><\/div><\/div><div class=\"box-contents\"><div class=\"js-el la-unit-responsive box-description\" style=\"\" ><p style=\"text-align: left;\">Para mais informa\u00e7\u00f5es sobre vendas da filial<\/p>\n<\/div><\/div><\/div>\n<\/div>\n<span data-la_component=\"InsertCustomCSS\" class=\"js-el hidden\">#la_icon_boxes_69e1e06cc2f1c.la-sc-icon-boxes .wrap-icon .box-icon span{line-height:30px;font-size:30px;width:30px;height:30px;color:#051f50}#la_icon_boxes_69e1e06cc2f1c.icon-type-normal:hover .wrap-icon .box-icon span{color:#051f50}<\/span>\n[vc_btn title=&#8221;Entre em contato agora!&#8221; style=&#8221;3d&#8221; color=&#8221;primary&#8221; size=&#8221;sm&#8221; align=&#8221;left&#8221; css_animation=&#8221;fadeIn&#8221; link=&#8221;url:https%3A%2F%2Fmateriais.devmarshal.eco.br\/anferteste%2Fvenda-da-filial||target:%20_blank|&#8221;]<div id=\"la_divider69e1e06cc31a4\" class=\"js-el la-divider la-unit-responsive\" data-la_component=\"UnitResponsive\"  data-el_target='#la_divider69e1e06cc31a4'  data-el_media_sizes='{&quot;padding-top&quot;:&quot;lg:10px;&quot;}' ><\/div>\n[\/vc_column][vc_column width=&#8221;1\/3&#8243;][\/vc_column][\/vc_row][vc_row][vc_column]<div id=\"la_divider69e1e06cc339e\" class=\"js-el la-divider la-unit-responsive\" data-la_component=\"UnitResponsive\"  data-el_target='#la_divider69e1e06cc339e'  data-el_media_sizes='{&quot;padding-top&quot;:&quot;lg:15px;&quot;}' ><\/div>\n<div id=\"la_heading_69e1e06cc36f0\" class=\"la-headings text-left\"><h2 class=\"js-el heading-tag la-unit-responsive\" style=\"color:#051f50;font-family:Cutive;font-weight:400;font-style:normal\" >Vendas<\/h2><div class=\"js-el subheading-tag la-unit-responsive\" style=\"\" ><p>Preencha nosso formul\u00e1rio!<\/p>\n<\/div><\/div>\n[\/vc_column][\/vc_row][vc_row][vc_column width=&#8221;1\/2&#8243;][vc_column_text]<\/p>\n<table class=\"wp-list-table widefat fixed striped table-view-list forms\">\n<tbody id=\"the-list\" data-wp-lists=\"list:form\">\n<tr>\n<td class=\"shortcode column-shortcode\" style=\"text-align: left;\" data-colname=\"Shortcode\"><div class=\"wpforms-container wpforms-container-full\" id=\"wpforms-3610\"><form id=\"wpforms-form-3610\" class=\"wpforms-validate wpforms-form\" data-formid=\"3610\" method=\"post\" enctype=\"multipart\/form-data\" action=\"\/anferteste\/wp-json\/wp\/v2\/pages\/3303\" data-token=\"20817923ac625103398a5a1674699748\"><noscript class=\"wpforms-error-noscript\">Ative o JavaScript no seu navegador para preencher este formul\u00e1rio.<\/noscript><div class=\"wpforms-field-container\"><div id=\"wpforms-3610-field_1-container\" class=\"wpforms-field wpforms-field-text\" data-field-id=\"1\"><label class=\"wpforms-field-label\" for=\"wpforms-3610-field_1\">Assunto <span class=\"wpforms-required-label\">*<\/span><\/label><input type=\"text\" id=\"wpforms-3610-field_1\" class=\"wpforms-field-medium wpforms-field-required\" name=\"wpforms[fields][1]\" required><\/div><div id=\"wpforms-3610-field_2-container\" class=\"wpforms-field wpforms-field-name\" data-field-id=\"2\"><label class=\"wpforms-field-label\" for=\"wpforms-3610-field_2\">Nome <span class=\"wpforms-required-label\">*<\/span><\/label><div class=\"wpforms-field-row wpforms-field-medium\"><div class=\"wpforms-field-row-block wpforms-first wpforms-one-half\"><input type=\"text\" id=\"wpforms-3610-field_2\" class=\"wpforms-field-name-first wpforms-field-required\" name=\"wpforms[fields][2][first]\" required><label for=\"wpforms-3610-field_2\" class=\"wpforms-field-sublabel after \">Nome<\/label><\/div><div class=\"wpforms-field-row-block wpforms-one-half\"><input type=\"text\" id=\"wpforms-3610-field_2-last\" class=\"wpforms-field-name-last wpforms-field-required\" name=\"wpforms[fields][2][last]\" required><label for=\"wpforms-3610-field_2-last\" class=\"wpforms-field-sublabel after \">Sobrenome<\/label><\/div><\/div><\/div><div id=\"wpforms-3610-field_4-container\" class=\"wpforms-field wpforms-field-email\" data-field-id=\"4\"><label class=\"wpforms-field-label\" for=\"wpforms-3610-field_4\">E-mail <span class=\"wpforms-required-label\">*<\/span><\/label><input type=\"email\" id=\"wpforms-3610-field_4\" class=\"wpforms-field-medium wpforms-field-required\" name=\"wpforms[fields][4]\" required><\/div><div id=\"wpforms-3610-field_5-container\" class=\"wpforms-field wpforms-field-number\" data-field-id=\"5\"><label class=\"wpforms-field-label\" for=\"wpforms-3610-field_5\">Telefone\/WhatsApp <span class=\"wpforms-required-label\">*<\/span><\/label><input type=\"number\" pattern=\"\\d*\" id=\"wpforms-3610-field_5\" class=\"wpforms-field-medium wpforms-field-required\" name=\"wpforms[fields][5]\" required><\/div><div id=\"wpforms-3610-field_8-container\" class=\"wpforms-field wpforms-field-textarea\" data-field-id=\"8\"><label class=\"wpforms-field-label\" for=\"wpforms-3610-field_8\">Mensagem<\/label><textarea id=\"wpforms-3610-field_8\" class=\"wpforms-field-small\" name=\"wpforms[fields][8]\" ><\/textarea><\/div><\/div><input type=\"hidden\" name=\"wpforms[recaptcha]\" value=\"\"><div class=\"wpforms-submit-container\" ><input type=\"hidden\" name=\"wpforms[id]\" value=\"3610\"><input type=\"hidden\" name=\"wpforms[author]\" value=\"1\"><button type=\"submit\" name=\"wpforms[submit]\" class=\"wpforms-submit \" id=\"wpforms-submit-3610\" value=\"wpforms-submit\" aria-live=\"assertive\" data-alt-text=\"Enviando...\" data-submit-text=\"Enviar\">Enviar<\/button><\/div><\/form><\/div>  <!-- .wpforms-container --><\/td>\n<\/tr>\n<\/tbody>\n<\/table>\n<p>[\/vc_column_text][\/vc_column][vc_column width=&#8221;1\/2&#8243;]<div id=\"la_heading_69e1e06cc45b5\" class=\"la-headings text-center\"><h2 class=\"js-el heading-tag la-unit-responsive\" style=\"color:#051f50;font-family:Cutive;font-weight:400;font-style:normal\" >Trabalhe conosco:<\/h2><div class=\"js-el subheading-tag la-unit-responsive\" style=\"\" ><h4><a href=\"mailto:rh@devmarshal.eco.br\/anferteste\">rh@devmarshal.eco.br\/anferteste<\/a><\/h4>\n<\/div><\/div>\n[\/vc_column][\/vc_row][vc_row][vc_column]<div id=\"la_divider69e1e06cc4832\" class=\"js-el la-divider la-unit-responsive\" data-la_component=\"UnitResponsive\"  data-el_target='#la_divider69e1e06cc4832'  data-el_media_sizes='{&quot;padding-top&quot;:&quot;lg:15px;&quot;}' ><\/div>\n[\/vc_column][\/vc_row]<\/p>\n","protected":false},"excerpt":{"rendered":"<p>[vc_row][vc_column][\/vc_column][\/vc_row][vc_row][vc_column width=&#8221;1\/2&#8243;][\/vc_column][vc_column width=&#8221;1\/2&#8243;][vc_column_text][\/vc_column_text][\/vc_column][\/vc_row][vc_row][vc_column][\/vc_column][\/vc_row][vc_row][vc_column width=&#8221;1\/3&#8243;][vc_btn title=&#8221;Entre em contato agora!&#8221; style=&#8221;3d&#8221; color=&#8221;primary&#8221; size=&#8221;sm&#8221; align=&#8221;left&#8221; css_animation=&#8221;fadeIn&#8221; link=&#8221;url:http%3A%2F%2Fanferferroeaco.rds.land%2Fvenda-ferro-e-aco||target:%20_blank|&#8221;][\/vc_column][vc_column width=&#8221;1\/3&#8243;][vc_btn title=&#8221;Entre em contato agora!&#8221; style=&#8221;3d&#8221; color=&#8221;primary&#8221; size=&#8221;sm&#8221; align=&#8221;left&#8221; css_animation=&#8221;fadeIn&#8221; link=&#8221;url:http%3A%2F%2Fanferferroeaco.rds.land%2Fvenda-telhas||target:%20_blank|&#8221;][\/vc_column][vc_column&hellip;<\/p>\n","protected":false},"author":1,"featured_media":0,"parent":0,"menu_order":0,"comment_status":"closed","ping_status":"closed","template":"","meta":{"footnotes":""},"class_list":["post-3303","page","type-page","status-publish","hentry"],"_links":{"self":[{"href":"https:\/\/devmarshal.eco.br\/anferteste\/wp-json\/wp\/v2\/pages\/3303","targetHints":{"allow":["GET"]}}],"collection":[{"href":"https:\/\/devmarshal.eco.br\/anferteste\/wp-json\/wp\/v2\/pages"}],"about":[{"href":"https:\/\/devmarshal.eco.br\/anferteste\/wp-json\/wp\/v2\/types\/page"}],"author":[{"embeddable":true,"href":"https:\/\/devmarshal.eco.br\/anferteste\/wp-json\/wp\/v2\/users\/1"}],"replies":[{"embeddable":true,"href":"https:\/\/devmarshal.eco.br\/anferteste\/wp-json\/wp\/v2\/comments?post=3303"}],"version-history":[{"count":10,"href":"https:\/\/devmarshal.eco.br\/anferteste\/wp-json\/wp\/v2\/pages\/3303\/revisions"}],"predecessor-version":[{"id":3616,"href":"https:\/\/devmarshal.eco.br\/anferteste\/wp-json\/wp\/v2\/pages\/3303\/revisions\/3616"}],"wp:attachment":[{"href":"https:\/\/devmarshal.eco.br\/anferteste\/wp-json\/wp\/v2\/media?parent=3303"}],"curies":[{"name":"wp","href":"https:\/\/api.w.org\/{rel}","templated":true}]}}