{"id":3301,"date":"2021-07-13T13:32:24","date_gmt":"2021-07-13T16:32:24","guid":{"rendered":"https:\/\/devmarshal.eco.br\/anferteste\/?page_id=3301"},"modified":"2021-10-22T10:31:02","modified_gmt":"2021-10-22T13:31:02","slug":"noticias","status":"publish","type":"page","link":"https:\/\/devmarshal.eco.br\/anferteste\/noticias\/","title":{"rendered":"Not\u00edcias"},"content":{"rendered":"<p>[vc_row][vc_column][\/vc_column][\/vc_row][vc_row][vc_column width=&#8221;1\/5&#8243;][vc_single_image image=&#8221;3385&#8243; img_size=&#8221;300&#215;300&#8243; alignment=&#8221;center&#8221; onclick=&#8221;custom_link&#8221; img_link_target=&#8221;_blank&#8221; css_animation=&#8221;fadeInLeft&#8221; link=&#8221;https:\/\/devmarshal.eco.br\/anferteste\/portfolio\/direcao-defensiva\/&#8221;]<div id=\"la_heading_69e49feeb19af\" class=\"la-headings text-center\"><h4 class=\"js-el heading-tag la-unit-responsive\" style=\"color:#051f50;font-family:Cutive;font-weight:400;font-style:normal\" >Dire\u00e7\u00e3o Defensiva<\/h4><div class=\"js-el subheading-tag la-unit-responsive\" style=\"\" ><p>A dire\u00e7\u00e3o defensiva \u00e9 um conjunto de habilidades&#8230;<\/p>\n<\/div><\/div>\n[\/vc_column][vc_column width=&#8221;1\/5&#8243;][vc_single_image image=&#8221;3380&#8243; img_size=&#8221;300&#215;300&#8243; alignment=&#8221;center&#8221; onclick=&#8221;custom_link&#8221; img_link_target=&#8221;_blank&#8221; css_animation=&#8221;fadeInLeft&#8221; link=&#8221;https:\/\/devmarshal.eco.br\/anferteste\/portfolio\/treinamento\/&#8221;]<div id=\"la_heading_69e49feeb2243\" class=\"la-headings text-center\"><h4 class=\"js-el heading-tag la-unit-responsive\" style=\"color:#051f50;font-family:Cutive;font-weight:400;font-style:normal\" >Treinamento<\/h4><div class=\"js-el subheading-tag la-unit-responsive\" style=\"\" ><p>A Anfer investe continuamente na capacita\u00e7\u00e3o de sua equipe&#8230;<\/p>\n<\/div><\/div>\n[\/vc_column][vc_column width=&#8221;1\/5&#8243;][vc_single_image image=&#8221;3531&#8243; img_size=&#8221;300&#215;300&#8243; alignment=&#8221;center&#8221; onclick=&#8221;custom_link&#8221; img_link_target=&#8221;_blank&#8221; css_animation=&#8221;fadeInLeft&#8221; link=&#8221;https:\/\/devmarshal.eco.br\/anferteste\/portfolio\/sipat-2018-2019\/&#8221;]<div id=\"la_heading_69e49feeb2620\" class=\"la-headings text-center\"><h4 class=\"js-el heading-tag la-unit-responsive\" style=\"color:#051f50;font-family:Cutive;font-weight:400;font-style:normal\" >SIPAT 2018\/2019<\/h4><div class=\"js-el subheading-tag la-unit-responsive\" style=\"\" ><p>A Anfer realiza a Semana Interna de Preven\u00e7\u00e3o de Acidentes de Trabalho&#8230;.<\/p>\n<\/div><\/div>\n[\/vc_column][vc_column width=&#8221;1\/5&#8243;][vc_single_image image=&#8221;3371&#8243; img_size=&#8221;300&#215;300&#8243; alignment=&#8221;center&#8221; onclick=&#8221;custom_link&#8221; img_link_target=&#8221;_blank&#8221; css_animation=&#8221;fadeInLeft&#8221; link=&#8221;https:\/\/devmarshal.eco.br\/anferteste\/portfolio\/certificaoes\/&#8221;]<div id=\"la_heading_69e49feeb2a15\" class=\"la-headings text-center\"><h4 class=\"js-el heading-tag la-unit-responsive\" style=\"color:#051f50;font-family:Cutive;font-weight:400;font-style:normal\" >Certifica\u00e7\u00f5es<\/h4><div class=\"js-el subheading-tag la-unit-responsive\" style=\"\" ><p>Certifica\u00e7\u00e3o Sistema de Gest\u00e3o da Qualidade Julho\/2014&#8230;<\/p>\n<\/div><\/div>\n[\/vc_column][vc_column width=&#8221;1\/5&#8243;][vc_single_image image=&#8221;3367&#8243; img_size=&#8221;300&#215;300&#8243; alignment=&#8221;center&#8221; onclick=&#8221;custom_link&#8221; img_link_target=&#8221;_blank&#8221; css_animation=&#8221;fadeInLeft&#8221; link=&#8221;https:\/\/devmarshal.eco.br\/anferteste\/portfolio\/brigada-de-emergencia\/&#8221;]<div id=\"la_heading_69e49feeb2de3\" class=\"la-headings text-center\"><h4 class=\"js-el heading-tag la-unit-responsive\" style=\"color:#051f50;font-family:Cutive;font-weight:400;font-style:normal\" >Brigada de Emerg\u00eancia<\/h4><div class=\"js-el subheading-tag la-unit-responsive\" style=\"\" ><p>Pelo segundo ano consecutivo formamos mais uma equipe para a Brigada de Emerg\u00eancia&#8230;.<\/p>\n<\/div><\/div>\n[\/vc_column][\/vc_row][vc_row][vc_column width=&#8221;1\/5&#8243;][vc_single_image image=&#8221;3601&#8243; img_size=&#8221;300&#215;300&#8243; alignment=&#8221;center&#8221; onclick=&#8221;custom_link&#8221; img_link_target=&#8221;_blank&#8221; css_animation=&#8221;fadeInLeft&#8221; link=&#8221;https:\/\/devmarshal.eco.br\/anferteste\/portfolio\/brigada-de-emergencia-2021\/&#8221;]<div id=\"la_heading_69e49feeb31aa\" class=\"la-headings text-center\"><h4 class=\"js-el heading-tag la-unit-responsive\" style=\"color:#051f50;font-family:Cutive;font-weight:400;font-style:normal\" >Brigada 2021<\/h4><div class=\"js-el subheading-tag la-unit-responsive\" style=\"\" ><p>Imprevistos e acidentes s\u00e3o vari\u00e1veis incontrol\u00e1veis no ambiente fabril&#8230;<\/p>\n<\/div><\/div>\n[\/vc_column][vc_column width=&#8221;1\/5&#8243;][\/vc_column][vc_column width=&#8221;1\/5&#8243;][\/vc_column][vc_column width=&#8221;1\/5&#8243;][\/vc_column][vc_column width=&#8221;1\/5&#8243;][\/vc_column][\/vc_row]<\/p>\n","protected":false},"excerpt":{"rendered":"<p>[vc_row][vc_column][\/vc_column][\/vc_row][vc_row][vc_column width=&#8221;1\/5&#8243;][vc_single_image image=&#8221;3385&#8243; img_size=&#8221;300&#215;300&#8243; alignment=&#8221;center&#8221; onclick=&#8221;custom_link&#8221; img_link_target=&#8221;_blank&#8221; css_animation=&#8221;fadeInLeft&#8221; link=&#8221;https:\/\/devmarshal.eco.br\/anferteste\/portfolio\/direcao-defensiva\/&#8221;][\/vc_column][vc_column width=&#8221;1\/5&#8243;][vc_single_image image=&#8221;3380&#8243; img_size=&#8221;300&#215;300&#8243; alignment=&#8221;center&#8221; onclick=&#8221;custom_link&#8221; img_link_target=&#8221;_blank&#8221; css_animation=&#8221;fadeInLeft&#8221; link=&#8221;https:\/\/devmarshal.eco.br\/anferteste\/portfolio\/treinamento\/&#8221;][\/vc_column][vc_column width=&#8221;1\/5&#8243;][vc_single_image image=&#8221;3531&#8243; img_size=&#8221;300&#215;300&#8243; alignment=&#8221;center&#8221; onclick=&#8221;custom_link&#8221; img_link_target=&#8221;_blank&#8221; css_animation=&#8221;fadeInLeft&#8221; link=&#8221;https:\/\/devmarshal.eco.br\/anferteste\/portfolio\/sipat-2018-2019\/&#8221;][\/vc_column][vc_column&hellip;<\/p>\n","protected":false},"author":1,"featured_media":0,"parent":0,"menu_order":0,"comment_status":"closed","ping_status":"closed","template":"","meta":{"footnotes":""},"class_list":["post-3301","page","type-page","status-publish","hentry"],"_links":{"self":[{"href":"https:\/\/devmarshal.eco.br\/anferteste\/wp-json\/wp\/v2\/pages\/3301","targetHints":{"allow":["GET"]}}],"collection":[{"href":"https:\/\/devmarshal.eco.br\/anferteste\/wp-json\/wp\/v2\/pages"}],"about":[{"href":"https:\/\/devmarshal.eco.br\/anferteste\/wp-json\/wp\/v2\/types\/page"}],"author":[{"embeddable":true,"href":"https:\/\/devmarshal.eco.br\/anferteste\/wp-json\/wp\/v2\/users\/1"}],"replies":[{"embeddable":true,"href":"https:\/\/devmarshal.eco.br\/anferteste\/wp-json\/wp\/v2\/comments?post=3301"}],"version-history":[{"count":16,"href":"https:\/\/devmarshal.eco.br\/anferteste\/wp-json\/wp\/v2\/pages\/3301\/revisions"}],"predecessor-version":[{"id":3606,"href":"https:\/\/devmarshal.eco.br\/anferteste\/wp-json\/wp\/v2\/pages\/3301\/revisions\/3606"}],"wp:attachment":[{"href":"https:\/\/devmarshal.eco.br\/anferteste\/wp-json\/wp\/v2\/media?parent=3301"}],"curies":[{"name":"wp","href":"https:\/\/api.w.org\/{rel}","templated":true}]}}