{"id":3295,"date":"2021-07-13T13:31:37","date_gmt":"2021-07-13T16:31:37","guid":{"rendered":"https:\/\/devmarshal.eco.br\/anferteste\/?page_id=3295"},"modified":"2021-10-19T12:27:05","modified_gmt":"2021-10-19T15:27:05","slug":"empresa","status":"publish","type":"page","link":"https:\/\/devmarshal.eco.br\/anferteste\/empresa\/","title":{"rendered":"Empresa"},"content":{"rendered":"<p>[vc_row][vc_column width=&#8221;1\/2&#8243;][vc_video link=&#8221;https:\/\/youtu.be\/rjZ6ZEba7g0&#8243; align=&#8221;center&#8221;][\/vc_column][vc_column width=&#8221;1\/2&#8243;][vc_column_text]<\/p>\n<h1 style=\"text-align: center;\">\u00a0 \u00a0 \u00a0<span style=\"color: #003366;\">Anfer\u00a0<\/span><\/h1>\n<p>[\/vc_column_text]<div id=\"la_heading_69e4a042636ae\" class=\"la-headings text-center\"><div class=\"js-el subheading-tag la-unit-responsive\" style=\"color:#000000\" ><p style=\"text-align: center;\">Fundada em setembro de 1998, a ANFER est\u00e1 instalada na Zona Industrial totalizando uma \u00e1rea de 8000m<sup>2<\/sup>.<\/p>\n<p style=\"text-align: center;\">Com uma equipe altamente capacitada e sempre pronta em prestar o melhor atendimento, disp\u00f5e de modernas instala\u00e7\u00f5es, maquin\u00e1rio de \u00faltima gera\u00e7\u00e3o e completa infraestrutura.<\/p>\n<p style=\"text-align: center;\">A ANFER orgulha-se de estar entre as melhores empresas de seu segmento, fornecendo solu\u00e7\u00f5es e o que h\u00e1 de melhor para a sua opera\u00e7\u00e3o.<\/p>\n<\/div><\/div>\n[\/vc_column][\/vc_row][vc_row][vc_column]<div id=\"la_heading_69e4a04263981\" class=\"la-headings text-center\"><h2 class=\"js-el heading-tag la-unit-responsive\" style=\"color:#051f50;font-family:Cutive;font-weight:400;font-style:normal\" >Nossa Linha do Tempo<\/h2><\/div>\n[vc_column_text]\t\t\t<section id=\"cd-timeline\" class=\"cd-container timeline-express\">\n\n\t\t\t\n<div class=\"cd-timeline-block setembro 01 1998 announcement-3402\">\n\n\t\n\t\t<div class=\"cd-timeline-img cd-picture icon-no-readmore\" style=\"background:#051f50;\">\n\n\t\t\t<!-- Custom Action Hook -->\n\t\t\t\n\t\t\t\t<!-- Standard Font Awesome Icon -->\n\t\t\t\t<span class=\"fa fa-industry\" title=\"1998\"><\/span>\n\n\t\t\t\n\t\t<\/div> <!-- cd-timeline-img -->\n\n\t\n\t<!-- Timeline Content -->\n\t<div class=\"cd-timeline-content\">\n\n\t\t\n\t\t<!-- Announcement Title -->\n\t\t<div class=\"cd-timeline-title-container\">\n\n\t\t\t\n\t\t\t<h2 class=\"cd-timeline-item-title\">\n\t\t\t\t1998\t\t\t<\/h2>\n\n\t\t\t\t\t<\/div>\n\t\t<!-- End Announcement Title -->\n\n\t\t<img loading=\"lazy\" decoding=\"async\" width=\"350\" height=\"120\" src=\"https:\/\/devmarshal.eco.br\/anferteste\/wp-content\/uploads\/2021\/10\/1998-350x120.jpg\" class=\"announcement-banner-image\" alt=\"1998\" \/>\n\t\t<!-- Announcement Excerpt -->\n\t\t<div class=\"the-excerpt\">\n\t\t\t<p>Em 1998 de setembro\u00a0 a Anfer foi fundada pelo Sr. Carlos Jos\u00e9 Alves na cidade de Sorocaba\/SP, iniciava as atividades em um golp\u00e3o na zona norte da cidade.<\/p>\n\t\t<\/div>\n\t\t<!-- End Announcement Excerpt -->\n\n\t\t\n\t<\/div>\n\t<!-- End Timeline Content -->\n\n<\/div>\n<!-- End Timeline Block -->\n\n<div class=\"cd-timeline-block outubro 06 2004 announcement-3545\">\n\n\t\n\t\t<div class=\"cd-timeline-img cd-picture icon-no-readmore\" style=\"background:#051f50;\">\n\n\t\t\t<!-- Custom Action Hook -->\n\t\t\t\n\t\t\t\t<!-- Standard Font Awesome Icon -->\n\t\t\t\t<span class=\"fa fa-industry\" title=\"2004\"><\/span>\n\n\t\t\t\n\t\t<\/div> <!-- cd-timeline-img -->\n\n\t\n\t<!-- Timeline Content -->\n\t<div class=\"cd-timeline-content\">\n\n\t\t\n\t\t<!-- Announcement Title -->\n\t\t<div class=\"cd-timeline-title-container\">\n\n\t\t\t\n\t\t\t<h2 class=\"cd-timeline-item-title\">\n\t\t\t\t2004\t\t\t<\/h2>\n\n\t\t\t\t\t<\/div>\n\t\t<!-- End Announcement Title -->\n\n\t\t<img loading=\"lazy\" decoding=\"async\" width=\"350\" height=\"120\" src=\"https:\/\/devmarshal.eco.br\/anferteste\/wp-content\/uploads\/2021\/10\/2004-350x120.jpg\" class=\"announcement-banner-image\" alt=\"2004\" \/>\n\t\t<!-- Announcement Excerpt -->\n\t\t<div class=\"the-excerpt\">\n\t\t\t<p>Em 2004 a Anfer mudou de barra\u00e7\u00e3o para melhor atender seus clientes localizado na Vila carol em Sorocaba.<\/p>\n\t\t<\/div>\n\t\t<!-- End Announcement Excerpt -->\n\n\t\t\n\t<\/div>\n\t<!-- End Timeline Content -->\n\n<\/div>\n<!-- End Timeline Block -->\n\n<div class=\"cd-timeline-block outubro 09 2008 announcement-3546\">\n\n\t\n\t\t<div class=\"cd-timeline-img cd-picture icon-no-readmore\" style=\"background:#051f50;\">\n\n\t\t\t<!-- Custom Action Hook -->\n\t\t\t\n\t\t\t\t<!-- Standard Font Awesome Icon -->\n\t\t\t\t<span class=\"fa fa-industry\" title=\"2008\"><\/span>\n\n\t\t\t\n\t\t<\/div> <!-- cd-timeline-img -->\n\n\t\n\t<!-- Timeline Content -->\n\t<div class=\"cd-timeline-content\">\n\n\t\t\n\t\t<!-- Announcement Title -->\n\t\t<div class=\"cd-timeline-title-container\">\n\n\t\t\t\n\t\t\t<h2 class=\"cd-timeline-item-title\">\n\t\t\t\t2008\t\t\t<\/h2>\n\n\t\t\t\t\t<\/div>\n\t\t<!-- End Announcement Title -->\n\n\t\t<img loading=\"lazy\" decoding=\"async\" width=\"350\" height=\"120\" src=\"https:\/\/devmarshal.eco.br\/anferteste\/wp-content\/uploads\/2021\/10\/2008-350x120.jpg\" class=\"announcement-banner-image\" alt=\"2008\" \/>\n\t\t<!-- Announcement Excerpt -->\n\t\t<div class=\"the-excerpt\">\n\t\t\t<p>Em 2008 resolvemos ampliar os neg\u00f3cios iniciando o processo de corte e dobra de chapas, contando com mais uma unidade localizada na zona norte da cidade de Sorocaba\/SP em uma das principais avenidas.<\/p>\n\t\t<\/div>\n\t\t<!-- End Announcement Excerpt -->\n\n\t\t\n\t<\/div>\n\t<!-- End Timeline Content -->\n\n<\/div>\n<!-- End Timeline Block -->\n\n<div class=\"cd-timeline-block outubro 15 2011 announcement-3547\">\n\n\t\n\t\t<div class=\"cd-timeline-img cd-picture icon-no-readmore\" style=\"background:#051f50;\">\n\n\t\t\t<!-- Custom Action Hook -->\n\t\t\t\n\t\t\t\t<!-- Standard Font Awesome Icon -->\n\t\t\t\t<span class=\"fa fa-industry\" title=\"2011\"><\/span>\n\n\t\t\t\n\t\t<\/div> <!-- cd-timeline-img -->\n\n\t\n\t<!-- Timeline Content -->\n\t<div class=\"cd-timeline-content\">\n\n\t\t\n\t\t<!-- Announcement Title -->\n\t\t<div class=\"cd-timeline-title-container\">\n\n\t\t\t\n\t\t\t<h2 class=\"cd-timeline-item-title\">\n\t\t\t\t2011\t\t\t<\/h2>\n\n\t\t\t\t\t<\/div>\n\t\t<!-- End Announcement Title -->\n\n\t\t<img loading=\"lazy\" decoding=\"async\" width=\"184\" height=\"120\" src=\"https:\/\/devmarshal.eco.br\/anferteste\/wp-content\/uploads\/2021\/10\/2011-184x120.jpg\" class=\"announcement-banner-image\" alt=\"2011\" \/>\n\t\t<!-- Announcement Excerpt -->\n\t\t<div class=\"the-excerpt\">\n\t\t\t<p>Em 2011 de maio, a empresa transferiu suas instala\u00e7\u00f5es para a zona industrial da cidade, contato com uma infraestrutura moderna e maquin\u00e1rios de \u00faltima gera\u00e7\u00e3o para melhor atender seus clientes, fornecedores e colaboradores.<\/p>\n\t\t<\/div>\n\t\t<!-- End Announcement Excerpt -->\n\n\t\t\n\t<\/div>\n\t<!-- End Timeline Content -->\n\n<\/div>\n<!-- End Timeline Block -->\n\n<div class=\"cd-timeline-block outubro 19 2021 announcement-3548\">\n\n\t\n\t\t<div class=\"cd-timeline-img cd-picture icon-no-readmore\" style=\"background:#051f50;\">\n\n\t\t\t<!-- Custom Action Hook -->\n\t\t\t\n\t\t\t\t<!-- Standard Font Awesome Icon -->\n\t\t\t\t<span class=\"fa fa-industry\" title=\"2021\"><\/span>\n\n\t\t\t\n\t\t<\/div> <!-- cd-timeline-img -->\n\n\t\n\t<!-- Timeline Content -->\n\t<div class=\"cd-timeline-content\">\n\n\t\t\n\t\t<!-- Announcement Title -->\n\t\t<div class=\"cd-timeline-title-container\">\n\n\t\t\t\n\t\t\t<h2 class=\"cd-timeline-item-title\">\n\t\t\t\t2021\t\t\t<\/h2>\n\n\t\t\t\t\t<\/div>\n\t\t<!-- End Announcement Title -->\n\n\t\t<img loading=\"lazy\" decoding=\"async\" width=\"350\" height=\"120\" src=\"https:\/\/devmarshal.eco.br\/anferteste\/wp-content\/uploads\/2021\/10\/FACHADA-NOVA-ANFER-350x120.png\" class=\"announcement-banner-image\" alt=\"2021\" \/>\n\t\t<!-- Announcement Excerpt -->\n\t\t<div class=\"the-excerpt\">\n\t\t\t<p>Em 2021 conclu\u00edmos a amplia\u00e7\u00e3o de nossas estruturas incluindo um novo galp\u00e3o, exclusivo para produ\u00e7\u00e3o de telhas termo ac\u00fasticas.<\/p>\n\t\t<\/div>\n\t\t<!-- End Announcement Excerpt -->\n\n\t\t\n\t<\/div>\n\t<!-- End Timeline Content -->\n\n<\/div>\n<!-- End Timeline Block -->\n\n\t\t\t<\/section>\n\n\t\t\t<!-- Timeline Express Free v1.8.1 | Site: https:\/\/www.wp-timelineexpress.com | Author: CodeParrots - http:\/\/www.codeparrots.com -->[\/vc_column_text][\/vc_column][\/vc_row][vc_row][vc_column][\/vc_column][\/vc_row]<\/p>\n","protected":false},"excerpt":{"rendered":"<p>[vc_row][vc_column width=&#8221;1\/2&#8243;][vc_video link=&#8221;https:\/\/youtu.be\/rjZ6ZEba7g0&#8243; align=&#8221;center&#8221;][\/vc_column][vc_column width=&#8221;1\/2&#8243;][vc_column_text] \u00a0 \u00a0 \u00a0Anfer\u00a0 [\/vc_column_text][\/vc_column][\/vc_row][vc_row][vc_column][vc_column_text][\/vc_column_text][\/vc_column][\/vc_row][vc_row][vc_column][\/vc_column][\/vc_row]<\/p>\n","protected":false},"author":1,"featured_media":0,"parent":0,"menu_order":0,"comment_status":"closed","ping_status":"closed","template":"","meta":{"footnotes":""},"class_list":["post-3295","page","type-page","status-publish","hentry"],"_links":{"self":[{"href":"https:\/\/devmarshal.eco.br\/anferteste\/wp-json\/wp\/v2\/pages\/3295","targetHints":{"allow":["GET"]}}],"collection":[{"href":"https:\/\/devmarshal.eco.br\/anferteste\/wp-json\/wp\/v2\/pages"}],"about":[{"href":"https:\/\/devmarshal.eco.br\/anferteste\/wp-json\/wp\/v2\/types\/page"}],"author":[{"embeddable":true,"href":"https:\/\/devmarshal.eco.br\/anferteste\/wp-json\/wp\/v2\/users\/1"}],"replies":[{"embeddable":true,"href":"https:\/\/devmarshal.eco.br\/anferteste\/wp-json\/wp\/v2\/comments?post=3295"}],"version-history":[{"count":15,"href":"https:\/\/devmarshal.eco.br\/anferteste\/wp-json\/wp\/v2\/pages\/3295\/revisions"}],"predecessor-version":[{"id":3557,"href":"https:\/\/devmarshal.eco.br\/anferteste\/wp-json\/wp\/v2\/pages\/3295\/revisions\/3557"}],"wp:attachment":[{"href":"https:\/\/devmarshal.eco.br\/anferteste\/wp-json\/wp\/v2\/media?parent=3295"}],"curies":[{"name":"wp","href":"https:\/\/api.w.org\/{rel}","templated":true}]}}